{"id":987,"date":"2024-09-07T23:07:06","date_gmt":"2024-09-08T03:07:06","guid":{"rendered":"https:\/\/dyslexiacanada.org\/quest-ce-que-la-dyslexie\/"},"modified":"2025-05-19T17:11:36","modified_gmt":"2025-05-19T21:11:36","slug":"quest-ce-que-la-dyslexie","status":"publish","type":"page","link":"https:\/\/dyslexiacanada.org\/fr\/quest-ce-que-la-dyslexie\/","title":{"rendered":"Qu&rsquo;est-ce que la dyslexie ?"},"content":{"rendered":"\t\t<div data-elementor-type=\"wp-page\" data-elementor-id=\"987\" class=\"elementor elementor-987\" data-elementor-post-type=\"page\">\n\t\t\t\t<div class=\"elementor-element elementor-element-1b543042 e-flex e-con-boxed e-con e-parent\" data-id=\"1b543042\" data-element_type=\"container\" data-e-type=\"container\">\n\t\t\t\t\t<div class=\"e-con-inner\">\n\t\t<div class=\"elementor-element elementor-element-a164ebc e-con-full elementor-hidden-mobile e-flex e-con e-child\" data-id=\"a164ebc\" data-element_type=\"container\" data-e-type=\"container\" data-settings=\"{&quot;background_background&quot;:&quot;classic&quot;}\">\n\t\t\t\t<div class=\"elementor-element elementor-element-541e3ca9 elementor-widget elementor-widget-heading\" data-id=\"541e3ca9\" data-element_type=\"widget\" data-e-type=\"widget\" data-widget_type=\"heading.default\">\n\t\t\t\t<div class=\"elementor-widget-container\">\n\t\t\t\t\t<h1 class=\"elementor-heading-title elementor-size-default\">L'essentiel sur la dyslexie<\/h1>\t\t\t\t<\/div>\n\t\t\t\t<\/div>\n\t\t\t\t<div class=\"elementor-element elementor-element-1d9a664b elementor-nav-menu--dropdown-none elementor-widget elementor-widget-nav-menu\" data-id=\"1d9a664b\" data-element_type=\"widget\" data-e-type=\"widget\" data-settings=\"{&quot;layout&quot;:&quot;vertical&quot;,&quot;submenu_icon&quot;:{&quot;value&quot;:&quot;&lt;svg aria-hidden=\\&quot;true\\&quot; class=\\&quot;e-font-icon-svg e-fas-angle-down\\&quot; viewBox=\\&quot;0 0 320 512\\&quot; xmlns=\\&quot;http:\\\/\\\/www.w3.org\\\/2000\\\/svg\\&quot;&gt;&lt;path d=\\&quot;M143 352.3L7 216.3c-9.4-9.4-9.4-24.6 0-33.9l22.6-22.6c9.4-9.4 24.6-9.4 33.9 0l96.4 96.4 96.4-96.4c9.4-9.4 24.6-9.4 33.9 0l22.6 22.6c9.4 9.4 9.4 24.6 0 33.9l-136 136c-9.2 9.4-24.4 9.4-33.8 0z\\&quot;&gt;&lt;\\\/path&gt;&lt;\\\/svg&gt;&quot;,&quot;library&quot;:&quot;fa-solid&quot;}}\" data-widget_type=\"nav-menu.default\">\n\t\t\t\t<div class=\"elementor-widget-container\">\n\t\t\t\t\t\t\t\t<nav aria-label=\"Menu\" class=\"elementor-nav-menu--main elementor-nav-menu__container elementor-nav-menu--layout-vertical e--pointer-background e--animation-fade\">\n\t\t\t\t<ul id=\"menu-1-1d9a664b\" class=\"elementor-nav-menu sm-vertical\"><li class=\"menu-item menu-item-type-post_type menu-item-object-page menu-item-1702\"><a href=\"https:\/\/dyslexiacanada.org\/about-dyslexia\/dyslexia-basics\/what-is-dyslexia\/\" class=\"elementor-item\">Qu&rsquo;est-ce que la dyslexie ?<\/a><\/li>\n<li class=\"menu-item menu-item-type-post_type menu-item-object-page menu-item-1701\"><a href=\"https:\/\/dyslexiacanada.org\/about-dyslexia\/dyslexia-basics\/signs-symptoms\/\" class=\"elementor-item\">Signes et sympt\u00f4mes<\/a><\/li>\n<li class=\"menu-item menu-item-type-post_type menu-item-object-page menu-item-1700\"><a href=\"https:\/\/dyslexiacanada.org\/about-dyslexia\/dyslexia-basics\/myths-misconceptions\/\" class=\"elementor-item\">Mythes et id\u00e9es fausses<\/a><\/li>\n<\/ul>\t\t\t<\/nav>\n\t\t\t\t\t\t<nav class=\"elementor-nav-menu--dropdown elementor-nav-menu__container\" aria-hidden=\"true\">\n\t\t\t\t<ul id=\"menu-2-1d9a664b\" class=\"elementor-nav-menu sm-vertical\"><li class=\"menu-item menu-item-type-post_type menu-item-object-page menu-item-1702\"><a href=\"https:\/\/dyslexiacanada.org\/about-dyslexia\/dyslexia-basics\/what-is-dyslexia\/\" class=\"elementor-item\" tabindex=\"-1\">Qu&rsquo;est-ce que la dyslexie ?<\/a><\/li>\n<li class=\"menu-item menu-item-type-post_type menu-item-object-page menu-item-1701\"><a href=\"https:\/\/dyslexiacanada.org\/about-dyslexia\/dyslexia-basics\/signs-symptoms\/\" class=\"elementor-item\" tabindex=\"-1\">Signes et sympt\u00f4mes<\/a><\/li>\n<li class=\"menu-item menu-item-type-post_type menu-item-object-page menu-item-1700\"><a href=\"https:\/\/dyslexiacanada.org\/about-dyslexia\/dyslexia-basics\/myths-misconceptions\/\" class=\"elementor-item\" tabindex=\"-1\">Mythes et id\u00e9es fausses<\/a><\/li>\n<\/ul>\t\t\t<\/nav>\n\t\t\t\t\t\t<\/div>\n\t\t\t\t<\/div>\n\t\t\t\t<div class=\"elementor-element elementor-element-682d2791 elementor-widget elementor-widget-heading\" data-id=\"682d2791\" data-element_type=\"widget\" data-e-type=\"widget\" data-widget_type=\"heading.default\">\n\t\t\t\t<div class=\"elementor-widget-container\">\n\t\t\t\t\t<h3 class=\"elementor-heading-title elementor-size-default\">L'\u00e9valuation<\/h3>\t\t\t\t<\/div>\n\t\t\t\t<\/div>\n\t\t\t\t<div class=\"elementor-element elementor-element-bc6b980 elementor-nav-menu--dropdown-none elementor-widget elementor-widget-nav-menu\" data-id=\"bc6b980\" data-element_type=\"widget\" data-e-type=\"widget\" data-settings=\"{&quot;layout&quot;:&quot;vertical&quot;,&quot;submenu_icon&quot;:{&quot;value&quot;:&quot;&lt;svg aria-hidden=\\&quot;true\\&quot; class=\\&quot;e-font-icon-svg e-fas-angle-down\\&quot; viewBox=\\&quot;0 0 320 512\\&quot; xmlns=\\&quot;http:\\\/\\\/www.w3.org\\\/2000\\\/svg\\&quot;&gt;&lt;path d=\\&quot;M143 352.3L7 216.3c-9.4-9.4-9.4-24.6 0-33.9l22.6-22.6c9.4-9.4 24.6-9.4 33.9 0l96.4 96.4 96.4-96.4c9.4-9.4 24.6-9.4 33.9 0l22.6 22.6c9.4 9.4 9.4 24.6 0 33.9l-136 136c-9.2 9.4-24.4 9.4-33.8 0z\\&quot;&gt;&lt;\\\/path&gt;&lt;\\\/svg&gt;&quot;,&quot;library&quot;:&quot;fa-solid&quot;}}\" data-widget_type=\"nav-menu.default\">\n\t\t\t\t<div class=\"elementor-widget-container\">\n\t\t\t\t\t\t\t\t<nav aria-label=\"Menu\" class=\"elementor-nav-menu--main elementor-nav-menu__container elementor-nav-menu--layout-vertical e--pointer-background e--animation-fade\">\n\t\t\t\t<ul id=\"menu-1-bc6b980\" class=\"elementor-nav-menu sm-vertical\"><li class=\"menu-item menu-item-type-post_type menu-item-object-page menu-item-1705\"><a href=\"https:\/\/dyslexiacanada.org\/about-dyslexia\/screening-diagnosis\/universal-screening\/\" class=\"elementor-item\">D\u00e9pistage universel<\/a><\/li>\n<li class=\"menu-item menu-item-type-post_type menu-item-object-page menu-item-1704\"><a href=\"https:\/\/dyslexiacanada.org\/about-dyslexia\/screening-diagnosis\/psychoeducational-assessments\/\" class=\"elementor-item\">\u00c9valuations psycho\u00e9ducatives<\/a><\/li>\n<li class=\"menu-item menu-item-type-post_type menu-item-object-page menu-item-1703\"><a href=\"https:\/\/dyslexiacanada.org\/about-dyslexia\/screening-diagnosis\/assessments-for-adults\/\" class=\"elementor-item\">\u00c9valuations pour les adultes<\/a><\/li>\n<\/ul>\t\t\t<\/nav>\n\t\t\t\t\t\t<nav class=\"elementor-nav-menu--dropdown elementor-nav-menu__container\" aria-hidden=\"true\">\n\t\t\t\t<ul id=\"menu-2-bc6b980\" class=\"elementor-nav-menu sm-vertical\"><li class=\"menu-item menu-item-type-post_type menu-item-object-page menu-item-1705\"><a href=\"https:\/\/dyslexiacanada.org\/about-dyslexia\/screening-diagnosis\/universal-screening\/\" class=\"elementor-item\" tabindex=\"-1\">D\u00e9pistage universel<\/a><\/li>\n<li class=\"menu-item menu-item-type-post_type menu-item-object-page menu-item-1704\"><a href=\"https:\/\/dyslexiacanada.org\/about-dyslexia\/screening-diagnosis\/psychoeducational-assessments\/\" class=\"elementor-item\" tabindex=\"-1\">\u00c9valuations psycho\u00e9ducatives<\/a><\/li>\n<li class=\"menu-item menu-item-type-post_type menu-item-object-page menu-item-1703\"><a href=\"https:\/\/dyslexiacanada.org\/about-dyslexia\/screening-diagnosis\/assessments-for-adults\/\" class=\"elementor-item\" tabindex=\"-1\">\u00c9valuations pour les adultes<\/a><\/li>\n<\/ul>\t\t\t<\/nav>\n\t\t\t\t\t\t<\/div>\n\t\t\t\t<\/div>\n\t\t\t\t<div class=\"elementor-element elementor-element-6d822d0d elementor-widget elementor-widget-heading\" data-id=\"6d822d0d\" data-element_type=\"widget\" data-e-type=\"widget\" data-widget_type=\"heading.default\">\n\t\t\t\t<div class=\"elementor-widget-container\">\n\t\t\t\t\t<h3 class=\"elementor-heading-title elementor-size-default\">Comprendre comment nous lisons<\/h3>\t\t\t\t<\/div>\n\t\t\t\t<\/div>\n\t\t\t\t<div class=\"elementor-element elementor-element-b4cd401 elementor-nav-menu--dropdown-none elementor-widget elementor-widget-nav-menu\" data-id=\"b4cd401\" data-element_type=\"widget\" data-e-type=\"widget\" data-settings=\"{&quot;layout&quot;:&quot;vertical&quot;,&quot;submenu_icon&quot;:{&quot;value&quot;:&quot;&lt;svg aria-hidden=\\&quot;true\\&quot; class=\\&quot;e-font-icon-svg e-fas-angle-down\\&quot; viewBox=\\&quot;0 0 320 512\\&quot; xmlns=\\&quot;http:\\\/\\\/www.w3.org\\\/2000\\\/svg\\&quot;&gt;&lt;path d=\\&quot;M143 352.3L7 216.3c-9.4-9.4-9.4-24.6 0-33.9l22.6-22.6c9.4-9.4 24.6-9.4 33.9 0l96.4 96.4 96.4-96.4c9.4-9.4 24.6-9.4 33.9 0l22.6 22.6c9.4 9.4 9.4 24.6 0 33.9l-136 136c-9.2 9.4-24.4 9.4-33.8 0z\\&quot;&gt;&lt;\\\/path&gt;&lt;\\\/svg&gt;&quot;,&quot;library&quot;:&quot;fa-solid&quot;}}\" data-widget_type=\"nav-menu.default\">\n\t\t\t\t<div class=\"elementor-widget-container\">\n\t\t\t\t\t\t\t\t<nav aria-label=\"Menu\" class=\"elementor-nav-menu--main elementor-nav-menu__container elementor-nav-menu--layout-vertical e--pointer-background e--animation-fade\">\n\t\t\t\t<ul id=\"menu-1-b4cd401\" class=\"elementor-nav-menu sm-vertical\"><li class=\"menu-item menu-item-type-post_type menu-item-object-page menu-item-1708\"><a href=\"https:\/\/dyslexiacanada.org\/about-dyslexia\/understanding-reading\/reading-development\/\" class=\"elementor-item\">D\u00e9veloppement de la lecture<\/a><\/li>\n<li class=\"menu-item menu-item-type-post_type menu-item-object-page menu-item-1707\"><a href=\"https:\/\/dyslexiacanada.org\/about-dyslexia\/understanding-reading\/effective-reading-instruction\/\" class=\"elementor-item\">Enseignement efficace de la lecture<\/a><\/li>\n<li class=\"menu-item menu-item-type-post_type menu-item-object-page menu-item-1706\"><a href=\"https:\/\/dyslexiacanada.org\/about-dyslexia\/understanding-reading\/myths-misconceptions\/\" class=\"elementor-item\">Mythes et id\u00e9es fausses<\/a><\/li>\n<\/ul>\t\t\t<\/nav>\n\t\t\t\t\t\t<nav class=\"elementor-nav-menu--dropdown elementor-nav-menu__container\" aria-hidden=\"true\">\n\t\t\t\t<ul id=\"menu-2-b4cd401\" class=\"elementor-nav-menu sm-vertical\"><li class=\"menu-item menu-item-type-post_type menu-item-object-page menu-item-1708\"><a href=\"https:\/\/dyslexiacanada.org\/about-dyslexia\/understanding-reading\/reading-development\/\" class=\"elementor-item\" tabindex=\"-1\">D\u00e9veloppement de la lecture<\/a><\/li>\n<li class=\"menu-item menu-item-type-post_type menu-item-object-page menu-item-1707\"><a href=\"https:\/\/dyslexiacanada.org\/about-dyslexia\/understanding-reading\/effective-reading-instruction\/\" class=\"elementor-item\" tabindex=\"-1\">Enseignement efficace de la lecture<\/a><\/li>\n<li class=\"menu-item menu-item-type-post_type menu-item-object-page menu-item-1706\"><a href=\"https:\/\/dyslexiacanada.org\/about-dyslexia\/understanding-reading\/myths-misconceptions\/\" class=\"elementor-item\" tabindex=\"-1\">Mythes et id\u00e9es fausses<\/a><\/li>\n<\/ul>\t\t\t<\/nav>\n\t\t\t\t\t\t<\/div>\n\t\t\t\t<\/div>\n\t\t\t\t<\/div>\n\t\t<div class=\"elementor-element elementor-element-29a884cd e-con-full e-flex e-con e-child\" data-id=\"29a884cd\" data-element_type=\"container\" data-e-type=\"container\">\n\t\t\t\t<div class=\"elementor-element elementor-element-6f107ec elementor-widget elementor-widget-video\" data-id=\"6f107ec\" data-element_type=\"widget\" data-e-type=\"widget\" data-settings=\"{&quot;youtube_url&quot;:&quot;https:\\\/\\\/youtu.be\\\/ayGVZ30V-24?si=AZwj9B8p24XJg_GV&quot;,&quot;video_type&quot;:&quot;youtube&quot;,&quot;controls&quot;:&quot;yes&quot;}\" data-widget_type=\"video.default\">\n\t\t\t\t<div class=\"elementor-widget-container\">\n\t\t\t\t\t\t\t<div class=\"elementor-wrapper elementor-open-inline\">\n\t\t\t<div class=\"elementor-video\"><\/div>\t\t<\/div>\n\t\t\t\t\t\t<\/div>\n\t\t\t\t<\/div>\n\t\t<div class=\"elementor-element elementor-element-827913b e-con-full e-flex e-con e-child\" data-id=\"827913b\" data-element_type=\"container\" data-e-type=\"container\">\n\t\t\t\t<div class=\"elementor-element elementor-element-5c94f60 elementor-widget__width-initial elementor-widget elementor-widget-text-editor\" data-id=\"5c94f60\" data-element_type=\"widget\" data-e-type=\"widget\" data-widget_type=\"text-editor.default\">\n\t\t\t\t<div class=\"elementor-widget-container\">\n\t\t\t\t\t\t\t\t\t<h1>Qu&rsquo;est-ce que la dyslexie ?<\/h1><p>La dyslexie est un trouble de l&rsquo;apprentissage qui affecte la fa\u00e7on dont le cerveau traite la lecture et le langage. En milieu scolaire, il est essentiel de comprendre que les \u00e9l\u00e8ves dyslexiques peuvent rencontrer des difficult\u00e9s dans des domaines tels que la lecture, l&rsquo;orthographe et l&rsquo;\u00e9criture. Avec un soutien et des am\u00e9nagements appropri\u00e9s, ces \u00e9l\u00e8ves peuvent r\u00e9ussir sur le plan scolaire et atteindre leur plein potentiel.<\/p>\t\t\t\t\t\t\t\t<\/div>\n\t\t\t\t<\/div>\n\t\t\t\t<\/div>\n\t\t<div class=\"elementor-element elementor-element-1c1bf86c e-con-full e-flex e-con e-child\" data-id=\"1c1bf86c\" data-element_type=\"container\" data-e-type=\"container\">\n\t\t\t\t<div class=\"elementor-element elementor-element-35acb05a elementor-widget elementor-widget-image\" data-id=\"35acb05a\" data-element_type=\"widget\" data-e-type=\"widget\" data-widget_type=\"image.default\">\n\t\t\t\t<div class=\"elementor-widget-container\">\n\t\t\t\t\t\t\t\t\t\t\t\t\t\t\t<img decoding=\"async\" src=\"https:\/\/dyslexiacanada.org\/wp-content\/uploads\/elementor\/thumbs\/2024-SMM-Fun-Facts-Posts-qts20f6prlcfa4mq35vkc1tr03ijwlkcqhsvr3n4w8.png\" title=\"2024 SMM Fun Facts Posts\" alt=\"2024 SMM Fun Facts Posts\" loading=\"lazy\" \/>\t\t\t\t\t\t\t\t\t\t\t\t\t\t\t<\/div>\n\t\t\t\t<\/div>\n\t\t\t\t<div class=\"elementor-element elementor-element-25b88168 elementor-widget__width-initial elementor-widget elementor-widget-text-editor\" data-id=\"25b88168\" data-element_type=\"widget\" data-e-type=\"widget\" data-widget_type=\"text-editor.default\">\n\t\t\t\t<div class=\"elementor-widget-container\">\n\t\t\t\t\t\t\t\t\t<h1>Quelle est la fr\u00e9quence de la dyslexie ?<\/h1><p><strong>On estime que la dyslexie a un impact sur<\/strong><\/p><ul><li>10 &#8211; 20% de la population<br>Environ 750 000 enfants au Canada<\/li><li>2 \u00e0 4 enfants dans chaque classe canadienne<\/li><\/ul>\t\t\t\t\t\t\t\t<\/div>\n\t\t\t\t<\/div>\n\t\t\t\t<\/div>\n\t\t<div class=\"elementor-element elementor-element-3b76c53 e-con-full e-flex e-con e-child\" data-id=\"3b76c53\" data-element_type=\"container\" data-e-type=\"container\">\n\t\t\t\t<div class=\"elementor-element elementor-element-5674f854 elementor-widget__width-initial elementor-widget elementor-widget-text-editor\" data-id=\"5674f854\" data-element_type=\"widget\" data-e-type=\"widget\" data-widget_type=\"text-editor.default\">\n\t\t\t\t<div class=\"elementor-widget-container\">\n\t\t\t\t\t\t\t\t\t<h1>Comment la dyslexie affecte-t-elle les gens ?<\/h1><p>Les personnes atteintes de dyslexie ont des difficult\u00e9s \u00e0 :<\/p><ul><li>Lire les mots avec pr\u00e9cision<\/li><li>Lire \u00e0 haute voix avec fluidit\u00e9, en s&rsquo;exprimant \u00e0 un rythme appropri\u00e9<\/li><li>Comprendre un texte \u00e9crit \u00e0 leur niveau scolaire<\/li><li>Orthographier correctement les mots<\/li><li>Utiliser une grammaire conventionnelle<\/li><li>Exprimer ses id\u00e9es par \u00e9crit<\/li><\/ul><h1>Pourquoi le mot \u00ab\u00a0dyslexie\u00a0\u00bb n&rsquo;est-il pas utilis\u00e9 dans mon \u00e9cole ?<\/h1><p>Bien que la dyslexie soit tr\u00e8s r\u00e9pandue, le mot n&rsquo;est pas souvent utilis\u00e9 dans le syst\u00e8me \u00e9ducatif canadien. Au lieu de cela, on utilise souvent les termes plus g\u00e9n\u00e9raux de \u00ab\u00a0<strong>trouble sp\u00e9cifique de l&rsquo;apprentissage<\/strong>\u00a0\u00bb ou de \u00ab\u00a0<strong>trouble de l&rsquo;apprentissage<\/strong>\u00ab\u00a0. Dans les deux cas, si les difficult\u00e9s sp\u00e9cifiques sont li\u00e9es \u00e0 la lecture ou \u00e0 l&rsquo;orthographe des mots avec pr\u00e9cision et rapidit\u00e9, il s&rsquo;agit d&rsquo;une dyslexie.<\/p><p>Dans les ann\u00e9es 1960, des parents se sont battus pour \u00e9tablir le concept de troubles de l&rsquo;apprentissage afin de garantir \u00e0 leurs enfants dyslexiques le droit l\u00e9gal \u00e0 des am\u00e9nagements et \u00e0 un soutien \u00e0 l&rsquo;\u00e9cole. Trouble d&rsquo;apprentissage est maintenant un terme l\u00e9gal d\u00e9fini dans les politiques provinciales et utilis\u00e9 dans la plupart des \u00e9coles, et il est souvent utilis\u00e9 lorsque l&rsquo;\u00e9valuation est effectu\u00e9e par un psychologue employ\u00e9 par un district scolaire.<\/p><p>Le <strong>trouble sp\u00e9cifique de l&rsquo;apprentissage<\/strong> est un terme m\u00e9dical figurant dans le Manuel diagnostique et statistique des troubles mentaux (DSM-5). Les psychologues priv\u00e9s utilisent souvent ce terme dans leurs \u00e9valuations. Les lignes directrices du DSM-5 \u00e0 l&rsquo;intention des psychologues pr\u00e9cisent que la dyslexie peut \u00eatre utilis\u00e9e comme terme alternatif pour les probl\u00e8mes de fluidit\u00e9 ou de pr\u00e9cision de la lecture des mots, de d\u00e9codage et d&rsquo;orthographe.<\/p><h1>Puis-je demander que le terme \u00ab\u00a0dyslexie\u00a0\u00bb soit utilis\u00e9 \u00e0 l&rsquo;\u00e9cole ?<\/h1><p>L&rsquo;utilisation du terme \u00ab\u00a0dyslexie\u00a0\u00bb est un choix personnel. Il pr\u00e9sente l&rsquo;avantage d&rsquo;\u00eatre plus sp\u00e9cifique, ce qui permet de mieux comprendre les interventions et les aides dont l&rsquo;enfant a besoin. De nombreuses personnes n&rsquo;aiment pas les termes \u00ab\u00a0handicap\u00a0\u00bb ou \u00ab\u00a0trouble\u00a0\u00bb car elles estiment que la dyslexie est une diff\u00e9rence dans la mani\u00e8re d&rsquo;apprendre, et non un d\u00e9faut ou une incapacit\u00e9 \u00e0 apprendre. En fin de compte, les termes que vous utilisez vous appartiennent et l&rsquo;\u00e9cole doit respecter votre choix et celui de votre enfant. La Commission ontarienne des droits de la personne a not\u00e9 dans son rapport sur le droit de lire que \u00ab\u00a0selon le code, l&rsquo;auto-identification pr\u00e9f\u00e9r\u00e9e des personnes doit \u00eatre respect\u00e9e et reconnue\u00a0\u00bb et a recommand\u00e9 que la province de l&rsquo;Ontario reconnaisse et utilise officiellement le terme \u00ab\u00a0dyslexie\u00a0\u00bb lorsque cela est appropri\u00e9.<\/p>\t\t\t\t\t\t\t\t<\/div>\n\t\t\t\t<\/div>\n\t\t\t\t<\/div>\n\t\t\t\t<\/div>\n\t\t\t\t\t<\/div>\n\t\t\t\t<\/div>\n\t\t<div class=\"elementor-element elementor-element-fa423eb e-flex e-con-boxed e-con e-parent\" data-id=\"fa423eb\" data-element_type=\"container\" data-e-type=\"container\">\n\t\t\t\t\t<div class=\"e-con-inner\">\n\t\t\t\t\t<\/div>\n\t\t\t\t<\/div>\n\t\t\t\t<\/div>\n\t\t","protected":false},"excerpt":{"rendered":"<p>L&rsquo;essentiel sur la dyslexie L&rsquo;\u00e9valuation Comprendre comment nous lisons https:\/\/youtu.be\/ayGVZ30V-24?si=AZwj9B8p24XJg_GV Qu&rsquo;est-ce que la dyslexie ? La dyslexie est un trouble de l&rsquo;apprentissage qui affecte la fa\u00e7on dont le cerveau traite [&hellip;]<\/p>\n","protected":false},"author":3,"featured_media":937,"parent":0,"menu_order":0,"comment_status":"closed","ping_status":"closed","template":"elementor_theme","meta":{"footnotes":""},"class_list":["post-987","page","type-page","status-publish","has-post-thumbnail","hentry"],"_links":{"self":[{"href":"https:\/\/dyslexiacanada.org\/fr\/wp-json\/wp\/v2\/pages\/987","targetHints":{"allow":["GET"]}}],"collection":[{"href":"https:\/\/dyslexiacanada.org\/fr\/wp-json\/wp\/v2\/pages"}],"about":[{"href":"https:\/\/dyslexiacanada.org\/fr\/wp-json\/wp\/v2\/types\/page"}],"author":[{"embeddable":true,"href":"https:\/\/dyslexiacanada.org\/fr\/wp-json\/wp\/v2\/users\/3"}],"replies":[{"embeddable":true,"href":"https:\/\/dyslexiacanada.org\/fr\/wp-json\/wp\/v2\/comments?post=987"}],"version-history":[{"count":4,"href":"https:\/\/dyslexiacanada.org\/fr\/wp-json\/wp\/v2\/pages\/987\/revisions"}],"predecessor-version":[{"id":1036,"href":"https:\/\/dyslexiacanada.org\/fr\/wp-json\/wp\/v2\/pages\/987\/revisions\/1036"}],"wp:featuredmedia":[{"embeddable":true,"href":"https:\/\/dyslexiacanada.org\/fr\/wp-json\/wp\/v2\/media\/937"}],"wp:attachment":[{"href":"https:\/\/dyslexiacanada.org\/fr\/wp-json\/wp\/v2\/media?parent=987"}],"curies":[{"name":"wp","href":"https:\/\/api.w.org\/{rel}","templated":true}]}}