{"id":5984,"date":"2024-09-06T23:36:27","date_gmt":"2024-09-07T03:36:27","guid":{"rendered":"https:\/\/dyslexiacanada.org\/participez\/differentes-facons-de-donner\/"},"modified":"2025-11-24T10:42:58","modified_gmt":"2025-11-24T15:42:58","slug":"differentes-facons-de-donner","status":"publish","type":"page","link":"https:\/\/dyslexiacanada.org\/fr\/participez\/differentes-facons-de-donner\/","title":{"rendered":"Diff\u00e9rentes fa\u00e7ons de donner"},"content":{"rendered":"\t\t<div data-elementor-type=\"wp-page\" data-elementor-id=\"5984\" class=\"elementor elementor-5984 elementor-24\" data-elementor-post-type=\"page\">\n\t\t\t\t<div class=\"elementor-element elementor-element-ff5b25f e-flex e-con-boxed e-con e-parent\" data-id=\"ff5b25f\" data-element_type=\"container\">\n\t\t\t\t\t<div class=\"e-con-inner\">\n\t\t<div class=\"elementor-element elementor-element-b79661e e-con-full e-flex e-con e-child\" data-id=\"b79661e\" data-element_type=\"container\">\n\t\t<div class=\"elementor-element elementor-element-f38ca31 e-con-full elementor-hidden-mobile e-flex e-con e-child\" data-id=\"f38ca31\" data-element_type=\"container\" data-settings=\"{&quot;sticky&quot;:&quot;top&quot;,&quot;sticky_offset&quot;:100,&quot;sticky_parent&quot;:&quot;yes&quot;,&quot;animation&quot;:&quot;none&quot;,&quot;sticky_on&quot;:[&quot;desktop&quot;,&quot;tablet&quot;,&quot;mobile&quot;],&quot;sticky_effects_offset&quot;:0,&quot;sticky_anchor_link_offset&quot;:0}\">\n\t\t\t\t<div class=\"elementor-element elementor-element-9e94e18 elementor-widget elementor-widget-text-editor\" data-id=\"9e94e18\" data-element_type=\"widget\" data-widget_type=\"text-editor.default\">\n\t\t\t\t<div class=\"elementor-widget-container\">\n\t\t\t\t\t\t\t\t\t<p>Votre don permettra \u00e0 chaque enfant dyslexique au Canada d&rsquo;avoir acc\u00e8s \u00e0 une \u00e9ducation utile et \u00e9quitable.<\/p>\t\t\t\t\t\t\t\t<\/div>\n\t\t\t\t<\/div>\n\t\t\t\t<div class=\"elementor-element elementor-element-0369920 elementor-align-center elementor-widget elementor-widget-button\" data-id=\"0369920\" data-element_type=\"widget\" data-widget_type=\"button.default\">\n\t\t\t\t<div class=\"elementor-widget-container\">\n\t\t\t\t\t\t\t\t\t<div class=\"elementor-button-wrapper\">\n\t\t\t\t\t<a class=\"elementor-button elementor-button-link elementor-size-sm\" href=\"https:\/\/dodgerblue-mandrill-391863.hostingersite.com\/donate\/\" target=\"_blank\" rel=\"noopener\">\n\t\t\t\t\t\t<span class=\"elementor-button-content-wrapper\">\n\t\t\t\t\t\t\t\t\t<span class=\"elementor-button-text\">Faire un don<\/span>\n\t\t\t\t\t<\/span>\n\t\t\t\t\t<\/a>\n\t\t\t\t<\/div>\n\t\t\t\t\t\t\t\t<\/div>\n\t\t\t\t<\/div>\n\t\t\t\t<\/div>\n\t\t<div class=\"elementor-element elementor-element-f409f0f e-con-full e-flex e-con e-child\" data-id=\"f409f0f\" data-element_type=\"container\">\n\t\t<div class=\"elementor-element elementor-element-ca0df4d e-con-full e-flex e-con e-child\" data-id=\"ca0df4d\" data-element_type=\"container\">\n\t\t\t\t<div class=\"elementor-element elementor-element-591a2c8 elementor-widget elementor-widget-text-editor\" data-id=\"591a2c8\" data-element_type=\"widget\" data-widget_type=\"text-editor.default\">\n\t\t\t\t<div class=\"elementor-widget-container\">\n\t\t\t\t\t\t\t\t\t<h3><b>Cadeau unique<\/b><\/h3><p>Faites un don aujourd&rsquo;hui, que ce soit \u00e0 titre personnel ou au nom d&rsquo;une entreprise. Qu&rsquo;il soit petit ou grand, votre don aidera directement les enfants atteints de dyslexie cette ann\u00e9e. <\/p><p><a href=\"https:\/\/dyslexiacanada.org\/fr\/faire-un-don\/\"><span style=\"font-weight: 400;\">Faites un don aujourd&rsquo;hui.<\/span><\/a><\/p>\t\t\t\t\t\t\t\t<\/div>\n\t\t\t\t<\/div>\n\t\t\t\t<\/div>\n\t\t<div class=\"elementor-element elementor-element-3c33d40 e-con-full e-flex e-con e-child\" data-id=\"3c33d40\" data-element_type=\"container\">\n\t\t\t\t<div class=\"elementor-element elementor-element-af87136 elementor-widget elementor-widget-text-editor\" data-id=\"af87136\" data-element_type=\"widget\" data-widget_type=\"text-editor.default\">\n\t\t\t\t<div class=\"elementor-widget-container\">\n\t\t\t\t\t\t\t\t\t<h3><b>Don mensuel<\/b><\/h3><p><span style=\"font-weight: 400;\">Devenez un donateur mensuel pour avoir un impact consid\u00e9rable. Inscrivez-vous pour initier un don mensuel automatique. Cela nous permet de conna\u00eetre le montant des fonds sur lesquels nous pouvons compter chaque mois pour assurer une programmation durable.  <\/span><\/p><p><a href=\"https:\/\/dyslexiacanada.org\/fr\/faire-un-don\/\">Inscrivez-vous d\u00e8s maintenant.<\/a><\/p>\t\t\t\t\t\t\t\t<\/div>\n\t\t\t\t<\/div>\n\t\t\t\t<\/div>\n\t\t<div class=\"elementor-element elementor-element-754b85a e-con-full e-flex e-con e-child\" data-id=\"754b85a\" data-element_type=\"container\">\n\t\t\t\t<div class=\"elementor-element elementor-element-901e5c0 elementor-widget elementor-widget-text-editor\" data-id=\"901e5c0\" data-element_type=\"widget\" data-widget_type=\"text-editor.default\">\n\t\t\t\t<div class=\"elementor-widget-container\">\n\t\t\t\t\t\t\t\t\t<h3><b>Faire un don en m\u00e9moire<\/b><\/h3><p><span style=\"font-weight: 400;\">Vous pouvez faire un don en reconnaissance ou en m\u00e9moire de quelqu&rsquo;un de sp\u00e9cial. Si vous le souhaitez, nous pouvons envoyer \u00e0 la famille une carte ou un message en votre nom. <\/span><\/p><p><a href=\"https:\/\/dyslexiacanada.org\/fr\/faire-un-don\/\"><span style=\"font-weight: 400;\">Faites un don aujourd&rsquo;hui.<\/span><\/a><\/p>\t\t\t\t\t\t\t\t<\/div>\n\t\t\t\t<\/div>\n\t\t\t\t<\/div>\n\t\t<div class=\"elementor-element elementor-element-0c9a07d e-con-full e-flex e-con e-child\" data-id=\"0c9a07d\" data-element_type=\"container\">\n\t\t\t\t<div class=\"elementor-element elementor-element-ac08713 elementor-widget elementor-widget-text-editor\" data-id=\"ac08713\" data-element_type=\"widget\" data-widget_type=\"text-editor.default\">\n\t\t\t\t<div class=\"elementor-widget-container\">\n\t\t\t\t\t\t\t\t\t<h3><b>Faites un don dans votre testament  <\/b><\/h3><p>Faites un don \u00e0 Dyslexia Canada dans votre testament et aidez-nous \u00e0 poursuivre notre travail essentiel en votre m\u00e9moire. Votre legs permettra aux enfants dyslexiques du Canada de r\u00e9aliser leur plein potentiel. <\/p><p><a href=\"https:\/\/dyslexiacanada.org\/fr\/contactez-nous\/\"><span style=\"font-weight: 400;\">Contactez nous.<\/span><\/a><\/p>\t\t\t\t\t\t\t\t<\/div>\n\t\t\t\t<\/div>\n\t\t\t\t<\/div>\n\t\t<div class=\"elementor-element elementor-element-96213ec e-con-full e-flex e-con e-child\" data-id=\"96213ec\" data-element_type=\"container\">\n\t\t\t\t<div class=\"elementor-element elementor-element-4b4789c elementor-widget elementor-widget-text-editor\" data-id=\"4b4789c\" data-element_type=\"widget\" data-widget_type=\"text-editor.default\">\n\t\t\t\t<div class=\"elementor-widget-container\">\n\t\t\t\t\t\t\t\t\t<h3><b>Don d&rsquo;actions ou de titres<\/b><\/h3><p>Le don de titres ou d&rsquo;actions de fonds communs de placement est un moyen fiscalement avantageux de faire un don de bienfaisance. Lorsque vous faites don de titres directement \u00e0 Dyslexia Canada, vous \u00e9liminez l&rsquo;imp\u00f4t sur les gains en capital, ce qui vous permet de donner davantage sans frais suppl\u00e9mentaires. <\/p><p><a href=\"https:\/\/dyslexiacanada.org\/fr\/contactez-nous\/\"><span style=\"font-weight: 400;\">Contactez nous.<\/span><\/a><\/p>\t\t\t\t\t\t\t\t<\/div>\n\t\t\t\t<\/div>\n\t\t\t\t<\/div>\n\t\t<div class=\"elementor-element elementor-element-be7be8a e-con-full e-flex e-con e-child\" data-id=\"be7be8a\" data-element_type=\"container\">\n\t\t\t\t<div class=\"elementor-element elementor-element-0ed4520 elementor-widget elementor-widget-text-editor\" data-id=\"0ed4520\" data-element_type=\"widget\" data-widget_type=\"text-editor.default\">\n\t\t\t\t<div class=\"elementor-widget-container\">\n\t\t\t\t\t\t\t\t\t<h3><b>Impliquez votre \u00e9cole<\/b><\/h3><p><span style=\"font-weight: 400;\">Aidez \u00e0 sensibiliser le public aux enfants (jusqu&rsquo;\u00e0 1 sur 5) qui souffrent de dyslexie dans chaque classe. Portez du rouge, cr\u00e9ez un bricolage rouge ou lisez un livre mettant en vedette un personnage atteint de dyslexie. Entamez la conversation, partagez votre histoire et recueillez des fonds pour Dyslexia Canada.  <\/span><\/p><p><a href=\"https:\/\/dyslexiacanada.org\/fr\/contactez-nous\/\"><span style=\"font-weight: 400;\">Contactez nous.<\/span><\/a><\/p>\t\t\t\t\t\t\t\t<\/div>\n\t\t\t\t<\/div>\n\t\t\t\t<\/div>\n\t\t<div class=\"elementor-element elementor-element-da06279 e-con-full e-flex e-con e-child\" data-id=\"da06279\" data-element_type=\"container\">\n\t\t\t\t<div class=\"elementor-element elementor-element-bcc7c40 elementor-widget elementor-widget-text-editor\" data-id=\"bcc7c40\" data-element_type=\"widget\" data-widget_type=\"text-editor.default\">\n\t\t\t\t<div class=\"elementor-widget-container\">\n\t\t\t\t\t\t\t\t\t<h3><b>Organisez votre propre \u00e9v\u00e9nement<\/b><\/h3><p data-start=\"792\" data-end=\"964\">Organisez votre propre vente de p\u00e2tisseries, votre collecte de bouteilles, un \u00e9v\u00e9nement virtuel, un tournoi sportif, ou m\u00eame rasez-vous la t\u00eate &#8211; il n&rsquo;y a pas de limite !<\/p><p data-start=\"966\" data-end=\"1101\">Nous vous fournirons tout ce dont vous avez besoin, y compris des kits d&rsquo;h\u00e9bergement, des conseils et une page de collecte de fonds personnalis\u00e9e pour vous aider \u00e0 faire de votre \u00e9v\u00e9nement un succ\u00e8s.<\/p><p><a href=\"https:\/\/dyslexiacanada.org\/fr\/contactez-nous\/\"><span style=\"font-weight: 400;\">Contactez nous.<\/span><\/a><\/p>\t\t\t\t\t\t\t\t<\/div>\n\t\t\t\t<\/div>\n\t\t\t\t<\/div>\n\t\t<div class=\"elementor-element elementor-element-f8e2459 e-con-full e-flex e-con e-child\" data-id=\"f8e2459\" data-element_type=\"container\">\n\t\t\t\t<div class=\"elementor-element elementor-element-51d2dbf elementor-widget elementor-widget-text-editor\" data-id=\"51d2dbf\" data-element_type=\"widget\" data-widget_type=\"text-editor.default\">\n\t\t\t\t<div class=\"elementor-widget-container\">\n\t\t\t\t\t\t\t\t\t<h3>Offrez un cadeau d&rsquo;entreprise<\/h3><p>Votre voix compte ! Demandez \u00e0 votre employeur de faire un don \u00e0 Dyslexie Canada : de nombreuses entreprises font des dons de bienfaisance chaque ann\u00e9e, et votre recommandation peut aider \u00e0 orienter ces dons vers le soutien aux enfants atteints de dyslexie. <\/p><p data-start=\"790\" data-end=\"887\">Vous pouvez \u00e9galement nous envoyer les coordonn\u00e9es de votre lieu de travail et nous contacterons votre employeur en votre nom.<\/p><p><a href=\"https:\/\/dyslexiacanada.org\/fr\/contactez-nous\/\">Contactez nous.<\/a><\/p>\t\t\t\t\t\t\t\t<\/div>\n\t\t\t\t<\/div>\n\t\t\t\t<\/div>\n\t\t\t\t<\/div>\n\t\t\t\t<\/div>\n\t\t\t\t<div class=\"elementor-element elementor-element-0f35fd9 elementor-widget elementor-widget-heading\" data-id=\"0f35fd9\" data-element_type=\"widget\" data-widget_type=\"heading.default\">\n\t\t\t\t<div class=\"elementor-widget-container\">\n\t\t\t\t\t<h1 class=\"elementor-heading-title elementor-size-default\">Pourquoi faire un don ?<\/h1>\t\t\t\t<\/div>\n\t\t\t\t<\/div>\n\t\t<div class=\"elementor-element elementor-element-1be03d0 e-con-full e-flex e-con e-child\" data-id=\"1be03d0\" data-element_type=\"container\">\n\t\t\t\t<div class=\"elementor-element elementor-element-05515d6 elementor-widget elementor-widget-text-editor\" data-id=\"05515d6\" data-element_type=\"widget\" data-widget_type=\"text-editor.default\">\n\t\t\t\t<div class=\"elementor-widget-container\">\n\t\t\t\t\t\t\t\t\t<p><span style=\"font-weight: 400;\">Nous faisons une diff\u00e9rence tangible dans la vie des 750 000 enfants dyslexiques au Canada.  <\/span><\/p><p data-start=\"135\" data-end=\"305\">En faisant un don \u00e0 Dyslexia Canada, vous soutenez une organisation qui obtient des r\u00e9sultats.<\/p><p data-start=\"307\" data-end=\"579\">En seulement cinq ans, nous avons contribu\u00e9 \u00e0 cr\u00e9er un changement qui garantit que 61 % des enfants au Canada seront soumis \u00e0 un d\u00e9pistage de la dyslexie. Nous avons \u00e9t\u00e9 pr\u00e9sents \u00e0 chaque \u00e9tape du processus : en plaidant pour un changement de politique, en soutenant les parents et les enfants, en fournissant des programmes et en \u00e9duquant les communaut\u00e9s. <\/p><p data-start=\"581\" data-end=\"741\">Et nous ne nous arr\u00eaterons pas l\u00e0. Votre soutien nous aidera \u00e0 atteindre notre objectif : faire en sorte que 100 % des enfants atteints de dyslexie re\u00e7oivent l&rsquo;aide dont ils ont besoin pour s&rsquo;\u00e9panouir. <\/p>\t\t\t\t\t\t\t\t<\/div>\n\t\t\t\t<\/div>\n\t\t\t\t<\/div>\n\t\t\t\t\t<\/div>\n\t\t\t\t<\/div>\n\t\t\t\t<\/div>\n\t\t","protected":false},"excerpt":{"rendered":"<p>Votre don permettra \u00e0 chaque enfant dyslexique au Canada d&rsquo;avoir acc\u00e8s \u00e0 une \u00e9ducation utile et \u00e9quitable. Faire un don Cadeau unique Faites un don aujourd&rsquo;hui, que ce soit \u00e0 [&hellip;]<\/p>\n","protected":false},"author":3,"featured_media":0,"parent":5948,"menu_order":0,"comment_status":"closed","ping_status":"closed","template":"elementor_theme","meta":{"footnotes":""},"class_list":["post-5984","page","type-page","status-publish","hentry"],"_links":{"self":[{"href":"https:\/\/dyslexiacanada.org\/fr\/wp-json\/wp\/v2\/pages\/5984","targetHints":{"allow":["GET"]}}],"collection":[{"href":"https:\/\/dyslexiacanada.org\/fr\/wp-json\/wp\/v2\/pages"}],"about":[{"href":"https:\/\/dyslexiacanada.org\/fr\/wp-json\/wp\/v2\/types\/page"}],"author":[{"embeddable":true,"href":"https:\/\/dyslexiacanada.org\/fr\/wp-json\/wp\/v2\/users\/3"}],"replies":[{"embeddable":true,"href":"https:\/\/dyslexiacanada.org\/fr\/wp-json\/wp\/v2\/comments?post=5984"}],"version-history":[{"count":3,"href":"https:\/\/dyslexiacanada.org\/fr\/wp-json\/wp\/v2\/pages\/5984\/revisions"}],"predecessor-version":[{"id":6160,"href":"https:\/\/dyslexiacanada.org\/fr\/wp-json\/wp\/v2\/pages\/5984\/revisions\/6160"}],"up":[{"embeddable":true,"href":"https:\/\/dyslexiacanada.org\/fr\/wp-json\/wp\/v2\/pages\/5948"}],"wp:attachment":[{"href":"https:\/\/dyslexiacanada.org\/fr\/wp-json\/wp\/v2\/media?parent=5984"}],"curies":[{"name":"wp","href":"https:\/\/api.w.org\/{rel}","templated":true}]}}