{"id":5980,"date":"2024-04-12T14:34:57","date_gmt":"2024-04-12T18:34:57","guid":{"rendered":"https:\/\/dyslexiacanada.org\/politique-de-confidentialite\/"},"modified":"2025-11-11T13:46:40","modified_gmt":"2025-11-11T18:46:40","slug":"politique-de-confidentialite","status":"publish","type":"page","link":"https:\/\/dyslexiacanada.org\/fr\/politique-de-confidentialite\/","title":{"rendered":"Politique de confidentialit\u00e9"},"content":{"rendered":"\t\t<div data-elementor-type=\"wp-page\" data-elementor-id=\"5980\" class=\"elementor elementor-5980 elementor-3\" data-elementor-post-type=\"page\">\n\t\t\t\t<div class=\"elementor-element elementor-element-52e664d7 e-flex e-con-boxed e-con e-parent\" data-id=\"52e664d7\" data-element_type=\"container\">\n\t\t\t\t\t<div class=\"e-con-inner\">\n\t\t\t\t<div class=\"elementor-element elementor-element-51067d08 elementor-widget elementor-widget-text-editor\" data-id=\"51067d08\" data-element_type=\"widget\" data-widget_type=\"text-editor.default\">\n\t\t\t\t<div class=\"elementor-widget-container\">\n\t\t\t\t\t\t\t\t\t<p class=\"\">Dyslexia Canada respecte la confidentialit\u00e9 de vos renseignements personnels (\u00a0\u00bb renseignements \u00ab\u00a0) et fournit cette explication pour d\u00e9montrer son engagement \u00e0 prot\u00e9ger votre vie priv\u00e9e. Aucune information fournie \u00e0 Dyslexia Canada par l&rsquo;interm\u00e9diaire de ce site ne sera utilis\u00e9e ou partag\u00e9e avec un tiers sans le consentement explicite du fournisseur de cette information, \u00e0 moins d&rsquo;y \u00eatre contraint par une autorit\u00e9 l\u00e9gale. <\/p><p class=\"\">Dyslexia Canada ne recueille pas actuellement d&rsquo;informations \u00e0 l&rsquo;exception :<\/p><ul><li>les informations fournies par votre navigateur web \u00e0 notre serveur web, y compris des informations telles que le site \u00e0 partir duquel vous avez \u00e9tabli un lien et votre adresse \u00e9lectronique<\/li><li>Les informations fournies par vous dans un message \u00e9lectronique qui nous est adress\u00e9.<\/li><li>Informations fournies par vous dans un formulaire du site, que vous avez choisi de remplir.<\/li><\/ul><p class=\"\">Dyslexia Canada n&rsquo;utilise l&rsquo;information qu&rsquo;aux fins pour lesquelles elle a \u00e9t\u00e9 soumise ou pour \u00e9valuer l&rsquo;efficacit\u00e9 de ce site Web.<\/p><p class=\"\">Dyslexia Canada peut d\u00e9cider de recueillir des renseignements soumis volontairement au moyen de t\u00e9moins (cookies). Les \u00ab\u00a0cookies\u00a0\u00bb sont utilis\u00e9s pour stocker et parfois suivre vos pr\u00e9f\u00e9rences afin de vous fournir des services adapt\u00e9s et personnalis\u00e9s. Un t\u00e9moin est une donn\u00e9e envoy\u00e9e \u00e0 votre navigateur Internet par un serveur Web et stock\u00e9e sur le disque dur de votre ordinateur. Les cookies facilitent votre exp\u00e9rience sur le web en stockant vos mots de passe et vos pr\u00e9f\u00e9rences.   <\/p><p class=\"\">La plupart des sites Internet utilisent des cookies. Vous pouvez r\u00e9gler les param\u00e8tres de votre navigateur de mani\u00e8re \u00e0 refuser tous les cookies ou \u00e0 \u00eatre inform\u00e9 lorsqu&rsquo;un cookie est plac\u00e9 sur votre disque dur. Cependant, votre choix de ne pas accepter les cookies peut diminuer votre exp\u00e9rience des sites web en raison du temps suppl\u00e9mentaire n\u00e9cessaire pour saisir \u00e0 plusieurs reprises des informations d&rsquo;identification personnelle.  <\/p>\t\t\t\t\t\t\t\t<\/div>\n\t\t\t\t<\/div>\n\t\t\t\t\t<\/div>\n\t\t\t\t<\/div>\n\t\t\t\t<\/div>\n\t\t","protected":false},"excerpt":{"rendered":"<p>Dyslexia Canada respecte la confidentialit\u00e9 de vos renseignements personnels (\u00a0\u00bb renseignements \u00ab\u00a0) et fournit cette explication pour d\u00e9montrer son engagement \u00e0 prot\u00e9ger votre vie priv\u00e9e. Aucune information fournie \u00e0 Dyslexia [&hellip;]<\/p>\n","protected":false},"author":1,"featured_media":0,"parent":0,"menu_order":0,"comment_status":"closed","ping_status":"open","template":"elementor_theme","meta":{"footnotes":""},"class_list":["post-5980","page","type-page","status-publish","hentry"],"_links":{"self":[{"href":"https:\/\/dyslexiacanada.org\/fr\/wp-json\/wp\/v2\/pages\/5980","targetHints":{"allow":["GET"]}}],"collection":[{"href":"https:\/\/dyslexiacanada.org\/fr\/wp-json\/wp\/v2\/pages"}],"about":[{"href":"https:\/\/dyslexiacanada.org\/fr\/wp-json\/wp\/v2\/types\/page"}],"author":[{"embeddable":true,"href":"https:\/\/dyslexiacanada.org\/fr\/wp-json\/wp\/v2\/users\/1"}],"replies":[{"embeddable":true,"href":"https:\/\/dyslexiacanada.org\/fr\/wp-json\/wp\/v2\/comments?post=5980"}],"version-history":[{"count":1,"href":"https:\/\/dyslexiacanada.org\/fr\/wp-json\/wp\/v2\/pages\/5980\/revisions"}],"predecessor-version":[{"id":5982,"href":"https:\/\/dyslexiacanada.org\/fr\/wp-json\/wp\/v2\/pages\/5980\/revisions\/5982"}],"wp:attachment":[{"href":"https:\/\/dyslexiacanada.org\/fr\/wp-json\/wp\/v2\/media?parent=5980"}],"curies":[{"name":"wp","href":"https:\/\/api.w.org\/{rel}","templated":true}]}}