{"id":5977,"date":"2024-12-05T09:31:21","date_gmt":"2024-12-05T14:31:21","guid":{"rendered":"https:\/\/dyslexiacanada.org\/donateurs-et-soutiens\/"},"modified":"2025-11-24T10:26:44","modified_gmt":"2025-11-24T15:26:44","slug":"donateurs-et-soutiens","status":"publish","type":"page","link":"https:\/\/dyslexiacanada.org\/fr\/a-propos-de-nous\/donateurs-et-soutiens\/","title":{"rendered":"Donateurs et sympathisants"},"content":{"rendered":"\t\t<div data-elementor-type=\"wp-page\" data-elementor-id=\"5977\" class=\"elementor elementor-5977 elementor-795\" data-elementor-post-type=\"page\">\n\t\t\t\t<div class=\"elementor-element elementor-element-565e34a2 e-flex e-con-boxed e-con e-parent\" data-id=\"565e34a2\" data-element_type=\"container\">\n\t\t\t\t\t<div class=\"e-con-inner\">\n\t\t\t\t<div class=\"elementor-element elementor-element-7a69399a elementor-widget elementor-widget-text-editor\" data-id=\"7a69399a\" data-element_type=\"widget\" data-widget_type=\"text-editor.default\">\n\t\t\t\t<div class=\"elementor-widget-container\">\n\t\t\t\t\t\t\t\t\t<h1><strong>Merci \u00e0 tous ceux qui soutiennent notre travail<\/strong><\/h1><p>Rien de ce que nous faisons ne serait possible sans la g\u00e9n\u00e9rosit\u00e9 de nos donateurs, de nos b\u00e9n\u00e9voles et de nos sympathisants.<\/p><p>Votre financement, votre temps et vos conseils soutiennent nos programmes, qui consistent notamment \u00e0 aider les familles \u00e0 s&rsquo;orienter dans le syst\u00e8me \u00e9ducatif, \u00e0 cr\u00e9er des ressources pour les enfants, les parents et les \u00e9ducateurs, \u00e0 mener des campagnes nationales de sensibilisation, \u00e0 favoriser le changement de la politique gouvernementale, et \u00e0 soutenir et reconna\u00eetre les enfants.<\/p>\t\t\t\t\t\t\t\t<\/div>\n\t\t\t\t<\/div>\n\t\t<div class=\"elementor-element elementor-element-1a880e7 e-con-full e-flex e-con e-child\" data-id=\"1a880e7\" data-element_type=\"container\">\n\t\t<div class=\"elementor-element elementor-element-940c5cf e-con-full e-flex e-con e-child\" data-id=\"940c5cf\" data-element_type=\"container\" data-settings=\"{&quot;background_background&quot;:&quot;classic&quot;}\">\n\t\t\t\t<div class=\"elementor-element elementor-element-dc82dc9 elementor-widget elementor-widget-heading\" data-id=\"dc82dc9\" data-element_type=\"widget\" data-widget_type=\"heading.default\">\n\t\t\t\t<div class=\"elementor-widget-container\">\n\t\t\t\t\t<h2 class=\"elementor-heading-title elementor-size-default\">Donateurs distingu\u00e9s<\/h2>\t\t\t\t<\/div>\n\t\t\t\t<\/div>\n\t\t\t\t<div class=\"elementor-element elementor-element-76a8fa5 elementor-widget elementor-widget-text-editor\" data-id=\"76a8fa5\" data-element_type=\"widget\" data-widget_type=\"text-editor.default\">\n\t\t\t\t<div class=\"elementor-widget-container\">\n\t\t\t\t\t\t\t\t\t<p><span style=\"font-weight: 400;\">Nous sommes profond\u00e9ment honor\u00e9s de reconna\u00eetre et de c\u00e9l\u00e9brer nos donateurs qui, en 2024, ont g\u00e9n\u00e9reusement fait des dons de <strong> 50 000 dollars ou plus.<\/strong><\/span><\/p><ul><li>La Fondation de la famille Joyce<\/li><li>Fondation de la famille Jim Ratsoy<\/li><li>Fondation Jon et Nancy Love<\/li><li>Kyndryl<\/li><li>Warren Y Soper Charitable Trust<\/li><\/ul>\t\t\t\t\t\t\t\t<\/div>\n\t\t\t\t<\/div>\n\t\t\t\t<\/div>\n\t\t<div class=\"elementor-element elementor-element-a584c42 e-con-full e-flex e-con e-child\" data-id=\"a584c42\" data-element_type=\"container\" data-settings=\"{&quot;background_background&quot;:&quot;classic&quot;}\">\n\t\t\t\t<div class=\"elementor-element elementor-element-4248b08 elementor-widget elementor-widget-heading\" data-id=\"4248b08\" data-element_type=\"widget\" data-widget_type=\"heading.default\">\n\t\t\t\t<div class=\"elementor-widget-container\">\n\t\t\t\t\t<h2 class=\"elementor-heading-title elementor-size-default\">Champions et conseillers<\/h2>\t\t\t\t<\/div>\n\t\t\t\t<\/div>\n\t\t\t\t<div class=\"elementor-element elementor-element-d40ab46 elementor-widget elementor-widget-text-editor\" data-id=\"d40ab46\" data-element_type=\"widget\" data-widget_type=\"text-editor.default\">\n\t\t\t\t<div class=\"elementor-widget-container\">\n\t\t\t\t\t\t\t\t\t<p>Nous remercions chaleureusement nos champions de longue date, dont le soutien continu, le temps et l&rsquo;\u00e9nergie rendent ce travail possible.<\/p><ul><li><span style=\"background-color: transparent; letter-spacing: 1.3px;\">George Booth<\/span><\/li><li><span style=\"background-color: transparent; letter-spacing: 1.3px;\">Howard Green<\/span><\/li><li>Charles May<\/li><\/ul>\t\t\t\t\t\t\t\t<\/div>\n\t\t\t\t<\/div>\n\t\t\t\t<\/div>\n\t\t\t\t<\/div>\n\t\t<div class=\"elementor-element elementor-element-b38f0ce e-con-full e-flex e-con e-child\" data-id=\"b38f0ce\" data-element_type=\"container\">\n\t\t\t\t<div class=\"elementor-element elementor-element-5fb418e elementor-widget elementor-widget-heading\" data-id=\"5fb418e\" data-element_type=\"widget\" data-widget_type=\"heading.default\">\n\t\t\t\t<div class=\"elementor-widget-container\">\n\t\t\t\t\t<h2 class=\"elementor-heading-title elementor-size-default\">Donateurs d\u00e9vou\u00e9s<\/h2>\t\t\t\t<\/div>\n\t\t\t\t<\/div>\n\t\t\t\t<div class=\"elementor-element elementor-element-0f3a451 elementor-widget elementor-widget-text-editor\" data-id=\"0f3a451\" data-element_type=\"widget\" data-widget_type=\"text-editor.default\">\n\t\t\t\t<div class=\"elementor-widget-container\">\n\t\t\t\t\t\t\t\t\t<p><span style=\"font-weight: 400;\">Nous avons l&rsquo;honneur de reconna\u00eetre et de c\u00e9l\u00e9brer nos donateurs qui, en 2024, ont g\u00e9n\u00e9reusement fait des dons de <strong> 1 000 dollars ou plus.<\/strong><\/span><\/p>\t\t\t\t\t\t\t\t<\/div>\n\t\t\t\t<\/div>\n\t\t<div class=\"elementor-element elementor-element-e1742b7 e-con-full e-flex e-con e-child\" data-id=\"e1742b7\" data-element_type=\"container\">\n\t\t<div class=\"elementor-element elementor-element-d644bd0 e-con-full e-flex e-con e-child\" data-id=\"d644bd0\" data-element_type=\"container\">\n\t\t\t\t<div class=\"elementor-element elementor-element-cd5482e elementor-widget elementor-widget-text-editor\" data-id=\"cd5482e\" data-element_type=\"widget\" data-widget_type=\"text-editor.default\">\n\t\t\t\t<div class=\"elementor-widget-container\">\n\t\t\t\t\t\t\t\t\t<ul><li>ACFO-ACAF<\/li><li>Allen Bessel<\/li><li>Angus Rigby<\/li><li>George Booth<\/li><li>Craig O&rsquo;Neill<\/li><li>Damon Murchison<\/li><li>David Kerr<\/li><li>Forrest Parlee<\/li><li>Frances et Tim Price<\/li><li>Grainger Canada<\/li><li>Fonds de donation Gregory et Jennifer Thompson<\/li><li>Fondation Jackman<\/li><li>Fondation Joan et Clifford Hatch<\/li><li>John Leckie<\/li><\/ul>\t\t\t\t\t\t\t\t<\/div>\n\t\t\t\t<\/div>\n\t\t\t\t<\/div>\n\t\t<div class=\"elementor-element elementor-element-27be2d3 e-con-full e-flex e-con e-child\" data-id=\"27be2d3\" data-element_type=\"container\">\n\t\t\t\t<div class=\"elementor-element elementor-element-498c861 elementor-widget elementor-widget-text-editor\" data-id=\"498c861\" data-element_type=\"widget\" data-widget_type=\"text-editor.default\">\n\t\t\t\t<div class=\"elementor-widget-container\">\n\t\t\t\t\t\t\t\t\t<ul><li>Keith Gray<\/li><li>Fonds de bienfaisance Margaret et Gerald Dyer<\/li><li>Mary et Michael Daniher<\/li><li>Fondation McFarlane<\/li><li>Fondation de la famille McGraw<\/li><li>Nuts &amp; Bolts Holdings Inc.<\/li><li>Pat Butler<\/li><li>Patti McFarlane<\/li><li>Richard Thomson<\/li><li>Robert Dale<\/li><li>Robert Richards<\/li><li>Scott Brubacher<\/li><li>Assurance Tompkins<\/li><li>Wendy Leaney<\/li><\/ul>\t\t\t\t\t\t\t\t<\/div>\n\t\t\t\t<\/div>\n\t\t\t\t<\/div>\n\t\t\t\t<\/div>\n\t\t\t\t<\/div>\n\t\t\t\t\t<\/div>\n\t\t\t\t<\/div>\n\t\t\t\t<\/div>\n\t\t","protected":false},"excerpt":{"rendered":"<p>Merci \u00e0 tous ceux qui soutiennent notre travail Rien de ce que nous faisons ne serait possible sans la g\u00e9n\u00e9rosit\u00e9 de nos donateurs, de nos b\u00e9n\u00e9voles et de nos sympathisants. [&hellip;]<\/p>\n","protected":false},"author":1,"featured_media":0,"parent":5976,"menu_order":0,"comment_status":"closed","ping_status":"closed","template":"elementor_theme","meta":{"footnotes":""},"class_list":["post-5977","page","type-page","status-publish","hentry"],"_links":{"self":[{"href":"https:\/\/dyslexiacanada.org\/fr\/wp-json\/wp\/v2\/pages\/5977","targetHints":{"allow":["GET"]}}],"collection":[{"href":"https:\/\/dyslexiacanada.org\/fr\/wp-json\/wp\/v2\/pages"}],"about":[{"href":"https:\/\/dyslexiacanada.org\/fr\/wp-json\/wp\/v2\/types\/page"}],"author":[{"embeddable":true,"href":"https:\/\/dyslexiacanada.org\/fr\/wp-json\/wp\/v2\/users\/1"}],"replies":[{"embeddable":true,"href":"https:\/\/dyslexiacanada.org\/fr\/wp-json\/wp\/v2\/comments?post=5977"}],"version-history":[{"count":3,"href":"https:\/\/dyslexiacanada.org\/fr\/wp-json\/wp\/v2\/pages\/5977\/revisions"}],"predecessor-version":[{"id":6151,"href":"https:\/\/dyslexiacanada.org\/fr\/wp-json\/wp\/v2\/pages\/5977\/revisions\/6151"}],"up":[{"embeddable":true,"href":"https:\/\/dyslexiacanada.org\/fr\/wp-json\/wp\/v2\/pages\/5976"}],"wp:attachment":[{"href":"https:\/\/dyslexiacanada.org\/fr\/wp-json\/wp\/v2\/media?parent=5977"}],"curies":[{"name":"wp","href":"https:\/\/api.w.org\/{rel}","templated":true}]}}