{"id":5945,"date":"2025-06-18T15:06:18","date_gmt":"2025-06-18T19:06:18","guid":{"rendered":"https:\/\/dyslexiacanada.org\/benevole\/"},"modified":"2025-11-24T10:37:22","modified_gmt":"2025-11-24T15:37:22","slug":"benevole","status":"publish","type":"page","link":"https:\/\/dyslexiacanada.org\/fr\/participez\/benevole\/","title":{"rendered":"B\u00e9n\u00e9vole"},"content":{"rendered":"\t\t<div data-elementor-type=\"wp-page\" data-elementor-id=\"5945\" class=\"elementor elementor-5945 elementor-799\" data-elementor-post-type=\"page\">\n\t\t\t\t<div class=\"elementor-element elementor-element-4c13d3fe e-flex e-con-boxed e-con e-parent\" data-id=\"4c13d3fe\" data-element_type=\"container\">\n\t\t\t\t\t<div class=\"e-con-inner\">\n\t\t\t\t<div class=\"elementor-element elementor-element-78ce1e1b elementor-widget elementor-widget-text-editor\" data-id=\"78ce1e1b\" data-element_type=\"widget\" data-widget_type=\"text-editor.default\">\n\t\t\t\t<div class=\"elementor-widget-container\">\n\t\t\t\t\t\t\t\t\t<p>Nos b\u00e9n\u00e9voles d\u00e9vou\u00e9s sont au c\u0153ur de la mission de Dyslexie Canada. Que vous puissiez consacrer quelques heures par semaine ou que vous souhaitiez jouer un r\u00f4le plus important, votre temps, vos comp\u00e9tences et votre exp\u00e9rience peuvent faire une r\u00e9elle diff\u00e9rence pour les familles et les \u00e9l\u00e8ves de tout le pays. <\/p><p>Vous pouvez apporter vos talents et votre expertise de multiples fa\u00e7ons :<\/p><ul><li aria-level=\"1\"><b>Soutien administratif : <\/b>Assister dans les t\u00e2ches de coulisses telles que la saisie de donn\u00e9es, les communications et la collecte de donn\u00e9es et d&rsquo;informations.<\/li><li aria-level=\"1\"><b>D\u00e9fense et sensibilisation :<\/b> D\u00e9fendez une \u00e9ducation \u00e9quitable et sensibilisez votre communaut\u00e9 \u00e0 la dyslexie, que ce soit de votre propre chef ou dans le cadre de notre campagne annuelle Mark It Read.<\/li><li aria-level=\"1\"><b>Planification et coordination d&rsquo;\u00e9v\u00e9nements :<\/b> Participez \u00e0 l&rsquo;organisation d&rsquo;\u00e9v\u00e9nements, d&rsquo;ateliers et de campagnes communautaires.<\/li><li aria-level=\"1\"><b>Soutien aux familles :<\/b> Aidez les familles \u00e0 s&rsquo;orienter dans le syst\u00e8me \u00e9ducatif et \u00e0 acc\u00e9der aux ressources dont elles ont besoin.<\/li><li aria-level=\"1\"><b>Collecte de fonds :<\/b> Soutenez notre mission en contribuant \u00e0 la collecte de fonds pour des programmes et initiatives essentiels, ou en effectuant des recherches de subventions et de prospects.<\/li><li aria-level=\"1\"><b>R\u00f4les de leadership :<\/b> Apportez votre expertise en rejoignant notre conseil d&rsquo;administration ou l&rsquo;un de nos comit\u00e9s.<\/li><li aria-level=\"1\"><b>Traduction :<\/b> Traduire\/adapter des documents en anglais en fran\u00e7ais ou dans d&rsquo;autres langues afin de rendre nos ressources accessibles \u00e0 un plus grand nombre de Canadiens.<\/li><li aria-level=\"1\"><b>Soutien professionnel pro-bono : <\/b>Proposez des comp\u00e9tences sp\u00e9cialis\u00e9es, telles que des conseils en marketing, en droit ou en strat\u00e9gie.<\/li><\/ul><p>Si vous \u00eates passionn\u00e9 par le soutien aux personnes atteintes de dyslexie et que vous souhaitez avoir un impact significatif, nous serions ravis d&rsquo;entendre parler de vous. Veuillez remplir notre formulaire de candidature ci-dessous et nous vous contacterons ! <\/p>\t\t\t\t\t\t\t\t<\/div>\n\t\t\t\t<\/div>\n\t\t\t\t<div class=\"elementor-element elementor-element-c2ec359 elementor-widget elementor-widget-html\" data-id=\"c2ec359\" data-element_type=\"widget\" data-widget_type=\"html.default\">\n\t\t\t\t<div class=\"elementor-widget-container\">\n\t\t\t\t\t<script type=\"text\/javascript\" src=\"https:\/\/form.jotform.com\/jsform\/233046426931252\"><\/script>\t\t\t\t<\/div>\n\t\t\t\t<\/div>\n\t\t\t\t\t<\/div>\n\t\t\t\t<\/div>\n\t\t\t\t<\/div>\n\t\t","protected":false},"excerpt":{"rendered":"<p>Nos b\u00e9n\u00e9voles d\u00e9vou\u00e9s sont au c\u0153ur de la mission de Dyslexie Canada. Que vous puissiez consacrer quelques heures par semaine ou que vous souhaitiez jouer un r\u00f4le plus important, votre [&hellip;]<\/p>\n","protected":false},"author":1,"featured_media":0,"parent":5948,"menu_order":0,"comment_status":"closed","ping_status":"closed","template":"elementor_theme","meta":{"footnotes":""},"class_list":["post-5945","page","type-page","status-publish","hentry"],"_links":{"self":[{"href":"https:\/\/dyslexiacanada.org\/fr\/wp-json\/wp\/v2\/pages\/5945","targetHints":{"allow":["GET"]}}],"collection":[{"href":"https:\/\/dyslexiacanada.org\/fr\/wp-json\/wp\/v2\/pages"}],"about":[{"href":"https:\/\/dyslexiacanada.org\/fr\/wp-json\/wp\/v2\/types\/page"}],"author":[{"embeddable":true,"href":"https:\/\/dyslexiacanada.org\/fr\/wp-json\/wp\/v2\/users\/1"}],"replies":[{"embeddable":true,"href":"https:\/\/dyslexiacanada.org\/fr\/wp-json\/wp\/v2\/comments?post=5945"}],"version-history":[{"count":3,"href":"https:\/\/dyslexiacanada.org\/fr\/wp-json\/wp\/v2\/pages\/5945\/revisions"}],"predecessor-version":[{"id":6158,"href":"https:\/\/dyslexiacanada.org\/fr\/wp-json\/wp\/v2\/pages\/5945\/revisions\/6158"}],"up":[{"embeddable":true,"href":"https:\/\/dyslexiacanada.org\/fr\/wp-json\/wp\/v2\/pages\/5948"}],"wp:attachment":[{"href":"https:\/\/dyslexiacanada.org\/fr\/wp-json\/wp\/v2\/media?parent=5945"}],"curies":[{"name":"wp","href":"https:\/\/api.w.org\/{rel}","templated":true}]}}