{"id":5936,"date":"2025-06-18T15:10:19","date_gmt":"2025-06-18T19:10:19","guid":{"rendered":"https:\/\/dyslexiacanada.org\/don-dentreprise\/"},"modified":"2025-11-11T13:46:40","modified_gmt":"2025-11-11T18:46:40","slug":"don-dentreprise","status":"publish","type":"page","link":"https:\/\/dyslexiacanada.org\/fr\/a-propos-de-nous\/don-dentreprise\/","title":{"rendered":"Don d&rsquo;entreprise"},"content":{"rendered":"\t\t<div data-elementor-type=\"wp-page\" data-elementor-id=\"5936\" class=\"elementor elementor-5936 elementor-797\" data-elementor-post-type=\"page\">\n\t\t\t\t<div class=\"elementor-element elementor-element-53275f71 e-flex e-con-boxed e-con e-parent\" data-id=\"53275f71\" data-element_type=\"container\">\n\t\t\t\t\t<div class=\"e-con-inner\">\n\t\t\t\t<div class=\"elementor-element elementor-element-18559827 elementor-widget elementor-widget-text-editor\" data-id=\"18559827\" data-element_type=\"widget\" data-widget_type=\"text-editor.default\">\n\t\t\t\t<div class=\"elementor-widget-container\">\n\t\t\t\t\t\t\t\t\t<p><\/p>\n<h2>Vous travaillez pour une entreprise ? Pensez \u00e0 offrir un cadeau d&rsquo;entreprise <\/h2>\n<p><\/p>\n<p>Gr\u00e2ce \u00e0 leurs dons et \u00e0 leurs partenariats, nos entreprises partenaires et nos commanditaires nous permettent de repousser sans cesse les limites de ce que Dyslexia Canada peut faire pour que chaque enfant canadien atteint de dyslexie re\u00e7oive une \u00e9ducation juste et \u00e9quitable.<\/p>\n<p><\/p>\n<p>Aujourd&rsquo;hui, la responsabilit\u00e9 sociale des entreprises peut faire plus que jamais. Avec des comp\u00e9tences, des ressources et des fonds, les entreprises peuvent apporter des changements significatifs dans la vie de leur personnel, de leurs clients et de leurs communaut\u00e9s. En soutenant les causes qui tiennent \u00e0 c\u0153ur aux gens, les entreprises peuvent d\u00e9montrer leur engagement et renforcer l&rsquo;affinit\u00e9 des clients et des employ\u00e9s.  &nbsp;<\/p>\n<p><\/p>\n<p>Nous constatons que les entreprises soutiennent des questions qui int\u00e9ressent les consommateurs :<\/p>\n<p><\/p>\n<ul class=\"wp-block-list\"><p><\/p>\n<li>96% des personnes ont une image plus positive de l&rsquo;entreprise<\/li>\n<p><\/p>\n<li>94% sont plus enclins \u00e0 faire confiance \u00e0 l&rsquo;entreprise<\/li>\n<p><\/p>\n<li>93% sont plus fid\u00e8les \u00e0 l&rsquo;entreprise (c&rsquo;est-\u00e0-dire qu&rsquo;ils continuent \u00e0 acheter des produits ou des services)<\/li>\n<p><\/p><\/ul>\n<p><\/p>\n<p>Soutenir les ressources et l&rsquo;aide aux personnes atteintes de dyslexie, qui touche une personne sur cinq et constitue le trouble de la communication le plus courant, est une cause qui touche tous les consommateurs.&nbsp;<\/p>\n<p><\/p>\n<p>Rejoignez-nous pour aider votre personnel, vos clients et vos communaut\u00e9s par le biais d&rsquo;initiatives telles que :<\/p>\n<p><\/p>\n<h3>Don des salari\u00e9s<\/h3>\n<p><\/p>\n<p>Stimulez l&rsquo;engagement de vos employ\u00e9s en mettant en place un programme de dons automatiques, puis augmentez encore votre impact en versant une somme \u00e9quivalente \u00e0 celle vers\u00e9e par vos employ\u00e9s. En tant qu&#8217;employ\u00e9, vous pouvez envisager de faire un don sur chaque ch\u00e8que de paie ou un don unique. &nbsp;<\/p>\n<p><\/p>\n<h3>Parrainage<\/h3>\n<p><\/p>\n<p>En parrainant l&rsquo;un de nos principaux \u00e9v\u00e9nements ou ressources, vous pouvez acc\u00e9der \u00e0 notre programme de marketing int\u00e9gr\u00e9 personnalis\u00e9 pour d\u00e9montrer votre impact \u00e0 des publics cibles, tout en soutenant les personnes atteintes de dyslexie dans votre communaut\u00e9 ou \u00e0 travers le pays.<\/p>\n<p><\/p>\n<h3>Engagement des salari\u00e9s<\/h3>\n<p><\/p>\n<p>Pour accro\u00eetre votre impact et soutenir l&rsquo;engagement du personnel, nous vous aiderons \u00e0 faire participer vos employ\u00e9s au travail de Dyslexie Canada. Par le biais d&rsquo;opportunit\u00e9s sur mesure, ou par le biais du b\u00e9n\u00e9volat et de la formation, nous vous aiderons \u00e0 impliquer votre personnel dans les causes que vous soutenez. &nbsp;<\/p>\n<p><\/p>\n<h3>DEI et formation \u00e0 la dyslexie<\/h3>\n<p><\/p>\n<p>Apporter un soutien et des ressources aux personnes atteintes de dyslexie, qui touche jusqu&rsquo;\u00e0 une personne sur cinq et constitue le trouble de l&rsquo;apprentissage le plus courant, est une cause qui nous touche tous. Dyslexia Canada est un chef de file national en mati\u00e8re d&rsquo;\u00e9ducation, de sensibilisation et de formation sur la dyslexie. Que ce soit par le biais d&rsquo;opportunit\u00e9s personnalis\u00e9es, de b\u00e9n\u00e9volat ou de formation, nous vous aiderons \u00e0 impliquer votre personnel dans les causes qui vous tiennent \u00e0 c\u0153ur.  <\/p>\n<p><\/p>\n<p>Vous avez des questions ? Vous souhaitez faire un don ou en savoir plus ? Contactez fundraising@dyslexiacanada.org.  <\/p>\n<p><\/p>\n<p>Vous trouverez <a href=\"https:\/\/dyslexiacanada.org\/fr\/donateurs-et-soutiens\/\">ici<\/a> quelques-uns de nos partenaires et sponsors actuels.<\/p>\n<p><\/p>\n<p><\/p>\t\t\t\t\t\t\t\t<\/div>\n\t\t\t\t<\/div>\n\t\t\t\t\t<\/div>\n\t\t\t\t<\/div>\n\t\t\t\t<\/div>\n\t\t","protected":false},"excerpt":{"rendered":"<p>Vous travaillez pour une entreprise ? Pensez \u00e0 offrir un cadeau d&rsquo;entreprise Gr\u00e2ce \u00e0 leurs dons et \u00e0 leurs partenariats, nos entreprises partenaires et nos commanditaires nous permettent de repousser [&hellip;]<\/p>\n","protected":false},"author":1,"featured_media":0,"parent":5976,"menu_order":0,"comment_status":"closed","ping_status":"closed","template":"elementor_theme","meta":{"footnotes":""},"class_list":["post-5936","page","type-page","status-publish","hentry"],"_links":{"self":[{"href":"https:\/\/dyslexiacanada.org\/fr\/wp-json\/wp\/v2\/pages\/5936","targetHints":{"allow":["GET"]}}],"collection":[{"href":"https:\/\/dyslexiacanada.org\/fr\/wp-json\/wp\/v2\/pages"}],"about":[{"href":"https:\/\/dyslexiacanada.org\/fr\/wp-json\/wp\/v2\/types\/page"}],"author":[{"embeddable":true,"href":"https:\/\/dyslexiacanada.org\/fr\/wp-json\/wp\/v2\/users\/1"}],"replies":[{"embeddable":true,"href":"https:\/\/dyslexiacanada.org\/fr\/wp-json\/wp\/v2\/comments?post=5936"}],"version-history":[{"count":2,"href":"https:\/\/dyslexiacanada.org\/fr\/wp-json\/wp\/v2\/pages\/5936\/revisions"}],"predecessor-version":[{"id":5989,"href":"https:\/\/dyslexiacanada.org\/fr\/wp-json\/wp\/v2\/pages\/5936\/revisions\/5989"}],"up":[{"embeddable":true,"href":"https:\/\/dyslexiacanada.org\/fr\/wp-json\/wp\/v2\/pages\/5976"}],"wp:attachment":[{"href":"https:\/\/dyslexiacanada.org\/fr\/wp-json\/wp\/v2\/media?parent=5936"}],"curies":[{"name":"wp","href":"https:\/\/api.w.org\/{rel}","templated":true}]}}