{"id":5933,"date":"2025-06-18T15:07:04","date_gmt":"2025-06-18T19:07:04","guid":{"rendered":"https:\/\/dyslexiacanada.org\/marquez-rougue-a-lire\/"},"modified":"2025-11-24T11:06:59","modified_gmt":"2025-11-24T16:06:59","slug":"marquez-rougue-a-lire","status":"publish","type":"page","link":"https:\/\/dyslexiacanada.org\/fr\/participez\/benevole\/marquez-rougue-a-lire\/","title":{"rendered":"Marquez en rouge pour la dyslexie"},"content":{"rendered":"\t\t<div data-elementor-type=\"wp-page\" data-elementor-id=\"5933\" class=\"elementor elementor-5933 elementor-1776\" data-elementor-post-type=\"page\">\n\t\t\t\t<div class=\"elementor-element elementor-element-746331c e-flex e-con-boxed e-con e-parent\" data-id=\"746331c\" data-element_type=\"container\">\n\t\t\t\t\t<div class=\"e-con-inner\">\n\t\t\t\t<div class=\"elementor-element elementor-element-4af3a7a elementor-widget elementor-widget-text-editor\" data-id=\"4af3a7a\" data-element_type=\"widget\" data-widget_type=\"text-editor.default\">\n\t\t\t\t<div class=\"elementor-widget-container\">\n\t\t\t\t\t\t\t\t\t<p>Dyslexia Canada est fi\u00e8re de c\u00e9l\u00e9brer le mois de la sensibilisation \u00e0 la dyslexie en octobre avec sa campagne annuelle \u00ab Marquez en rouge pour la dyslexie \u00bb. Gr\u00e2ce au soutien de merveilleux b\u00e9n\u00e9voles de tout le Canada, cette initiative nationale continue de prendre de l&rsquo;ampleur chaque ann\u00e9e. <\/p><p>Restez \u00e0 l&rsquo;\u00e9coute pour plus de d\u00e9tails sur notre campagne 2026 !<\/p>\t\t\t\t\t\t\t\t<\/div>\n\t\t\t\t<\/div>\n\t\t\t\t\t<\/div>\n\t\t\t\t<\/div>\n\t\t<div class=\"elementor-element elementor-element-f23a626 e-flex e-con-boxed e-con e-parent\" data-id=\"f23a626\" data-element_type=\"container\">\n\t\t\t\t\t<div class=\"e-con-inner\">\n\t\t\t\t<div class=\"elementor-element elementor-element-03fcdfa elementor-widget elementor-widget-gallery\" data-id=\"03fcdfa\" data-element_type=\"widget\" data-settings=\"{&quot;lazyload&quot;:&quot;yes&quot;,&quot;gallery_layout&quot;:&quot;grid&quot;,&quot;columns&quot;:4,&quot;columns_tablet&quot;:2,&quot;columns_mobile&quot;:1,&quot;gap&quot;:{&quot;unit&quot;:&quot;px&quot;,&quot;size&quot;:10,&quot;sizes&quot;:[]},&quot;gap_tablet&quot;:{&quot;unit&quot;:&quot;px&quot;,&quot;size&quot;:10,&quot;sizes&quot;:[]},&quot;gap_mobile&quot;:{&quot;unit&quot;:&quot;px&quot;,&quot;size&quot;:10,&quot;sizes&quot;:[]},&quot;link_to&quot;:&quot;file&quot;,&quot;aspect_ratio&quot;:&quot;3:2&quot;,&quot;overlay_background&quot;:&quot;yes&quot;,&quot;content_hover_animation&quot;:&quot;fade-in&quot;}\" data-widget_type=\"gallery.default\">\n\t\t\t\t<div class=\"elementor-widget-container\">\n\t\t\t\t\t\t\t<div class=\"elementor-gallery__container\">\n\t\t\t\t\t\t\t<a class=\"e-gallery-item elementor-gallery-item elementor-animated-content\" href=\"https:\/\/dyslexiacanada.org\/wp-content\/uploads\/2025\/10\/173A6503-1-scaled.jpg\" data-elementor-open-lightbox=\"yes\" data-elementor-lightbox-slideshow=\"03fcdfa\" data-elementor-lightbox-title=\"173A6503\" data-e-action-hash=\"#elementor-action%3Aaction%3Dlightbox%26settings%3DeyJpZCI6NDQ2MiwidXJsIjoiaHR0cHM6XC9cL2R5c2xleGlhY2FuYWRhLm9yZ1wvd3AtY29udGVudFwvdXBsb2Fkc1wvMjAyNVwvMTBcLzE3M0E2NTAzLTEtc2NhbGVkLmpwZyIsInNsaWRlc2hvdyI6IjAzZmNkZmEifQ%3D%3D\">\n\t\t\t\t\t<div class=\"e-gallery-image elementor-gallery-item__image\" data-thumbnail=\"https:\/\/dyslexiacanada.org\/wp-content\/uploads\/2025\/10\/173A6503-1-300x224.jpg\" data-width=\"300\" data-height=\"224\" aria-label=\"\" role=\"img\" ><\/div>\n\t\t\t\t\t\t\t\t\t\t\t<div class=\"elementor-gallery-item__overlay\"><\/div>\n\t\t\t\t\t\t\t\t\t\t\t\t\t\t<\/a>\n\t\t\t\t\t\t\t<a class=\"e-gallery-item elementor-gallery-item elementor-animated-content\" href=\"https:\/\/dyslexiacanada.org\/wp-content\/uploads\/2025\/10\/DSC_8962-scaled.jpeg\" data-elementor-open-lightbox=\"yes\" data-elementor-lightbox-slideshow=\"03fcdfa\" data-elementor-lightbox-title=\"DSC_8962\" data-e-action-hash=\"#elementor-action%3Aaction%3Dlightbox%26settings%3DeyJpZCI6NDQ3MywidXJsIjoiaHR0cHM6XC9cL2R5c2xleGlhY2FuYWRhLm9yZ1wvd3AtY29udGVudFwvdXBsb2Fkc1wvMjAyNVwvMTBcL0RTQ184OTYyLXNjYWxlZC5qcGVnIiwic2xpZGVzaG93IjoiMDNmY2RmYSJ9\">\n\t\t\t\t\t<div class=\"e-gallery-image elementor-gallery-item__image\" data-thumbnail=\"https:\/\/dyslexiacanada.org\/wp-content\/uploads\/2025\/10\/DSC_8962-300x200.jpeg\" data-width=\"300\" data-height=\"200\" aria-label=\"\" role=\"img\" ><\/div>\n\t\t\t\t\t\t\t\t\t\t\t<div class=\"elementor-gallery-item__overlay\"><\/div>\n\t\t\t\t\t\t\t\t\t\t\t\t\t\t<\/a>\n\t\t\t\t\t\t\t<a class=\"e-gallery-item elementor-gallery-item elementor-animated-content\" href=\"https:\/\/dyslexiacanada.org\/wp-content\/uploads\/2025\/10\/560287184_18530716939056094_5690501818512850254_n.jpg\" data-elementor-open-lightbox=\"yes\" data-elementor-lightbox-slideshow=\"03fcdfa\" data-elementor-lightbox-title=\"560287184_18530716939056094_5690501818512850254_n\" data-e-action-hash=\"#elementor-action%3Aaction%3Dlightbox%26settings%3DeyJpZCI6NDQ2NCwidXJsIjoiaHR0cHM6XC9cL2R5c2xleGlhY2FuYWRhLm9yZ1wvd3AtY29udGVudFwvdXBsb2Fkc1wvMjAyNVwvMTBcLzU2MDI4NzE4NF8xODUzMDcxNjkzOTA1NjA5NF81NjkwNTAxODE4NTEyODUwMjU0X24uanBnIiwic2xpZGVzaG93IjoiMDNmY2RmYSJ9\">\n\t\t\t\t\t<div class=\"e-gallery-image elementor-gallery-item__image\" data-thumbnail=\"https:\/\/dyslexiacanada.org\/wp-content\/uploads\/2025\/10\/560287184_18530716939056094_5690501818512850254_n-300x300.jpg\" data-width=\"300\" data-height=\"300\" aria-label=\"\" role=\"img\" ><\/div>\n\t\t\t\t\t\t\t\t\t\t\t<div class=\"elementor-gallery-item__overlay\"><\/div>\n\t\t\t\t\t\t\t\t\t\t\t\t\t\t<\/a>\n\t\t\t\t\t\t\t<a class=\"e-gallery-item elementor-gallery-item elementor-animated-content\" href=\"https:\/\/dyslexiacanada.org\/wp-content\/uploads\/2025\/10\/MDL2776_Soc.jpg\" data-elementor-open-lightbox=\"yes\" data-elementor-lightbox-slideshow=\"03fcdfa\" data-elementor-lightbox-title=\"_MDL2776_Soc\" data-e-action-hash=\"#elementor-action%3Aaction%3Dlightbox%26settings%3DeyJpZCI6NDQ2NywidXJsIjoiaHR0cHM6XC9cL2R5c2xleGlhY2FuYWRhLm9yZ1wvd3AtY29udGVudFwvdXBsb2Fkc1wvMjAyNVwvMTBcL01ETDI3NzZfU29jLmpwZyIsInNsaWRlc2hvdyI6IjAzZmNkZmEifQ%3D%3D\">\n\t\t\t\t\t<div class=\"e-gallery-image elementor-gallery-item__image\" data-thumbnail=\"https:\/\/dyslexiacanada.org\/wp-content\/uploads\/2025\/10\/MDL2776_Soc-300x200.jpg\" data-width=\"300\" data-height=\"200\" aria-label=\"\" role=\"img\" ><\/div>\n\t\t\t\t\t\t\t\t\t\t\t<div class=\"elementor-gallery-item__overlay\"><\/div>\n\t\t\t\t\t\t\t\t\t\t\t\t\t\t<\/a>\n\t\t\t\t\t\t\t<a class=\"e-gallery-item elementor-gallery-item elementor-animated-content\" href=\"https:\/\/dyslexiacanada.org\/wp-content\/uploads\/2025\/10\/Peace-bridge-Fort-Erie-from-the-Buffalo-side.jpg\" data-elementor-open-lightbox=\"yes\" data-elementor-lightbox-slideshow=\"03fcdfa\" data-elementor-lightbox-title=\"Peace bridge Fort Erie (from the Buffalo side)\" data-e-action-hash=\"#elementor-action%3Aaction%3Dlightbox%26settings%3DeyJpZCI6NDQ2OSwidXJsIjoiaHR0cHM6XC9cL2R5c2xleGlhY2FuYWRhLm9yZ1wvd3AtY29udGVudFwvdXBsb2Fkc1wvMjAyNVwvMTBcL1BlYWNlLWJyaWRnZS1Gb3J0LUVyaWUtZnJvbS10aGUtQnVmZmFsby1zaWRlLmpwZyIsInNsaWRlc2hvdyI6IjAzZmNkZmEifQ%3D%3D\">\n\t\t\t\t\t<div class=\"e-gallery-image elementor-gallery-item__image\" data-thumbnail=\"https:\/\/dyslexiacanada.org\/wp-content\/uploads\/2025\/10\/Peace-bridge-Fort-Erie-from-the-Buffalo-side-300x225.jpg\" data-width=\"300\" data-height=\"225\" aria-label=\"\" role=\"img\" ><\/div>\n\t\t\t\t\t\t\t\t\t\t\t<div class=\"elementor-gallery-item__overlay\"><\/div>\n\t\t\t\t\t\t\t\t\t\t\t\t\t\t<\/a>\n\t\t\t\t\t\t\t<a class=\"e-gallery-item elementor-gallery-item elementor-animated-content\" href=\"https:\/\/dyslexiacanada.org\/wp-content\/uploads\/2025\/10\/DSC_8993-scaled.jpeg\" data-elementor-open-lightbox=\"yes\" data-elementor-lightbox-slideshow=\"03fcdfa\" data-elementor-lightbox-title=\"DSC_8993\" data-e-action-hash=\"#elementor-action%3Aaction%3Dlightbox%26settings%3DeyJpZCI6NDQ3MSwidXJsIjoiaHR0cHM6XC9cL2R5c2xleGlhY2FuYWRhLm9yZ1wvd3AtY29udGVudFwvdXBsb2Fkc1wvMjAyNVwvMTBcL0RTQ184OTkzLXNjYWxlZC5qcGVnIiwic2xpZGVzaG93IjoiMDNmY2RmYSJ9\">\n\t\t\t\t\t<div class=\"e-gallery-image elementor-gallery-item__image\" data-thumbnail=\"https:\/\/dyslexiacanada.org\/wp-content\/uploads\/2025\/10\/DSC_8993-300x200.jpeg\" data-width=\"300\" data-height=\"200\" aria-label=\"\" role=\"img\" ><\/div>\n\t\t\t\t\t\t\t\t\t\t\t<div class=\"elementor-gallery-item__overlay\"><\/div>\n\t\t\t\t\t\t\t\t\t\t\t\t\t\t<\/a>\n\t\t\t\t\t\t\t<a class=\"e-gallery-item elementor-gallery-item elementor-animated-content\" href=\"https:\/\/dyslexiacanada.org\/wp-content\/uploads\/2025\/10\/Summerside-PEI-Flag-raising-2025-3-scaled.jpg\" data-elementor-open-lightbox=\"yes\" data-elementor-lightbox-slideshow=\"03fcdfa\" data-elementor-lightbox-title=\"Summerside PEI Flag raising 2025 3\" data-e-action-hash=\"#elementor-action%3Aaction%3Dlightbox%26settings%3DeyJpZCI6NDQ3NSwidXJsIjoiaHR0cHM6XC9cL2R5c2xleGlhY2FuYWRhLm9yZ1wvd3AtY29udGVudFwvdXBsb2Fkc1wvMjAyNVwvMTBcL1N1bW1lcnNpZGUtUEVJLUZsYWctcmFpc2luZy0yMDI1LTMtc2NhbGVkLmpwZyIsInNsaWRlc2hvdyI6IjAzZmNkZmEifQ%3D%3D\">\n\t\t\t\t\t<div class=\"e-gallery-image elementor-gallery-item__image\" data-thumbnail=\"https:\/\/dyslexiacanada.org\/wp-content\/uploads\/2025\/10\/Summerside-PEI-Flag-raising-2025-3-300x186.jpg\" data-width=\"300\" data-height=\"186\" aria-label=\"\" role=\"img\" ><\/div>\n\t\t\t\t\t\t\t\t\t\t\t<div class=\"elementor-gallery-item__overlay\"><\/div>\n\t\t\t\t\t\t\t\t\t\t\t\t\t\t<\/a>\n\t\t\t\t\t\t\t<a class=\"e-gallery-item elementor-gallery-item elementor-animated-content\" href=\"https:\/\/dyslexiacanada.org\/wp-content\/uploads\/2025\/10\/IMG_0481-scaled.jpg\" data-elementor-open-lightbox=\"yes\" data-elementor-lightbox-slideshow=\"03fcdfa\" data-elementor-lightbox-title=\"IMG_0481\" data-e-action-hash=\"#elementor-action%3Aaction%3Dlightbox%26settings%3DeyJpZCI6NDQ4MCwidXJsIjoiaHR0cHM6XC9cL2R5c2xleGlhY2FuYWRhLm9yZ1wvd3AtY29udGVudFwvdXBsb2Fkc1wvMjAyNVwvMTBcL0lNR18wNDgxLXNjYWxlZC5qcGciLCJzbGlkZXNob3ciOiIwM2ZjZGZhIn0%3D\">\n\t\t\t\t\t<div class=\"e-gallery-image elementor-gallery-item__image\" data-thumbnail=\"https:\/\/dyslexiacanada.org\/wp-content\/uploads\/2025\/10\/IMG_0481-225x300.jpg\" data-width=\"225\" data-height=\"300\" aria-label=\"\" role=\"img\" ><\/div>\n\t\t\t\t\t\t\t\t\t\t\t<div class=\"elementor-gallery-item__overlay\"><\/div>\n\t\t\t\t\t\t\t\t\t\t\t\t\t\t<\/a>\n\t\t\t\t\t<\/div>\n\t\t\t\t\t<\/div>\n\t\t\t\t<\/div>\n\t\t\t\t\t<\/div>\n\t\t\t\t<\/div>\n\t\t\t\t<\/div>\n\t\t","protected":false},"excerpt":{"rendered":"<p>Dyslexia Canada est fi\u00e8re de c\u00e9l\u00e9brer le mois de la sensibilisation \u00e0 la dyslexie en octobre avec sa campagne annuelle \u00ab Marquez en rouge pour la dyslexie \u00bb. Gr\u00e2ce au [&hellip;]<\/p>\n","protected":false},"author":7,"featured_media":0,"parent":5945,"menu_order":0,"comment_status":"closed","ping_status":"closed","template":"elementor_theme","meta":{"footnotes":""},"class_list":["post-5933","page","type-page","status-publish","hentry"],"_links":{"self":[{"href":"https:\/\/dyslexiacanada.org\/fr\/wp-json\/wp\/v2\/pages\/5933","targetHints":{"allow":["GET"]}}],"collection":[{"href":"https:\/\/dyslexiacanada.org\/fr\/wp-json\/wp\/v2\/pages"}],"about":[{"href":"https:\/\/dyslexiacanada.org\/fr\/wp-json\/wp\/v2\/types\/page"}],"author":[{"embeddable":true,"href":"https:\/\/dyslexiacanada.org\/fr\/wp-json\/wp\/v2\/users\/7"}],"replies":[{"embeddable":true,"href":"https:\/\/dyslexiacanada.org\/fr\/wp-json\/wp\/v2\/comments?post=5933"}],"version-history":[{"count":7,"href":"https:\/\/dyslexiacanada.org\/fr\/wp-json\/wp\/v2\/pages\/5933\/revisions"}],"predecessor-version":[{"id":6184,"href":"https:\/\/dyslexiacanada.org\/fr\/wp-json\/wp\/v2\/pages\/5933\/revisions\/6184"}],"up":[{"embeddable":true,"href":"https:\/\/dyslexiacanada.org\/fr\/wp-json\/wp\/v2\/pages\/5945"}],"wp:attachment":[{"href":"https:\/\/dyslexiacanada.org\/fr\/wp-json\/wp\/v2\/media?parent=5933"}],"curies":[{"name":"wp","href":"https:\/\/api.w.org\/{rel}","templated":true}]}}