{"id":5913,"date":"2025-06-13T20:02:02","date_gmt":"2025-06-14T00:02:02","guid":{"rendered":"https:\/\/dyslexiacanada.org\/comprendre-comment-nous-lisons\/enseignement-efficace-de-la-lecture\/"},"modified":"2025-11-14T14:00:20","modified_gmt":"2025-11-14T19:00:20","slug":"enseignement-efficace-de-la-lecture","status":"publish","type":"page","link":"https:\/\/dyslexiacanada.org\/fr\/a-propos-de-la-dyslexie\/comprendre-comment-nous-lisons\/enseignement-efficace-de-la-lecture\/","title":{"rendered":"Enseignement efficace de la lecture"},"content":{"rendered":"\t\t<div data-elementor-type=\"wp-page\" data-elementor-id=\"5913\" class=\"elementor elementor-5913 elementor-1646\" data-elementor-post-type=\"page\">\n\t\t\t\t<div class=\"elementor-element elementor-element-7519994 e-con-full e-flex e-con e-child\" data-id=\"7519994\" data-element_type=\"container\">\n\t\t\t\t<div class=\"elementor-element elementor-element-15260e4 elementor-widget elementor-widget-text-editor\" data-id=\"15260e4\" data-element_type=\"widget\" data-widget_type=\"text-editor.default\">\n\t\t\t\t<div class=\"elementor-widget-container\">\n\t\t\t\t\t\t\t\t\t<h1>Enseignement efficace de la lecture : alphab\u00e9tisation structur\u00e9e<\/h1><p>Les chercheurs ont travaill\u00e9 pendant de nombreuses ann\u00e9es pour comprendre comment les enfants apprennent \u00e0 lire et pourquoi certains enfants ont des difficult\u00e9s. L&rsquo;alphab\u00e9tisation structur\u00e9e est une approche de l&rsquo;enseignement bas\u00e9e sur les r\u00e9sultats de cette recherche. C&rsquo;est la meilleure fa\u00e7on de s&rsquo;assurer que tous les enfants, y compris ceux qui pr\u00e9sentent un risque de dyslexie, prennent un bon d\u00e9part avec la lecture. L&rsquo;alphab\u00e9tisation structur\u00e9e est un cadre d&rsquo;enseignement de la lecture qui s&rsquo;appuie sur la recherche. L&rsquo;approche structur\u00e9e de l&rsquo;alphab\u00e9tisation d\u00e9finit \u00e0 la fois ce qui est enseign\u00e9 et comment cela est enseign\u00e9.    <\/p><h2>Ce qui est enseign\u00e9<\/h2><p>L&rsquo;alphab\u00e9tisation structur\u00e9e consiste \u00e0 enseigner tous les \u00e9l\u00e9ments de base de la lecture et de l&rsquo;\u00e9criture. Les comp\u00e9tences cl\u00e9s sont les suivantes : <\/p><ul><li>La <strong>conscience phon\u00e9mique<\/strong> consiste \u00e0 travailler avec les sons de la langue, notamment en m\u00e9langeant les sons pour former des mots et en segmentant les mots en sons individuels.<\/li><li>La <strong>phon\u00e9tique<\/strong> est l&rsquo;apprentissage de la relation pr\u00e9visible entre les sons de la parole et les lettres ou combinaisons de lettres qui les repr\u00e9sentent, comme le son \/t\/ qui s&rsquo;\u00e9crit avec un  &lt;t&gt; ou comment le son \/o\/ peut \u00eatre \u00e9pel\u00e9 avec &lt;eau&gt; comme dans \u00abtableau\u00bb &lt;au&gt; comme dans \u00abauto\u00bb, entre autres.<\/li><li>La <strong>morphologie<\/strong> est l&rsquo;unit\u00e9 de sens des mots, comme les pr\u00e9fixes, les suffixes et les bases. Par exemple, le mot \u00abrelisons\u00bbpeut \u00eatre divis\u00e9 en deux parties : le pr\u00e9fixe \u00abre\u00bb + la base \u00ab\u00a0lis\u00bb + et le suffixe \u00abons\u00bb. Conna\u00eetre et \u00eatre conscient des unit\u00e9s de sens des mots aide les \u00e9l\u00e8ves \u00e0 comprendre ce qu&rsquo;ils lisent.  <\/li><li>Le <strong>vocabulaire<\/strong> est la connaissance du sens des mots qui peuvent \u00eatre utilis\u00e9s \u00e0 l&rsquo;oral et \u00e0 l&rsquo;\u00e9crit, et compris \u00e0 l&rsquo;\u00e9coute et \u00e0 la lecture.<\/li><li>La <strong>syntaxe<\/strong> consiste \u00e0 apprendre les r\u00e8gles de combinaison des mots pour former des phrases. Cela inclut la structure des phrases et les diff\u00e9rentes parties du discours. <\/li><li>La <strong>fluidit\u00e9<\/strong> est la capacit\u00e9 \u00e0 lire \u00e0 haute voix avec pr\u00e9cision, avec expression et \u00e0 un rythme appropri\u00e9.<\/li><li>La <strong>compr\u00e9hension<\/strong> consiste \u00e0 comprendre et \u00e0 interpr\u00e9ter ce qui est lu, y compris les mots, les phrases et les passages plus longs.<\/li><li>L&rsquo;<strong>\u00e9criture<\/strong> consiste \u00e0 exprimer des pens\u00e9es, des id\u00e9es et des informations sous forme \u00e9crite, ce qui n\u00e9cessite des comp\u00e9tences en mati\u00e8re d&rsquo;orthographe, de grammaire, de structure des phrases, d&rsquo;organisation et de d\u00e9veloppement des id\u00e9es.<\/li><\/ul><h2>Comment l&rsquo;enseigner<\/h2><p>L&rsquo;alphab\u00e9tisation structur\u00e9e ne se contente pas de d\u00e9crire le contenu enseign\u00e9 aux \u00e9l\u00e8ves, elle met \u00e9galement l&rsquo;accent sur une mani\u00e8re sp\u00e9cifique d&rsquo;enseigner ce contenu. L&rsquo;alphab\u00e9tisation structur\u00e9e est : <\/p><ul><li><strong>Explicite : <\/strong>Les comp\u00e9tences sont enseign\u00e9es directement et clairement. Les enseignants donnent des instructions et des explications claires, en utilisant des exemples et des non-exemples pour aider les \u00e9l\u00e8ves \u00e0 comprendre chaque concept ou strat\u00e9gie. <\/li><li><strong>Syst\u00e9matique : <\/strong>l &lsquo;enseignement suit un ordre logique, commen\u00e7ant par des concepts simples et passant \u00e0 des concepts plus complexes. Cette approche graduelle aide les \u00e9tudiants \u00e0 d\u00e9velopper progressivement leurs connaissances. <\/li><li><strong>Interactif : <\/strong>Les \u00e9l\u00e8ves participent activement \u00e0 l&rsquo;apprentissage en r\u00e9pondant aux questions de l&rsquo;enseignant. Cet engagement les aide \u00e0 comprendre et \u00e0 m\u00e9moriser les comp\u00e9tences enseign\u00e9es. <\/li><li><strong>Orient\u00e9 vers les donn\u00e9es : <\/strong>L&rsquo;enseignement est guid\u00e9 par des \u00e9valuations continues des progr\u00e8s des \u00e9l\u00e8ves. Les enseignants utilisent ces donn\u00e9es pour adapter les cours aux besoins de chaque enfant et s&rsquo;assurer que leurs comp\u00e9tences s&rsquo;am\u00e9liorent. <\/li><li><strong>Cumulatif : <\/strong>Les nouveaux apprentissages s&rsquo;appuient sur ce que les \u00e9l\u00e8ves ont d\u00e9j\u00e0 appris. Ils revoient et r\u00e9visent constamment ce qui a \u00e9t\u00e9 enseign\u00e9 pr\u00e9c\u00e9demment. Cette approche les aide \u00e0 int\u00e9grer et \u00e0 appliquer efficacement leurs connaissances.  <\/li><\/ul>\t\t\t\t\t\t\t\t<\/div>\n\t\t\t\t<\/div>\n\t\t\t\t<div class=\"elementor-element elementor-element-fd9bc9d elementor-widget elementor-widget-text-editor\" data-id=\"fd9bc9d\" data-element_type=\"widget\" data-widget_type=\"text-editor.default\">\n\t\t\t\t<div class=\"elementor-widget-container\">\n\t\t\t\t\t\t\t\t\t<h2>Alphab\u00e9tisation structur\u00e9e dans les \u00e9coles<\/h2><p>L&rsquo;alphab\u00e9tisation structur\u00e9e est l&rsquo;approche la plus efficace pour apprendre \u00e0 lire \u00e0 tous les enfants. Elle est \u00abutile pour tous les enfants, nuisible pour aucun d&rsquo;entre eux et cruciale pour certains\u00bb (Snow &amp; Juel, 2005, p518). Cela signifie que si nous apprenons \u00e0 lire \u00e0 tous les enfants en utilisant l&rsquo;approche dont les enfants dyslexiques ont besoin pour r\u00e9ussir, tout le monde apprend mieux et moins d&rsquo;enfants ont des difficult\u00e9s.  <\/p><p>L&rsquo;adoption d&rsquo;une alphab\u00e9tisation structur\u00e9e pour l&rsquo;enseignement g\u00e9n\u00e9ral en classe \u00e9tait une recommandation cl\u00e9 de l&rsquo;enqu\u00eate sur le droit \u00e0 la lecture de la Commission ontarienne des droits de la personne. L&rsquo;Ontario et plusieurs autres provinces, dont l&rsquo;Alberta et le Nouveau-Brunswick, ont mis \u00e0 jour leurs programmes scolaires pour les aligner sur une approche structur\u00e9e de la lecture et de l&rsquo;\u00e9criture. Le programme d&rsquo;\u00e9tudes d&rsquo;une province ou d&rsquo;un territoire d\u00e9crit ce que les \u00e9l\u00e8ves devraient \u00eatre capables de faire \u00e0 la fin de chaque niveau scolaire, et il a donc un impact direct sur l&rsquo;enseignement et l&rsquo;apprentissage dans les salles de classe. Dans les provinces ou territoires o\u00f9 le programme d&rsquo;\u00e9tudes n&rsquo;a pas \u00e9t\u00e9 mis \u00e0 jour pour s&rsquo;aligner sur une approche structur\u00e9e de la litt\u00e9ratie, l&rsquo;enseignement est tr\u00e8s incoh\u00e9rent et risque de ne pas r\u00e9pondre aux besoins des \u00e9l\u00e8ves dyslexiques.   <\/p><h3>Votre enfant b\u00e9n\u00e9ficie-t-il d&rsquo;une alphab\u00e9tisation structur\u00e9e \u00e0 l&rsquo;\u00e9cole ?<\/h3><p>Bien que des progr\u00e8s significatifs aient \u00e9t\u00e9 r\u00e9alis\u00e9s dans la mise en \u0153uvre de l&rsquo;alphab\u00e9tisation structur\u00e9e au Canada, de nombreux enfants ne b\u00e9n\u00e9ficient toujours pas d&rsquo;un enseignement efficace de la lecture \u00e0 l&rsquo;\u00e9cole. M\u00eame dans les provinces qui ont mis \u00e0 jour leurs directives, de nombreux enseignants et \u00e9coles continuent d&rsquo;utiliser des pratiques d\u00e9pass\u00e9es et inefficaces, comme demander aux enfants d&rsquo;utiliser des images ou des indices contextuels pour identifier les mots inconnus. Ce type d&rsquo;enseignement ne pr\u00e9pare pas les enfants \u00e0 la r\u00e9ussite, car il ne leur permet pas d&rsquo;acqu\u00e9rir les solides comp\u00e9tences en d\u00e9codage dont ils ont besoin pour devenir des lecteurs comp\u00e9tents.  <\/p><h3>Programmes structur\u00e9s d&rsquo;alphab\u00e9tisation<\/h3><p><span style=\"letter-spacing: 1.3px;\">Parfois, les \u00e9coles ach\u00e8tent des programmes d&rsquo;alphab\u00e9tisation structur\u00e9s, qui sont des programmes commerciaux proposant des le\u00e7ons et des ressources pr\u00e9\u00e9tablies fond\u00e9es sur la recherche en lecture. D&rsquo;autres fois, les \u00e9coles peuvent utiliser une approche structur\u00e9e de l&rsquo;alphab\u00e9tisation, dans laquelle un enseignant planifie et dispense de mani\u00e8re flexible un enseignement fond\u00e9 sur l&rsquo;alphab\u00e9tisation structur\u00e9e.   <\/span><\/p><p> <\/p>\t\t\t\t\t\t\t\t<\/div>\n\t\t\t\t<\/div>\n\t\t<div class=\"elementor-element elementor-element-2a95175 e-flex e-con-boxed e-con e-child\" data-id=\"2a95175\" data-element_type=\"container\" data-settings=\"{&quot;background_background&quot;:&quot;classic&quot;}\">\n\t\t\t\t\t<div class=\"e-con-inner\">\n\t\t<div class=\"elementor-element elementor-element-09229c9 e-con-full e-flex e-con e-child\" data-id=\"09229c9\" data-element_type=\"container\">\n\t\t<div class=\"elementor-element elementor-element-1e33240 e-con-full e-flex e-con e-child\" data-id=\"1e33240\" data-element_type=\"container\">\n\t\t\t\t<div class=\"elementor-element elementor-element-ec819bb elementor-widget elementor-widget-image\" data-id=\"ec819bb\" data-element_type=\"widget\" data-widget_type=\"image.default\">\n\t\t\t\t<div class=\"elementor-widget-container\">\n\t\t\t\t\t\t\t\t\t\t\t\t\t\t\t<img fetchpriority=\"high\" decoding=\"async\" width=\"800\" height=\"261\" src=\"https:\/\/dyslexiacanada.org\/wp-content\/uploads\/2025\/11\/onlit_logo3-1024x334.png\" class=\"attachment-large size-large wp-image-4808\" alt=\"\" srcset=\"https:\/\/dyslexiacanada.org\/wp-content\/uploads\/2025\/11\/onlit_logo3-1024x334.png 1024w, https:\/\/dyslexiacanada.org\/wp-content\/uploads\/2025\/11\/onlit_logo3-300x98.png 300w, https:\/\/dyslexiacanada.org\/wp-content\/uploads\/2025\/11\/onlit_logo3-768x251.png 768w, https:\/\/dyslexiacanada.org\/wp-content\/uploads\/2025\/11\/onlit_logo3-1536x501.png 1536w, https:\/\/dyslexiacanada.org\/wp-content\/uploads\/2025\/11\/onlit_logo3-2048x669.png 2048w\" sizes=\"(max-width: 800px) 100vw, 800px\" \/>\t\t\t\t\t\t\t\t\t\t\t\t\t\t\t<\/div>\n\t\t\t\t<\/div>\n\t\t\t\t<\/div>\n\t\t<div class=\"elementor-element elementor-element-0089f08 e-con-full e-flex e-con e-child\" data-id=\"0089f08\" data-element_type=\"container\">\n\t\t\t\t<div class=\"elementor-element elementor-element-05f04f0 elementor-widget elementor-widget-text-editor\" data-id=\"05f04f0\" data-element_type=\"widget\" data-widget_type=\"text-editor.default\">\n\t\t\t\t<div class=\"elementor-widget-container\">\n\t\t\t\t\t\t\t\t\t<p>En partenariat avec le minist\u00e8re de l&rsquo;\u00c9ducation de l&rsquo;Ontario, Dyslexia Canada a cr\u00e9\u00e9 ONlit.org, un site web offrant un acc\u00e8s gratuit \u00e0 du mat\u00e9riel p\u00e9dagogique et des possibilit\u00e9s d&rsquo;apprentissage professionnel pour les \u00e9ducateurs.<\/p>\t\t\t\t\t\t\t\t<\/div>\n\t\t\t\t<\/div>\n\t\t\t\t<\/div>\n\t\t\t\t<\/div>\n\t\t\t\t\t<\/div>\n\t\t\t\t<\/div>\n\t\t\t\t<\/div>\n\t\t\t\t<\/div>\n\t\t","protected":false},"excerpt":{"rendered":"<p>Enseignement efficace de la lecture : alphab\u00e9tisation structur\u00e9e Les chercheurs ont travaill\u00e9 pendant de nombreuses ann\u00e9es pour comprendre comment les enfants apprennent \u00e0 lire et pourquoi certains enfants ont des [&hellip;]<\/p>\n","protected":false},"author":7,"featured_media":0,"parent":5910,"menu_order":0,"comment_status":"closed","ping_status":"closed","template":"elementor_theme","meta":{"footnotes":""},"class_list":["post-5913","page","type-page","status-publish","hentry"],"_links":{"self":[{"href":"https:\/\/dyslexiacanada.org\/fr\/wp-json\/wp\/v2\/pages\/5913","targetHints":{"allow":["GET"]}}],"collection":[{"href":"https:\/\/dyslexiacanada.org\/fr\/wp-json\/wp\/v2\/pages"}],"about":[{"href":"https:\/\/dyslexiacanada.org\/fr\/wp-json\/wp\/v2\/types\/page"}],"author":[{"embeddable":true,"href":"https:\/\/dyslexiacanada.org\/fr\/wp-json\/wp\/v2\/users\/7"}],"replies":[{"embeddable":true,"href":"https:\/\/dyslexiacanada.org\/fr\/wp-json\/wp\/v2\/comments?post=5913"}],"version-history":[{"count":4,"href":"https:\/\/dyslexiacanada.org\/fr\/wp-json\/wp\/v2\/pages\/5913\/revisions"}],"predecessor-version":[{"id":6100,"href":"https:\/\/dyslexiacanada.org\/fr\/wp-json\/wp\/v2\/pages\/5913\/revisions\/6100"}],"up":[{"embeddable":true,"href":"https:\/\/dyslexiacanada.org\/fr\/wp-json\/wp\/v2\/pages\/5910"}],"wp:attachment":[{"href":"https:\/\/dyslexiacanada.org\/fr\/wp-json\/wp\/v2\/media?parent=5913"}],"curies":[{"name":"wp","href":"https:\/\/api.w.org\/{rel}","templated":true}]}}