{"id":5912,"date":"2025-04-09T17:31:02","date_gmt":"2025-04-09T21:31:02","guid":{"rendered":"https:\/\/dyslexiacanada.org\/documents-et-ressources-gratuits\/"},"modified":"2025-11-11T13:42:44","modified_gmt":"2025-11-11T18:42:44","slug":"documents-et-ressources-gratuits","status":"publish","type":"page","link":"https:\/\/dyslexiacanada.org\/fr\/participez\/documents-et-ressources-gratuits\/","title":{"rendered":"Documents et ressources gratuits"},"content":{"rendered":"\t\t<div data-elementor-type=\"wp-page\" data-elementor-id=\"5912\" class=\"elementor elementor-5912 elementor-812\" data-elementor-post-type=\"page\">\n\t\t\t\t<div class=\"elementor-element elementor-element-65169cae e-flex e-con-boxed e-con e-parent\" data-id=\"65169cae\" data-element_type=\"container\">\n\t\t\t\t\t<div class=\"e-con-inner\">\n\t\t\t\t<div class=\"elementor-element elementor-element-2f6a4807 elementor-widget elementor-widget-text-editor\" data-id=\"2f6a4807\" data-element_type=\"widget\" data-widget_type=\"text-editor.default\">\n\t\t\t\t<div class=\"elementor-widget-container\">\n\t\t\t\t\t\t\t\t\t<h1>Faire comprendre et sensibiliser<\/h1><p><span style=\"color: #2d2c2c; font-size: 20px; font-weight: 400;\">Nous cr\u00e9ons des ressources pour sensibiliser, soutenir les familles et les \u00e9ducateurs et dissiper les mythes courants sur la dyslexie. Nos documents contiennent des informations claires et pratiques qui permettent \u00e0 chacun de comprendre comment favoriser de bons r\u00e9sultats en lecture pour tous les enfants. <\/span><\/p><p data-start=\"372\" data-end=\"755\">Vous pouvez t\u00e9l\u00e9charger et imprimer vos propres copies des ressources PDF ci-dessous, ou utiliser le formulaire au bas de cette page pour demander des copies imprim\u00e9es. Nous nous ferons un plaisir de vous les envoyer gratuitement. Le formulaire comprend un espace de don facultatif pour ceux qui souhaitent contribuer \u00e0 couvrir les frais d&rsquo;impression et d&rsquo;exp\u00e9dition et nous aider \u00e0 continuer \u00e0 mettre ces ressources gratuitement \u00e0 la disposition des familles et des \u00e9coles.  <\/p><p data-start=\"757\" data-end=\"847\">Pour acc\u00e9der au <strong data-start=\"785\" data-end=\"804\">guide des parents de<\/strong> Dyslexia Canada, veuillez visiter la page d\u00e9di\u00e9e <a href=\"https:\/\/dyslexiacanada.org\/fr\/?page_id=5905\">ici.<\/a><\/p><ul class=\"wp-block-list\"><li><a href=\"https:\/\/dyslexiacanada.org\/wp-content\/uploads\/2025\/11\/What-is-Dyslexia-Booklet.pdf\">Qu&rsquo;est-ce que la dyslexie ? Livret de 8 pages<\/a>  (PDF)<\/li><li><a href=\"https:\/\/dyslexiacanada.org\/wp-content\/uploads\/2025\/11\/Quest-ce-que-la-Dyslexie-livret.pdf\" target=\"_blank\" rel=\"noreferrer noopener\">Qu&rsquo;est-ce que la dyslexie ? Livret de 8 pages <\/a>  (PDF)<\/li><li><a href=\"https:\/\/dyslexiacanada.org\/wp-content\/uploads\/2025\/11\/Checklist_111025_web.pdf\" target=\"_blank\" rel=\"noopener\">Carte de contr\u00f4le pour les parents<\/a> (PDF)<\/li><li><a href=\"https:\/\/dyslexiacanada.org\/wp-content\/uploads\/2025\/11\/Parent-Checklist-Rackcard-v2-FRENCH.pdf\" target=\"_blank\" rel=\"noreferrer noopener\">Liste de contr\u00f4le pour les parents<\/a> (PDF)<\/li><li><a href=\"https:\/\/dyslexiacanada.org\/wp-content\/uploads\/2025\/11\/Universal-Screening-Booklet.pdf\" target=\"_blank\" rel=\"noreferrer noopener\">Brochure sur le d\u00e9pistage universel<\/a> (PDF)<\/li><\/ul>\t\t\t\t\t\t\t\t<\/div>\n\t\t\t\t<\/div>\n\t\t\t\t\t<\/div>\n\t\t\t\t<\/div>\n\t\t<div class=\"elementor-element elementor-element-7c9245b e-flex e-con-boxed e-con e-parent\" data-id=\"7c9245b\" data-element_type=\"container\">\n\t\t\t\t\t<div class=\"e-con-inner\">\n\t\t\t\t<div class=\"elementor-element elementor-element-e013ef8 elementor-widget elementor-widget-html\" data-id=\"e013ef8\" data-element_type=\"widget\" data-widget_type=\"html.default\">\n\t\t\t\t<div class=\"elementor-widget-container\">\n\t\t\t\t\t\r\n<script type=\"text\/javascript\" src=\"https:\/\/pci.jotform.com\/jsform\/233054896473263\"><\/script>\t\t\t\t<\/div>\n\t\t\t\t<\/div>\n\t\t\t\t\t<\/div>\n\t\t\t\t<\/div>\n\t\t\t\t<\/div>\n\t\t","protected":false},"excerpt":{"rendered":"<p>Dyslexia Canada a le plaisir d&rsquo;offrir plusieurs ressources pour aider \u00e0 sensibiliser les gens \u00e0 la dyslexie. Nous vous encourageons \u00e0 les distribuer dans votre classe, votre biblioth\u00e8que ou lors d&rsquo;un \u00e9v\u00e9nement. Elles constituent un excellent compl\u00e9ment aux trousses de bienvenue \u00e0 la maternelle.    <\/p>\n","protected":false},"author":1,"featured_media":0,"parent":5948,"menu_order":0,"comment_status":"closed","ping_status":"closed","template":"elementor_theme","meta":{"footnotes":""},"class_list":["post-5912","page","type-page","status-publish","hentry"],"_links":{"self":[{"href":"https:\/\/dyslexiacanada.org\/fr\/wp-json\/wp\/v2\/pages\/5912","targetHints":{"allow":["GET"]}}],"collection":[{"href":"https:\/\/dyslexiacanada.org\/fr\/wp-json\/wp\/v2\/pages"}],"about":[{"href":"https:\/\/dyslexiacanada.org\/fr\/wp-json\/wp\/v2\/types\/page"}],"author":[{"embeddable":true,"href":"https:\/\/dyslexiacanada.org\/fr\/wp-json\/wp\/v2\/users\/1"}],"replies":[{"embeddable":true,"href":"https:\/\/dyslexiacanada.org\/fr\/wp-json\/wp\/v2\/comments?post=5912"}],"version-history":[{"count":1,"href":"https:\/\/dyslexiacanada.org\/fr\/wp-json\/wp\/v2\/pages\/5912\/revisions"}],"predecessor-version":[{"id":5914,"href":"https:\/\/dyslexiacanada.org\/fr\/wp-json\/wp\/v2\/pages\/5912\/revisions\/5914"}],"up":[{"embeddable":true,"href":"https:\/\/dyslexiacanada.org\/fr\/wp-json\/wp\/v2\/pages\/5948"}],"wp:attachment":[{"href":"https:\/\/dyslexiacanada.org\/fr\/wp-json\/wp\/v2\/media?parent=5912"}],"curies":[{"name":"wp","href":"https:\/\/api.w.org\/{rel}","templated":true}]}}