{"id":5899,"date":"2025-10-27T13:06:49","date_gmt":"2025-10-27T17:06:49","guid":{"rendered":"https:\/\/dyslexiacanada.org\/defense-des-interets\/"},"modified":"2025-11-11T13:42:44","modified_gmt":"2025-11-11T18:42:44","slug":"defense-des-interets","status":"publish","type":"page","link":"https:\/\/dyslexiacanada.org\/fr\/participez\/defense-des-interets\/","title":{"rendered":"D\u00e9fense des int\u00e9r\u00eats"},"content":{"rendered":"\t\t<div data-elementor-type=\"wp-page\" data-elementor-id=\"5899\" class=\"elementor elementor-5899 elementor-4602\" data-elementor-post-type=\"page\">\n\t\t\t\t<div class=\"elementor-element elementor-element-49257cc4 e-flex e-con-boxed e-con e-parent\" data-id=\"49257cc4\" data-element_type=\"container\">\n\t\t\t\t\t<div class=\"e-con-inner\">\n\t\t\t\t<div class=\"elementor-element elementor-element-2150fe0e elementor-widget elementor-widget-text-editor\" data-id=\"2150fe0e\" data-element_type=\"widget\" data-widget_type=\"text-editor.default\">\n\t\t\t\t<div class=\"elementor-widget-container\">\n\t\t\t\t\t\t\t\t\t<h2 class=\"wp-block-heading\">D\u00e9fendre le droit de lire<\/h2><p>C&rsquo;est par la d\u00e9fense des droits que le changement commence. Chaque avanc\u00e9e majeure dans la sensibilisation \u00e0 la dyslexie et la r\u00e9forme de l&rsquo;alphab\u00e9tisation au Canada a commenc\u00e9 par la prise de parole des familles, des \u00e9ducateurs et des membres de la communaut\u00e9. <\/p><p>Dans tout le pays, les actions de sensibilisation ont permis de r\u00e9aliser des progr\u00e8s significatifs :<\/p><ul class=\"wp-block-list\"><li>L&rsquo;enqu\u00eate sur le droit de lire en Ontario (2022) a \u00e9t\u00e9 lanc\u00e9e par la Commission ontarienne des droits de la personne en r\u00e9ponse aux appels persistants des familles et des organisations communautaires en faveur d&rsquo;un acc\u00e8s \u00e9quitable \u00e0 l&rsquo;enseignement de la lecture fond\u00e9 sur des donn\u00e9es probantes.<\/li><li>L&rsquo;<a href=\"https:\/\/saskhrc.ca\/media_release\/shrc-releases-equitable-education-for-students-with-reading-disabilities-report\/\" target=\"_blank\" rel=\"noopener\">enqu\u00eate de la Commission des droits de l&rsquo;homme de la Saskatchewan sur les r\u00e9sultats en mati\u00e8re d&rsquo;alphab\u00e9tisation et les pratiques d&rsquo;enseignement de la lecture<\/a> a \u00e9t\u00e9 motiv\u00e9e par des demandes similaires de la part de parents et d&rsquo;\u00e9ducateurs pr\u00e9occup\u00e9s par les r\u00e9sultats des \u00e9l\u00e8ves.<\/li><li>L&rsquo;<a href=\"https:\/\/www.manitobahumanrights.ca\/education\/pdf\/public-consultations\/supportingrighttoread.pdf\" target=\"_blank\" rel=\"noopener\">enqu\u00eate de la Commission des droits de l&rsquo;homme du Manitoba sur le droit \u00e0 la lecture<\/a> s&rsquo;inscrit dans cette dynamique, montrant que les voix collectives peuvent influencer les syst\u00e8mes et les politiques.<\/li><\/ul><p>Ces efforts ont un point commun : des personnes qui se sentent suffisamment concern\u00e9es pour agir.<\/p><h2 class=\"wp-block-heading\">Faites entendre votre voix<\/h2><p>Vous pouvez contribuer \u00e0 renforcer les mesures de soutien \u00e0 l&rsquo;alphab\u00e9tisation et \u00e0 la dyslexie dans votre province en vous adressant \u00e0 votre d\u00e9put\u00e9 provincial ou f\u00e9d\u00e9ral. Le fait de partager votre histoire fait la diff\u00e9rence. Vous n&rsquo;avez pas besoin d&rsquo;\u00eatre un expert, mais simplement quelqu&rsquo;un qui croit que chaque enfant m\u00e9rite d&rsquo;avoir la chance d&rsquo;apprendre \u00e0 lire.  <\/p><p>Lorsque vous r\u00e9digez votre message, vous pouvez inclure<\/p><ul class=\"wp-block-list\"><li>Pourquoi l&rsquo;alphab\u00e9tisation et l&rsquo;enseignement de la lecture pr\u00e9coce vous importent-ils personnellement ?<\/li><li>Comment la dyslexie ou les difficult\u00e9s de lecture ont affect\u00e9 votre enfant, vos \u00e9l\u00e8ves ou votre communaut\u00e9.<\/li><li>Les pratiques ou politiques fond\u00e9es sur des donn\u00e9es probantes que vous aimeriez voir mises en \u0153uvre dans votre province ou territoire.<\/li><li>Une demande \u00e0 votre repr\u00e9sentant \u00e9lu de donner la priorit\u00e9 \u00e0 la r\u00e9forme de l&rsquo;alphab\u00e9tisation et aux mesures de soutien \u00e0 la dyslexie.<\/li><\/ul><p>Restez \u00e0 l&rsquo;\u00e9coute et d\u00e9couvrez les mod\u00e8les de lettres qui vous aideront \u00e0 accomplir cette t\u00e2che importante !<\/p>\t\t\t\t\t\t\t\t<\/div>\n\t\t\t\t<\/div>\n\t\t\t\t\t<\/div>\n\t\t\t\t<\/div>\n\t\t\t\t<\/div>\n\t\t","protected":false},"excerpt":{"rendered":"<p>D\u00e9fendre le droit de lire C&rsquo;est par la d\u00e9fense des droits que le changement commence. Chaque avanc\u00e9e majeure dans la sensibilisation \u00e0 la dyslexie et la r\u00e9forme de l&rsquo;alphab\u00e9tisation au [&hellip;]<\/p>\n","protected":false},"author":12,"featured_media":0,"parent":5948,"menu_order":0,"comment_status":"closed","ping_status":"closed","template":"elementor_theme","meta":{"footnotes":""},"class_list":["post-5899","page","type-page","status-publish","hentry"],"_links":{"self":[{"href":"https:\/\/dyslexiacanada.org\/fr\/wp-json\/wp\/v2\/pages\/5899","targetHints":{"allow":["GET"]}}],"collection":[{"href":"https:\/\/dyslexiacanada.org\/fr\/wp-json\/wp\/v2\/pages"}],"about":[{"href":"https:\/\/dyslexiacanada.org\/fr\/wp-json\/wp\/v2\/types\/page"}],"author":[{"embeddable":true,"href":"https:\/\/dyslexiacanada.org\/fr\/wp-json\/wp\/v2\/users\/12"}],"replies":[{"embeddable":true,"href":"https:\/\/dyslexiacanada.org\/fr\/wp-json\/wp\/v2\/comments?post=5899"}],"version-history":[{"count":2,"href":"https:\/\/dyslexiacanada.org\/fr\/wp-json\/wp\/v2\/pages\/5899\/revisions"}],"predecessor-version":[{"id":5901,"href":"https:\/\/dyslexiacanada.org\/fr\/wp-json\/wp\/v2\/pages\/5899\/revisions\/5901"}],"up":[{"embeddable":true,"href":"https:\/\/dyslexiacanada.org\/fr\/wp-json\/wp\/v2\/pages\/5948"}],"wp:attachment":[{"href":"https:\/\/dyslexiacanada.org\/fr\/wp-json\/wp\/v2\/media?parent=5899"}],"curies":[{"name":"wp","href":"https:\/\/api.w.org\/{rel}","templated":true}]}}