{"id":5892,"date":"2025-07-23T14:31:50","date_gmt":"2025-07-23T18:31:50","guid":{"rendered":"https:\/\/dyslexiacanada.org\/boussole-de-la-dyslexie\/"},"modified":"2025-11-24T10:28:26","modified_gmt":"2025-11-24T15:28:26","slug":"boussole-de-la-dyslexie","status":"publish","type":"page","link":"https:\/\/dyslexiacanada.org\/fr\/boussole-de-la-dyslexie\/","title":{"rendered":"Boussole de la dyslexie"},"content":{"rendered":"\t\t<div data-elementor-type=\"wp-page\" data-elementor-id=\"5892\" class=\"elementor elementor-5892 elementor-2036\" data-elementor-post-type=\"page\">\n\t\t\t\t<div class=\"elementor-element elementor-element-4fcb91e hero-area e-flex e-con-boxed e-con e-parent\" data-id=\"4fcb91e\" data-element_type=\"container\" data-settings=\"{&quot;background_background&quot;:&quot;classic&quot;}\">\n\t\t\t\t\t<div class=\"e-con-inner\">\n\t\t<div class=\"elementor-element elementor-element-6c3b72c e-con-full e-flex e-con e-child\" data-id=\"6c3b72c\" data-element_type=\"container\">\n\t\t\t\t<div class=\"elementor-element elementor-element-625f440 elementor-widget elementor-widget-heading\" data-id=\"625f440\" data-element_type=\"widget\" data-widget_type=\"heading.default\">\n\t\t\t\t<div class=\"elementor-widget-container\">\n\t\t\t\t\t<h2 class=\"elementor-heading-title elementor-size-default\">Boussole de la dyslexie<\/h2>\t\t\t\t<\/div>\n\t\t\t\t<\/div>\n\t\t\t\t<\/div>\n\t\t\t\t\t<\/div>\n\t\t\t\t<\/div>\n\t\t<div class=\"elementor-element elementor-element-1662c97 e-flex e-con-boxed e-con e-parent\" data-id=\"1662c97\" data-element_type=\"container\">\n\t\t\t\t\t<div class=\"e-con-inner\">\n\t\t<div class=\"elementor-element elementor-element-d9c9561 e-con-full e-flex e-con e-child\" data-id=\"d9c9561\" data-element_type=\"container\">\n\t\t\t\t<div class=\"elementor-element elementor-element-629ae69 elementor-widget elementor-widget-text-editor\" data-id=\"629ae69\" data-element_type=\"widget\" data-widget_type=\"text-editor.default\">\n\t\t\t\t<div class=\"elementor-widget-container\">\n\t\t\t\t\t\t\t\t\t<h1>Soutien aux parents et aux soignants<\/h1><p class=\"\">Dyslexia Compass est le programme gratuit de soutien familial de Dyslexia Canada destin\u00e9 aux parents et aux personnes qui s&rsquo;occupent d&rsquo;enfants dyslexiques. \u00c0 Dyslexia Compass, nous comprenons que le meilleur soutien vient parfois de ceux qui ont v\u00e9cu des d\u00e9fis similaires. C&rsquo;est pourquoi notre programme vous met en contact avec une communaut\u00e9 chaleureuse et compr\u00e9hensive, vous offrant de l&rsquo;information et des conseils tout au long du processus visant \u00e0 d\u00e9terminer si votre enfant est atteint de dyslexie, \u00e0 obtenir des \u00e9valuations formelles, \u00e0 suivre le processus du PEI (plan d&rsquo;enseignement individualis\u00e9) et \u00e0 obtenir un soutien \u00e9motionnel. Notre \u00e9quipe de soutien est l\u00e0 pour vous aider \u00e0 chaque \u00e9tape de votre parcours.   <\/p><p class=\"\">Pour commencer, remplissez le formulaire d&rsquo;admission ci-dessous. Pour que votre exp\u00e9rience avec Dyslexia Compass se d\u00e9roule au mieux, veuillez nous fournir le plus d&rsquo;informations possible afin que nous puissions vous mettre en contact avec le membre de l&rsquo;\u00e9quipe le mieux adapt\u00e9 \u00e0 vos besoins, par e-mail, par t\u00e9l\u00e9phone ou par r\u00e9union virtuelle. <\/p><h3>Processus et attentes \u00e0 l&rsquo;\u00e9gard des parents et des personnes qui s&rsquo;occupent des enfants<\/h3><ul data-rte-list=\"default\"><li><p class=\"\">Contactez-nous si vous soup\u00e7onnez une dyslexie ou si vous avez re\u00e7u un diagnostic formel. Nous nous ferons un plaisir de r\u00e9pondre \u00e0 toutes vos questions. <\/p><\/li><li><p class=\"\">Une fois que vous avez rempli le formulaire d&rsquo;admission, v\u00e9rifiez dans votre dossier de courrier ind\u00e9sirable si vous n&rsquo;avez pas re\u00e7u de communication de notre part dans un d\u00e9lai d&rsquo;une semaine.<\/p><\/li><li><p class=\"\">Bien que nous nous efforcions d&rsquo;\u00e9tablir des connexions dans les 48 heures, il peut s&rsquo;\u00e9couler jusqu&rsquo;\u00e0 une semaine avant qu&rsquo;un membre de l&rsquo;\u00e9quipe ne soit mis en contact avec vous. Veuillez faire preuve de compr\u00e9hension \u00e0 l&rsquo;\u00e9gard des retards potentiels dans la correspondance, car nos volontaires peuvent se trouver dans des fuseaux horaires diff\u00e9rents ou avoir d&rsquo;autres engagements. <\/p><\/li><\/ul>\t\t\t\t\t\t\t\t<\/div>\n\t\t\t\t<\/div>\n\t\t\t\t<\/div>\n\t\t<div class=\"elementor-element elementor-element-36729bc e-con-full e-flex e-con e-child\" data-id=\"36729bc\" data-element_type=\"container\" data-settings=\"{&quot;background_background&quot;:&quot;classic&quot;}\">\n\t\t\t\t<div class=\"elementor-element elementor-element-d045fb0 elementor-widget elementor-widget-image\" data-id=\"d045fb0\" data-element_type=\"widget\" data-widget_type=\"image.default\">\n\t\t\t\t<div class=\"elementor-widget-container\">\n\t\t\t\t\t\t\t\t\t\t\t\t\t\t\t<img decoding=\"async\" width=\"400\" height=\"100\" src=\"https:\/\/dyslexiacanada.org\/wp-content\/uploads\/2024\/09\/Welcome.png\" class=\"attachment-large size-large wp-image-939\" alt=\"\" srcset=\"https:\/\/dyslexiacanada.org\/wp-content\/uploads\/2024\/09\/Welcome.png 400w, https:\/\/dyslexiacanada.org\/wp-content\/uploads\/2024\/09\/Welcome-300x75.png 300w\" sizes=\"(max-width: 400px) 100vw, 400px\" \/>\t\t\t\t\t\t\t\t\t\t\t\t\t\t\t<\/div>\n\t\t\t\t<\/div>\n\t\t<div class=\"elementor-element elementor-element-1017828 e-con-full e-flex e-con e-child\" data-id=\"1017828\" data-element_type=\"container\" data-settings=\"{&quot;background_background&quot;:&quot;classic&quot;}\">\n\t\t\t\t<div class=\"elementor-element elementor-element-665e5e4 elementor-widget elementor-widget-text-editor\" data-id=\"665e5e4\" data-element_type=\"widget\" data-widget_type=\"text-editor.default\">\n\t\t\t\t<div class=\"elementor-widget-container\">\n\t\t\t\t\t\t\t\t\t<p><em>\u00ab Faire participer ma petite-fille avec l&rsquo;aide de votre organisation va vraiment changer sa vie. Mes \u00e9changes avec la personne charg\u00e9e du soutien b\u00e9n\u00e9vole ont \u00e9t\u00e9 tr\u00e8s utiles. Nous avons maintenant trouv\u00e9 un tuteur et nous passons \u00e0 d&rsquo;autres pr\u00e9occupations. Je me sens tout \u00e0 fait libre de revenir vers la personne charg\u00e9e du soutien b\u00e9n\u00e9vole si n\u00e9cessaire. Je vous remercie. \u00bb<\/em><\/p>\t\t\t\t\t\t\t\t<\/div>\n\t\t\t\t<\/div>\n\t\t\t\t<\/div>\n\t\t\t\t<\/div>\n\t\t\t\t\t<\/div>\n\t\t\t\t<\/div>\n\t\t<div class=\"elementor-element elementor-element-9a2ca69 e-flex e-con-boxed e-con e-parent\" data-id=\"9a2ca69\" data-element_type=\"container\">\n\t\t\t\t\t<div class=\"e-con-inner\">\n\t\t\t\t<div class=\"elementor-element elementor-element-092d74a elementor-align-center elementor-widget elementor-widget-button\" data-id=\"092d74a\" data-element_type=\"widget\" data-widget_type=\"button.default\">\n\t\t\t\t<div class=\"elementor-widget-container\">\n\t\t\t\t\t\t\t\t\t<div class=\"elementor-button-wrapper\">\n\t\t\t\t\t<a class=\"elementor-button elementor-button-link elementor-size-sm\" href=\"https:\/\/form.jotform.com\/233466367265060\" target=\"_blank\" rel=\"noopener\">\n\t\t\t\t\t\t<span class=\"elementor-button-content-wrapper\">\n\t\t\t\t\t\t\t\t\t<span class=\"elementor-button-text\">Inscrivez-vous ici<\/span>\n\t\t\t\t\t<\/span>\n\t\t\t\t\t<\/a>\n\t\t\t\t<\/div>\n\t\t\t\t\t\t\t\t<\/div>\n\t\t\t\t<\/div>\n\t\t\t\t\t<\/div>\n\t\t\t\t<\/div>\n\t\t\t\t<\/div>\n\t\t","protected":false},"excerpt":{"rendered":"<p>Boussole de la dyslexie Soutien aux parents et aux soignants Dyslexia Compass est le programme gratuit de soutien familial de Dyslexia Canada destin\u00e9 aux parents et aux personnes qui s&rsquo;occupent [&hellip;]<\/p>\n","protected":false},"author":7,"featured_media":0,"parent":0,"menu_order":0,"comment_status":"closed","ping_status":"closed","template":"","meta":{"footnotes":""},"class_list":["post-5892","page","type-page","status-publish","hentry"],"_links":{"self":[{"href":"https:\/\/dyslexiacanada.org\/fr\/wp-json\/wp\/v2\/pages\/5892","targetHints":{"allow":["GET"]}}],"collection":[{"href":"https:\/\/dyslexiacanada.org\/fr\/wp-json\/wp\/v2\/pages"}],"about":[{"href":"https:\/\/dyslexiacanada.org\/fr\/wp-json\/wp\/v2\/types\/page"}],"author":[{"embeddable":true,"href":"https:\/\/dyslexiacanada.org\/fr\/wp-json\/wp\/v2\/users\/7"}],"replies":[{"embeddable":true,"href":"https:\/\/dyslexiacanada.org\/fr\/wp-json\/wp\/v2\/comments?post=5892"}],"version-history":[{"count":4,"href":"https:\/\/dyslexiacanada.org\/fr\/wp-json\/wp\/v2\/pages\/5892\/revisions"}],"predecessor-version":[{"id":6153,"href":"https:\/\/dyslexiacanada.org\/fr\/wp-json\/wp\/v2\/pages\/5892\/revisions\/6153"}],"wp:attachment":[{"href":"https:\/\/dyslexiacanada.org\/fr\/wp-json\/wp\/v2\/media?parent=5892"}],"curies":[{"name":"wp","href":"https:\/\/api.w.org\/{rel}","templated":true}]}}