{"id":5891,"date":"2025-10-14T12:45:08","date_gmt":"2025-10-14T16:45:08","guid":{"rendered":"https:\/\/dyslexiacanada.org\/reservez-un-conferencier\/"},"modified":"2025-11-11T13:42:44","modified_gmt":"2025-11-11T18:42:44","slug":"reservez-un-conferencier","status":"publish","type":"page","link":"https:\/\/dyslexiacanada.org\/fr\/participez\/reservez-un-conferencier\/","title":{"rendered":"R\u00e9servez un conf\u00e9rencier"},"content":{"rendered":"\t\t<div data-elementor-type=\"wp-page\" data-elementor-id=\"5891\" class=\"elementor elementor-5891 elementor-3984\" data-elementor-post-type=\"page\">\n\t\t\t\t<div class=\"elementor-element elementor-element-c2d6040 e-con-full e-flex e-con e-parent\" data-id=\"c2d6040\" data-element_type=\"container\">\n\t\t<div class=\"elementor-element elementor-element-9689f3f hero-area e-flex e-con-boxed e-con e-child\" data-id=\"9689f3f\" data-element_type=\"container\">\n\t\t\t\t\t<div class=\"e-con-inner\">\n\t\t\t\t<div class=\"elementor-element elementor-element-ab31603 elementor-widget elementor-widget-heading\" data-id=\"ab31603\" data-element_type=\"widget\" data-widget_type=\"heading.default\">\n\t\t\t\t<div class=\"elementor-widget-container\">\n\t\t\t\t\t<h2 class=\"elementor-heading-title elementor-size-default\">Demander un conf\u00e9rencier<\/h2>\t\t\t\t<\/div>\n\t\t\t\t<\/div>\n\t\t\t\t\t<\/div>\n\t\t\t\t<\/div>\n\t\t\t\t<\/div>\n\t\t<div class=\"elementor-element elementor-element-6ffa04a e-flex e-con-boxed e-con e-parent\" data-id=\"6ffa04a\" data-element_type=\"container\">\n\t\t\t\t\t<div class=\"e-con-inner\">\n\t\t\t\t<div class=\"elementor-element elementor-element-f7365f9 elementor-widget elementor-widget-text-editor\" data-id=\"f7365f9\" data-element_type=\"widget\" data-widget_type=\"text-editor.default\">\n\t\t\t\t<div class=\"elementor-widget-container\">\n\t\t\t\t\t\t\t\t\t<p class=\"p1\">\u00c0 Dyslexia Canada, notre personnel et nos b\u00e9n\u00e9voles sont passionn\u00e9s par le partage des connaissances et la sensibilisation \u00e0 la dyslexie et \u00e0 l&rsquo;alphab\u00e9tisation. Notre \u00e9quipe pr\u00e9sente des expos\u00e9s et des ateliers sur une vari\u00e9t\u00e9 de sujets, allant de la compr\u00e9hension de la dyslexie au soutien des pratiques d&rsquo;alphab\u00e9tisation fond\u00e9es sur des donn\u00e9es probantes dans les \u00e9coles et les collectivit\u00e9s. <\/p><p class=\"p1\">Nous sommes une petite \u00e9quipe et, bien que nous ne puissions pas r\u00e9pondre \u00e0 toutes les demandes, nous faisons de notre mieux pour soutenir le plus grand nombre d&rsquo;initiatives possible. Si vous souhaitez inviter un conf\u00e9rencier, veuillez remplir le formulaire ci-dessous en indiquant les d\u00e9tails de votre \u00e9v\u00e9nement. Cela nous aidera \u00e0 nous faire une id\u00e9e pr\u00e9cise de votre public, de vos objectifs et de votre calendrier, afin que nous puissions \u00e9tudier les possibilit\u00e9s de collaboration.  <\/p>\t\t\t\t\t\t\t\t<\/div>\n\t\t\t\t<\/div>\n\t\t\t\t\t<\/div>\n\t\t\t\t<\/div>\n\t\t<div class=\"elementor-element elementor-element-a854415 e-flex e-con-boxed e-con e-parent\" data-id=\"a854415\" data-element_type=\"container\">\n\t\t\t\t\t<div class=\"e-con-inner\">\n\t\t\t\t<div class=\"elementor-element elementor-element-913bfa4 elementor-widget elementor-widget-html\" data-id=\"913bfa4\" data-element_type=\"widget\" data-widget_type=\"html.default\">\n\t\t\t\t<div class=\"elementor-widget-container\">\n\t\t\t\t\t<script type=\"text\/javascript\" src=\"https:\/\/form.jotform.com\/jsform\/252865347496068\"><\/script>\t\t\t\t<\/div>\n\t\t\t\t<\/div>\n\t\t\t\t\t<\/div>\n\t\t\t\t<\/div>\n\t\t<div class=\"elementor-element elementor-element-aec54c6 e-flex e-con-boxed e-con e-parent\" data-id=\"aec54c6\" data-element_type=\"container\">\n\t\t\t\t\t<div class=\"e-con-inner\">\n\t\t\t\t<div class=\"elementor-element elementor-element-3c8321f elementor-widget elementor-widget-text-editor\" data-id=\"3c8321f\" data-element_type=\"widget\" data-widget_type=\"text-editor.default\">\n\t\t\t\t<div class=\"elementor-widget-container\">\n\t\t\t\t\t\t\t\t\t<h2>Nos intervenants<\/h2><p><strong>Alicia Smith<\/strong> est directrice g\u00e9n\u00e9rale de Dyslexia Canada. Elle milite avec passion en faveur d&rsquo;un changement syst\u00e9mique pour que tous les Canadiens atteints de dyslexie puissent r\u00e9aliser leur plein potentiel. Forte de son exp\u00e9rience personnelle de la dyslexie, elle apporte \u00e0 son r\u00f4le une perspective unique et profond\u00e9ment engag\u00e9e. Alicia travaille sans rel\u00e2che \u00e0 transformer le paysage \u00e9ducatif au Canada pour permettre \u00e0 tous les enfants de r\u00e9aliser leur droit d&rsquo;apprendre \u00e0 lire.   <\/p><p>T\u00e9l\u00e9chargez la photo d&rsquo;Alicia <a href=\"https:\/\/dyslexiacanada.org\/wp-content\/uploads\/2025\/10\/Alicia-Smith-headshot.jpg\">ici.<\/a><\/p><p><strong>Una Malcolm<\/strong> est directrice acad\u00e9mique de Dyslexia Canada, o\u00f9 elle travaille en collaboration avec des partenaires dans tout le Canada pour am\u00e9liorer les r\u00e9sultats de tous les enfants gr\u00e2ce \u00e0 un enseignement de la lecture et de l&rsquo;\u00e9criture fond\u00e9 sur des donn\u00e9es probantes. L&rsquo;une de ses principales fonctions est celle de chef de projet pour ONlit.org, un site Web financ\u00e9 par le minist\u00e8re de l&rsquo;Ontario qui aide les \u00e9ducateurs \u00e0 mettre en \u0153uvre le programme r\u00e9vis\u00e9 de l&rsquo;Ontario en mati\u00e8re de langues. Una est \u00e9galement enseignante \u00e0 temps partiel \u00e0 l&rsquo;Universit\u00e9 Mount St. Vincent, o\u00f9 elle enseigne dans le cadre du programme d&rsquo;enseignement sup\u00e9rieur.  <\/p><p>T\u00e9l\u00e9chargez la photo d&rsquo;Una <a href=\"https:\/\/dyslexiacanada.org\/wp-content\/uploads\/2025\/10\/Una-Malcolm-headshot.png\">ici.<\/a><\/p>\t\t\t\t\t\t\t\t<\/div>\n\t\t\t\t<\/div>\n\t\t\t\t\t<\/div>\n\t\t\t\t<\/div>\n\t\t\t\t<\/div>\n\t\t","protected":false},"excerpt":{"rendered":"<p>Demander un conf\u00e9rencier \u00c0 Dyslexia Canada, notre personnel et nos b\u00e9n\u00e9voles sont passionn\u00e9s par le partage des connaissances et la sensibilisation \u00e0 la dyslexie et \u00e0 l&rsquo;alphab\u00e9tisation. Notre \u00e9quipe pr\u00e9sente [&hellip;]<\/p>\n","protected":false},"author":12,"featured_media":0,"parent":5948,"menu_order":0,"comment_status":"closed","ping_status":"closed","template":"","meta":{"footnotes":""},"class_list":["post-5891","page","type-page","status-publish","hentry"],"_links":{"self":[{"href":"https:\/\/dyslexiacanada.org\/fr\/wp-json\/wp\/v2\/pages\/5891","targetHints":{"allow":["GET"]}}],"collection":[{"href":"https:\/\/dyslexiacanada.org\/fr\/wp-json\/wp\/v2\/pages"}],"about":[{"href":"https:\/\/dyslexiacanada.org\/fr\/wp-json\/wp\/v2\/types\/page"}],"author":[{"embeddable":true,"href":"https:\/\/dyslexiacanada.org\/fr\/wp-json\/wp\/v2\/users\/12"}],"replies":[{"embeddable":true,"href":"https:\/\/dyslexiacanada.org\/fr\/wp-json\/wp\/v2\/comments?post=5891"}],"version-history":[{"count":2,"href":"https:\/\/dyslexiacanada.org\/fr\/wp-json\/wp\/v2\/pages\/5891\/revisions"}],"predecessor-version":[{"id":5895,"href":"https:\/\/dyslexiacanada.org\/fr\/wp-json\/wp\/v2\/pages\/5891\/revisions\/5895"}],"up":[{"embeddable":true,"href":"https:\/\/dyslexiacanada.org\/fr\/wp-json\/wp\/v2\/pages\/5948"}],"wp:attachment":[{"href":"https:\/\/dyslexiacanada.org\/fr\/wp-json\/wp\/v2\/media?parent=5891"}],"curies":[{"name":"wp","href":"https:\/\/api.w.org\/{rel}","templated":true}]}}