{"id":5886,"date":"2025-08-08T21:53:17","date_gmt":"2025-08-09T01:53:17","guid":{"rendered":"https:\/\/dyslexiacanada.org\/mission-et-valeurs-2\/"},"modified":"2025-11-24T10:58:19","modified_gmt":"2025-11-24T15:58:19","slug":"mission-et-valeurs-2","status":"publish","type":"page","link":"https:\/\/dyslexiacanada.org\/fr\/mission-et-valeurs-2\/","title":{"rendered":"Mission et valeurs"},"content":{"rendered":"\t\t<div data-elementor-type=\"wp-page\" data-elementor-id=\"5886\" class=\"elementor elementor-5886 elementor-2599\" data-elementor-post-type=\"page\">\n\t\t\t\t<div class=\"elementor-element elementor-element-b6114f0 hero-area e-flex e-con-boxed e-con e-parent\" data-id=\"b6114f0\" data-element_type=\"container\">\n\t\t\t\t\t<div class=\"e-con-inner\">\n\t\t\t\t<div class=\"elementor-element elementor-element-10c8ea2 elementor-widget elementor-widget-heading\" data-id=\"10c8ea2\" data-element_type=\"widget\" data-widget_type=\"heading.default\">\n\t\t\t\t<div class=\"elementor-widget-container\">\n\t\t\t\t\t<h2 class=\"elementor-heading-title elementor-size-default\">Mission et valeurs<\/h2>\t\t\t\t<\/div>\n\t\t\t\t<\/div>\n\t\t\t\t\t<\/div>\n\t\t\t\t<\/div>\n\t\t<div class=\"elementor-element elementor-element-44339de e-flex e-con-boxed e-con e-parent\" data-id=\"44339de\" data-element_type=\"container\">\n\t\t\t\t\t<div class=\"e-con-inner\">\n\t\t\t\t<div class=\"elementor-element elementor-element-0c65575 elementor-widget elementor-widget-text-editor\" data-id=\"0c65575\" data-element_type=\"widget\" data-widget_type=\"text-editor.default\">\n\t\t\t\t<div class=\"elementor-widget-container\">\n\t\t\t\t\t\t\t\t\t<h3 data-start=\"83\" data-end=\"96\">Notre mission<\/h3><p data-start=\"97\" data-end=\"227\">Dyslexia Canada est une organisation de bienfaisance nationale qui s&rsquo;engage \u00e0 faire en sorte que chaque enfant atteint de dyslexie re\u00e7oive une \u00e9ducation juste et \u00e9quitable.<\/p><h3 data-start=\"229\" data-end=\"244\">Notre histoire<\/h3><p data-start=\"245\" data-end=\"717\">Dyslexia Canada a \u00e9t\u00e9 fond\u00e9 en 2016 par un groupe de personnes dyslexies qui ont r\u00e9ussi et de parents d\u2019enfants dyslexiques. Ils ont reconnu que le syst\u00e8me \u00e9ducatif ne r\u00e9pondait pas aux besoins de la g\u00e9n\u00e9ration actuelle d&rsquo;enfants dyslexiques et ont entrepris de changer cela. D\u00e8s le d\u00e9but, le groupe a choisi de se concentrer sur l&rsquo;\u00e9ducation publique parce qu&rsquo;elle est accessible \u00e0 tous les enfants \u00e0 travers le pays et repr\u00e9sente le levier le plus puissant pour obtenir un impact \u00e0 grande \u00e9chelle.  <\/p><p data-start=\"719\" data-end=\"1104\">Pour comprendre ce qui devait changer, ils ont men\u00e9 des recherches approfondies, consult\u00e9 des experts \u00e0 travers le Canada et \u00e0 l&rsquo;\u00e9tranger, et examin\u00e9 les politiques et pratiques scolaires existantes. Ce travail leur a permis d&rsquo;identifier quatre domaines cl\u00e9s qui doivent \u00eatre abord\u00e9s pour garantir que les enfants dyslexiques re\u00e7oivent le soutien dont ils ont besoin pour s&rsquo;\u00e9panouir et prendre un bon d\u00e9part \u00e0 l&rsquo;\u00e9cole et dans la vie : <\/p><ol data-start=\"1106\" data-end=\"1843\"><li data-start=\"1106\" data-end=\"1264\"><p data-start=\"1109\" data-end=\"1264\"><strong data-start=\"95\" data-end=\"120\">Enseignement en classe<\/strong> &#8211; D\u00e8s le d\u00e9part, la priorit\u00e9 absolue de Dyslexia Canada a \u00e9t\u00e9 d&rsquo;am\u00e9liorer l&rsquo;enseignement de la lecture. \u00c0 l&rsquo;\u00e9poque de notre cr\u00e9ation, la plupart des \u00e9coles utilisaient des m\u00e9thodes inefficaces, laissant de nombreux enfants &#8211; dyslexiques ou non &#8211; en difficult\u00e9 pour lire. Cette situation d\u00e9bordait les ressources de l&rsquo;\u00e9ducation sp\u00e9cialis\u00e9e et laissait peu de soutien aux \u00e9l\u00e8ves dyslexiques qui avaient besoin d&rsquo;une aide cibl\u00e9e. En plaidant en faveur d&rsquo;un enseignement fond\u00e9 sur des donn\u00e9es probantes pour tous, nous visons \u00e0 r\u00e9duire cette charge et \u00e0 faire en sorte que les enfants dyslexiques b\u00e9n\u00e9ficient des programmes dont ils ont besoin. Notre travail dans ce domaine a entra\u00een\u00e9 des changements majeurs : en 2025, la majorit\u00e9 des provinces ont mis \u00e0 jour leur programme d&rsquo;\u00e9tudes ou se sont engag\u00e9es \u00e0 le faire afin de s&rsquo;aligner sur la science de la lecture.    <\/p><\/li><li data-start=\"1265\" data-end=\"1447\"><p data-start=\"1268\" data-end=\"1447\"><strong data-start=\"1268\" data-end=\"1304\">D\u00e9pistage de la lecture fond\u00e9 sur des donn\u00e9es probantes <\/strong>&#8211; Depuis des d\u00e9cennies, il existe des outils de d\u00e9pistage efficaces permettant d&rsquo;identifier les enfants susceptibles d&rsquo;\u00e9prouver des difficult\u00e9s de lecture d\u00e8s la maternelle. Pourtant, lors de la cr\u00e9ation de Dyslexie Canada, aucune province n&rsquo;avait mis en place un d\u00e9pistage universel. Souvent, les enfants n&rsquo;\u00e9taient pas identifi\u00e9s comme ayant des probl\u00e8mes de lecture avant la troisi\u00e8me ann\u00e9e ou plus tard, alors qu&rsquo;ils avaient souvent des ann\u00e9es de retard sur leurs camarades, et que leur estime de soi et leur confiance en eux \u00e9taient \u00e9branl\u00e9es. Changer cela a \u00e9t\u00e9 une priorit\u00e9 centrale. \u00c0 partir de l&rsquo;automne 2025, 61 % des enfants de la maternelle \u00e0 la deuxi\u00e8me ann\u00e9e du primaire au Canada seront soumis \u00e0 un d\u00e9pistage conform\u00e9ment aux nouvelles lignes directrices provinciales &#8211; une \u00e9tape cruciale vers l&rsquo;identification et le soutien pr\u00e9coces.    <\/p><\/li><li data-start=\"1448\" data-end=\"1671\"><p data-start=\"1451\" data-end=\"1671\"><strong data-start=\"147\" data-end=\"191\">Intervention pr\u00e9coce et continue efficace<\/strong> &#8211; Trop souvent, les enfants qui ont besoin de plus que l&rsquo;enseignement en classe ne re\u00e7oivent pas l&rsquo;aide dont ils ont besoin, \u00e0 moins que les parents ne soient en mesure de payer des cours particuliers ou qu&rsquo;ils ne deviennent des d\u00e9fenseurs acharn\u00e9s de leur cause. Cette situation cr\u00e9e un grave d\u00e9ficit d&rsquo;\u00e9quit\u00e9. L&rsquo;intervention est beaucoup plus efficace lorsqu&rsquo;elle commence d\u00e8s la maternelle ou la premi\u00e8re ann\u00e9e, mais elle est encore souvent retard\u00e9e jusqu&rsquo;\u00e0 la troisi\u00e8me ann\u00e9e ou plus tard. Nous plaidons pour que le soutien commence d\u00e8s que les enfants sont identifi\u00e9s par le d\u00e9pistage, avant qu&rsquo;ils ne prennent du retard, et qu&rsquo;il se poursuive aussi longtemps que n\u00e9cessaire pour qu&rsquo;ils puissent r\u00e9ussir \u00e0 l&rsquo;\u00e9cole. L&rsquo;intervention doit \u00e9galement faire l&rsquo;objet d&rsquo;un suivi \u00e9troit afin que les parents sachent si elle a lieu et si elle est efficace.    <\/p><\/li><li data-start=\"1672\" data-end=\"1843\"><p data-start=\"2263\" data-end=\"2983\"><strong data-start=\"2263\" data-end=\"2295\">Formation et soutien des enseignants<\/strong> &#8211; Partout au Canada, les enseignants ont \u00e9t\u00e9 d\u00e9\u00e7us par les programmes de pr\u00e9paration universitaire qui ignorent souvent la science de l&rsquo;apprentissage et promeuvent des id\u00e9es d\u00e9pass\u00e9es sur la lecture et la dyslexie. Les nouveaux enseignants ne sont donc pas pr\u00e9par\u00e9s et les enseignants en poste n&rsquo;ont pas les connaissances et les comp\u00e9tences dont ils ont besoin. Nous plaidons pour une modification des normes de formation des enseignants afin que tous les nouveaux enseignants obtiennent leur dipl\u00f4me en \u00e9tant pr\u00eats \u00e0 enseigner la lecture \u00e0 tous les enfants. Parall\u00e8lement, nous soutenons les enseignants en poste par le biais d&rsquo;un apprentissage professionnel et de ressources pratiques. Notre projet <g id=\"gid_1\">ONlit<\/g>, cr\u00e9\u00e9 en partenariat avec la province de l&rsquo;Ontario, est devenu une communaut\u00e9 chaleureuse et accueillante de plus de 20 000 \u00e9ducateurs de tout le Canada. Les membres participent r\u00e9guli\u00e8rement \u00e0 des groupes de discussion Zoom, utilisent notre vaste biblioth\u00e8que de ressources, se connectent avec des experts et travaillent ensemble pour introduire dans leurs classes un enseignement de la lecture et de l&rsquo;\u00e9criture fond\u00e9 sur des donn\u00e9es probantes.     <\/p><\/li><\/ol><h3 data-start=\"1845\" data-end=\"1861\">Nos valeurs<\/h3><p data-start=\"1862\" data-end=\"1975\">\u00c0 Dyslexia Canada, notre travail est guid\u00e9 par un ensemble de valeurs qui refl\u00e8tent notre engagement envers les enfants et les familles :<\/p><ul data-start=\"1977\" data-end=\"2565\"><li data-start=\"1977\" data-end=\"2133\"><p data-start=\"1979\" data-end=\"2133\"><strong data-start=\"1979\" data-end=\"1989\">\u00c9quit\u00e9<\/strong> &#8211; Chaque enfant m\u00e9rite d&rsquo;avoir acc\u00e8s \u00e0 l&rsquo;enseignement et au soutien dont il a besoin pour r\u00e9ussir, quel que soit son lieu de r\u00e9sidence ou les ressources de sa famille.<\/p><\/li><li data-start=\"2134\" data-end=\"2273\"><p data-start=\"2136\" data-end=\"2273\"><strong data-start=\"2136\" data-end=\"2148\">Preuves<\/strong> &#8211; Nous pr\u00e9conisons des approches de l&rsquo;enseignement et de l&rsquo;apprentissage fond\u00e9es sur les meilleures recherches disponibles.<\/p><\/li><li data-start=\"2274\" data-end=\"2412\"><p data-start=\"2276\" data-end=\"2412\"><strong data-start=\"2276\" data-end=\"2293\">Collaboration<\/strong> &#8211; Le changement n&rsquo;est possible que lorsque les familles, les \u00e9ducateurs, les chercheurs et les d\u00e9cideurs politiques travaillent ensemble \u00e0 la r\u00e9alisation d&rsquo;un objectif commun.<\/p><\/li><li data-start=\"2413\" data-end=\"2565\"><p data-start=\"2415\" data-end=\"2565\"><strong data-start=\"2415\" data-end=\"2428\">Inclusion<\/strong> &#8211; Nous croyons en la cr\u00e9ation d&rsquo;environnements o\u00f9 les enfants dyslexiques se sentent compris, soutenus et habilit\u00e9s \u00e0 atteindre leur plein potentiel.<\/p><\/li><\/ul>\t\t\t\t\t\t\t\t<\/div>\n\t\t\t\t<\/div>\n\t\t\t\t\t<\/div>\n\t\t\t\t<\/div>\n\t\t\t\t<\/div>\n\t\t","protected":false},"excerpt":{"rendered":"<p>Mission et valeurs Notre mission Dyslexia Canada est une organisation de bienfaisance nationale qui s&rsquo;engage \u00e0 faire en sorte que chaque enfant atteint de dyslexie re\u00e7oive une \u00e9ducation juste et [&hellip;]<\/p>\n","protected":false},"author":7,"featured_media":0,"parent":0,"menu_order":0,"comment_status":"closed","ping_status":"closed","template":"","meta":{"footnotes":""},"class_list":["post-5886","page","type-page","status-publish","hentry"],"_links":{"self":[{"href":"https:\/\/dyslexiacanada.org\/fr\/wp-json\/wp\/v2\/pages\/5886","targetHints":{"allow":["GET"]}}],"collection":[{"href":"https:\/\/dyslexiacanada.org\/fr\/wp-json\/wp\/v2\/pages"}],"about":[{"href":"https:\/\/dyslexiacanada.org\/fr\/wp-json\/wp\/v2\/types\/page"}],"author":[{"embeddable":true,"href":"https:\/\/dyslexiacanada.org\/fr\/wp-json\/wp\/v2\/users\/7"}],"replies":[{"embeddable":true,"href":"https:\/\/dyslexiacanada.org\/fr\/wp-json\/wp\/v2\/comments?post=5886"}],"version-history":[{"count":6,"href":"https:\/\/dyslexiacanada.org\/fr\/wp-json\/wp\/v2\/pages\/5886\/revisions"}],"predecessor-version":[{"id":6172,"href":"https:\/\/dyslexiacanada.org\/fr\/wp-json\/wp\/v2\/pages\/5886\/revisions\/6172"}],"wp:attachment":[{"href":"https:\/\/dyslexiacanada.org\/fr\/wp-json\/wp\/v2\/media?parent=5886"}],"curies":[{"name":"wp","href":"https:\/\/api.w.org\/{rel}","templated":true}]}}