{"id":5884,"date":"2025-07-23T14:25:06","date_gmt":"2025-07-23T18:25:06","guid":{"rendered":"https:\/\/dyslexiacanada.org\/nos-partenaires\/"},"modified":"2025-11-11T13:46:37","modified_gmt":"2025-11-11T18:46:37","slug":"nos-partenaires","status":"publish","type":"page","link":"https:\/\/dyslexiacanada.org\/fr\/a-propos-de-nous\/nos-partenaires\/","title":{"rendered":"Nos partenaires"},"content":{"rendered":"\t\t<div data-elementor-type=\"wp-page\" data-elementor-id=\"5884\" class=\"elementor elementor-5884 elementor-2034\" data-elementor-post-type=\"page\">\n\t\t\t\t<div class=\"elementor-element elementor-element-e89917f hero-area e-flex e-con-boxed e-con e-parent\" data-id=\"e89917f\" data-element_type=\"container\" data-e-type=\"container\">\n\t\t\t\t\t<div class=\"e-con-inner\">\n\t\t\t\t<div class=\"elementor-element elementor-element-da70512 elementor-widget elementor-widget-heading\" data-id=\"da70512\" data-element_type=\"widget\" data-e-type=\"widget\" data-widget_type=\"heading.default\">\n\t\t\t\t<div class=\"elementor-widget-container\">\n\t\t\t\t\t<h2 class=\"elementor-heading-title elementor-size-default\">Nos partenaires<\/h2>\t\t\t\t<\/div>\n\t\t\t\t<\/div>\n\t\t\t\t\t<\/div>\n\t\t\t\t<\/div>\n\t\t<div class=\"elementor-element elementor-element-990cb4f e-flex e-con-boxed e-con e-parent\" data-id=\"990cb4f\" data-element_type=\"container\" data-e-type=\"container\">\n\t\t\t\t\t<div class=\"e-con-inner\">\n\t\t\t\t<div class=\"elementor-element elementor-element-08a7d20 elementor-widget elementor-widget-text-editor\" data-id=\"08a7d20\" data-element_type=\"widget\" data-e-type=\"widget\" data-widget_type=\"text-editor.default\">\n\t\t\t\t<div class=\"elementor-widget-container\">\n\t\t\t\t\t\t\t\t\t<p class=\"\">Gr\u00e2ce \u00e0 des partenariats avec des organismes publics, priv\u00e9s et sans but lucratif, Dyslexia Canada contribue \u00e0 faire entendre une voix nationale forte pour que les enfants canadiens atteints de dyslexie re\u00e7oivent une \u00e9ducation juste et \u00e9quitable.  <\/p><p class=\"\">Le soutien de nos partenaires prend de nombreuses formes : soutien financier et parrainage, services en nature et dons, soutien pratique. Nos partenaires sont des entreprises, des donateurs priv\u00e9s, des organisations \u00e0 but non lucratif partageant les m\u00eames id\u00e9es, des \u00e9coles et des universit\u00e9s, ainsi que des partenaires m\u00e9diatiques. <\/p>\t\t\t\t\t\t\t\t<\/div>\n\t\t\t\t<\/div>\n\t\t\t\t<div class=\"elementor-element elementor-element-06d2991 elementor-widget-divider--view-line elementor-widget elementor-widget-divider\" data-id=\"06d2991\" data-element_type=\"widget\" data-e-type=\"widget\" data-widget_type=\"divider.default\">\n\t\t\t\t<div class=\"elementor-widget-container\">\n\t\t\t\t\t\t\t<div class=\"elementor-divider\">\n\t\t\t<span class=\"elementor-divider-separator\">\n\t\t\t\t\t\t<\/span>\n\t\t<\/div>\n\t\t\t\t\t\t<\/div>\n\t\t\t\t<\/div>\n\t\t\t\t<div class=\"elementor-element elementor-element-c98d099 elementor-widget elementor-widget-text-editor\" data-id=\"c98d099\" data-element_type=\"widget\" data-e-type=\"widget\" data-widget_type=\"text-editor.default\">\n\t\t\t\t<div class=\"elementor-widget-container\">\n\t\t\t\t\t\t\t\t\t<h2 id=\"yui_3_17_2_1_1753811226353_715\">Champions<\/h2><p>Nos champions ont consacr\u00e9 leur expertise organisationnelle, leur \u00e9nergie et leur compassion \u00e0 trouver des moyens d&rsquo;accro\u00eetre la port\u00e9e, la capacit\u00e9 et l&rsquo;influence de Dyslexia Canada.<\/p>\t\t\t\t\t\t\t\t<\/div>\n\t\t\t\t<\/div>\n\t\t<div class=\"elementor-element elementor-element-42185e5 e-grid e-con-full e-con e-child\" data-id=\"42185e5\" data-element_type=\"container\" data-e-type=\"container\">\n\t\t\t\t<div class=\"elementor-element elementor-element-5b82932 elementor-widget elementor-widget-heading\" data-id=\"5b82932\" data-element_type=\"widget\" data-e-type=\"widget\" data-widget_type=\"heading.default\">\n\t\t\t\t<div class=\"elementor-widget-container\">\n\t\t\t\t\t<h2 class=\"elementor-heading-title elementor-size-default\">Howard Green<\/h2>\t\t\t\t<\/div>\n\t\t\t\t<\/div>\n\t\t\t\t<div class=\"elementor-element elementor-element-9122696 elementor-widget elementor-widget-heading\" data-id=\"9122696\" data-element_type=\"widget\" data-e-type=\"widget\" data-widget_type=\"heading.default\">\n\t\t\t\t<div class=\"elementor-widget-container\">\n\t\t\t\t\t<h2 class=\"elementor-heading-title elementor-size-default\">George Booth<\/h2>\t\t\t\t<\/div>\n\t\t\t\t<\/div>\n\t\t\t\t<\/div>\n\t\t<div class=\"elementor-element elementor-element-2954b70 e-grid e-con-boxed e-con e-child\" data-id=\"2954b70\" data-element_type=\"container\" data-e-type=\"container\">\n\t\t\t\t\t<div class=\"e-con-inner\">\n\t\t\t\t<div class=\"elementor-element elementor-element-1c146e4 elementor-widget elementor-widget-image\" data-id=\"1c146e4\" data-element_type=\"widget\" data-e-type=\"widget\" data-widget_type=\"image.default\">\n\t\t\t\t<div class=\"elementor-widget-container\">\n\t\t\t\t\t\t\t\t\t\t\t\t\t\t\t\t<a href=\"https:\/\/www.firstinsurancefunding.ca\" target=\"_blank\" rel=\"noopener\">\n\t\t\t\t\t\t\t<img fetchpriority=\"high\" decoding=\"async\" width=\"1610\" height=\"602\" src=\"https:\/\/dyslexiacanada.org\/wp-content\/uploads\/2025\/07\/fifc.png\" class=\"attachment-full size-full wp-image-2331\" alt=\"\" srcset=\"https:\/\/dyslexiacanada.org\/wp-content\/uploads\/2025\/07\/fifc.png 1610w, https:\/\/dyslexiacanada.org\/wp-content\/uploads\/2025\/07\/fifc-300x112.png 300w, https:\/\/dyslexiacanada.org\/wp-content\/uploads\/2025\/07\/fifc-1024x383.png 1024w, https:\/\/dyslexiacanada.org\/wp-content\/uploads\/2025\/07\/fifc-768x287.png 768w, https:\/\/dyslexiacanada.org\/wp-content\/uploads\/2025\/07\/fifc-1536x574.png 1536w\" sizes=\"(max-width: 1610px) 100vw, 1610px\" \/>\t\t\t\t\t\t\t\t<\/a>\n\t\t\t\t\t\t\t\t\t\t\t\t\t\t\t<\/div>\n\t\t\t\t<\/div>\n\t\t\t\t<div class=\"elementor-element elementor-element-8986fd3 elementor-widget elementor-widget-image\" data-id=\"8986fd3\" data-element_type=\"widget\" data-e-type=\"widget\" data-widget_type=\"image.default\">\n\t\t\t\t<div class=\"elementor-widget-container\">\n\t\t\t\t\t\t\t\t\t\t\t\t\t\t\t\t<a href=\"https:\/\/www.cpacanada.ca\" target=\"_blank\" rel=\"noopener\">\n\t\t\t\t\t\t\t<img decoding=\"async\" width=\"800\" height=\"359\" src=\"https:\/\/dyslexiacanada.org\/wp-content\/uploads\/2025\/07\/chartered-professional-accountant-chartered-accountant-certified-public-accountant-cpa-canada-png-favpng-7TrGGHSrWjiSMK95WVz6ba2fu.png\" class=\"attachment-large size-large wp-image-2329\" alt=\"\" srcset=\"https:\/\/dyslexiacanada.org\/wp-content\/uploads\/2025\/07\/chartered-professional-accountant-chartered-accountant-certified-public-accountant-cpa-canada-png-favpng-7TrGGHSrWjiSMK95WVz6ba2fu.png 820w, https:\/\/dyslexiacanada.org\/wp-content\/uploads\/2025\/07\/chartered-professional-accountant-chartered-accountant-certified-public-accountant-cpa-canada-png-favpng-7TrGGHSrWjiSMK95WVz6ba2fu-300x135.png 300w, https:\/\/dyslexiacanada.org\/wp-content\/uploads\/2025\/07\/chartered-professional-accountant-chartered-accountant-certified-public-accountant-cpa-canada-png-favpng-7TrGGHSrWjiSMK95WVz6ba2fu-768x345.png 768w\" sizes=\"(max-width: 800px) 100vw, 800px\" \/>\t\t\t\t\t\t\t\t<\/a>\n\t\t\t\t\t\t\t\t\t\t\t\t\t\t\t<\/div>\n\t\t\t\t<\/div>\n\t\t\t\t\t<\/div>\n\t\t\t\t<\/div>\n\t\t\t\t\t<\/div>\n\t\t\t\t<\/div>\n\t\t<div class=\"elementor-element elementor-element-31de105 e-flex e-con-boxed e-con e-parent\" data-id=\"31de105\" data-element_type=\"container\" data-e-type=\"container\">\n\t\t\t\t\t<div class=\"e-con-inner\">\n\t\t\t\t<div class=\"elementor-element elementor-element-183f980 elementor-widget elementor-widget-text-editor\" data-id=\"183f980\" data-element_type=\"widget\" data-e-type=\"widget\" data-widget_type=\"text-editor.default\">\n\t\t\t\t<div class=\"elementor-widget-container\">\n\t\t\t\t\t\t\t\t\t<div id=\"block-4c4ce3c05d04752b69b1\" class=\"sqs-block html-block sqs-block-html\" data-block-type=\"2\" data-border-radii=\"{\"topLeft\":{\"unit\":\"px\",\"value\":0.0},\"topRight\":{\"unit\":\"px\",\"value\":0.0},\"bottomLeft\":{\"unit\":\"px\",\"value\":0.0},\"bottomRight\":{\"unit\":\"px\",\"value\":0.0}}\"><div class=\"sqs-block-content\"><div class=\"sqs-html-content\"><h2>Parrains<\/h2><p class=\"\">Nos sponsors s&rsquo;engagent \u00e0 soutenir les programmes, les services, les informations et les aides n\u00e9cessaires pour que tous les enfants du Canada re\u00e7oivent une \u00e9ducation juste et \u00e9quitable.<\/p><\/div><\/div><\/div>\t\t\t\t\t\t\t\t<\/div>\n\t\t\t\t<\/div>\n\t\t<div class=\"elementor-element elementor-element-b5ecd9d e-grid e-con-full e-con e-child\" data-id=\"b5ecd9d\" data-element_type=\"container\" data-e-type=\"container\">\n\t\t\t\t<div class=\"elementor-element elementor-element-c4e80e4 elementor-widget elementor-widget-image\" data-id=\"c4e80e4\" data-element_type=\"widget\" data-e-type=\"widget\" data-widget_type=\"image.default\">\n\t\t\t\t<div class=\"elementor-widget-container\">\n\t\t\t\t\t\t\t\t\t\t\t\t\t\t\t\t<a href=\"https:\/\/www.kyndryl.com\/ca\/en\" target=\"_blank\" rel=\"noopener\">\n\t\t\t\t\t\t\t<img decoding=\"async\" width=\"500\" height=\"500\" src=\"https:\/\/dyslexiacanada.org\/wp-content\/uploads\/2025\/07\/Kyndryl.jpg\" class=\"attachment-large size-large wp-image-2299\" alt=\"\" srcset=\"https:\/\/dyslexiacanada.org\/wp-content\/uploads\/2025\/07\/Kyndryl.jpg 500w, https:\/\/dyslexiacanada.org\/wp-content\/uploads\/2025\/07\/Kyndryl-300x300.jpg 300w, https:\/\/dyslexiacanada.org\/wp-content\/uploads\/2025\/07\/Kyndryl-150x150.jpg 150w\" sizes=\"(max-width: 500px) 100vw, 500px\" \/>\t\t\t\t\t\t\t\t<\/a>\n\t\t\t\t\t\t\t\t\t\t\t\t\t\t\t<\/div>\n\t\t\t\t<\/div>\n\t\t\t\t<div class=\"elementor-element elementor-element-4f6dafc elementor-widget elementor-widget-image\" data-id=\"4f6dafc\" data-element_type=\"widget\" data-e-type=\"widget\" data-widget_type=\"image.default\">\n\t\t\t\t<div class=\"elementor-widget-container\">\n\t\t\t\t\t\t\t\t\t\t\t\t\t\t\t\t<a href=\"https:\/\/www.sasktel.com\/store\/browse\/Personal\/_\/N-26v0\" target=\"_blank\" rel=\"noopener\">\n\t\t\t\t\t\t\t<img loading=\"lazy\" decoding=\"async\" width=\"500\" height=\"500\" src=\"https:\/\/dyslexiacanada.org\/wp-content\/uploads\/2025\/07\/Sasktel.png\" class=\"attachment-large size-large wp-image-2297\" alt=\"\" srcset=\"https:\/\/dyslexiacanada.org\/wp-content\/uploads\/2025\/07\/Sasktel.png 500w, https:\/\/dyslexiacanada.org\/wp-content\/uploads\/2025\/07\/Sasktel-300x300.png 300w, https:\/\/dyslexiacanada.org\/wp-content\/uploads\/2025\/07\/Sasktel-150x150.png 150w\" sizes=\"(max-width: 500px) 100vw, 500px\" \/>\t\t\t\t\t\t\t\t<\/a>\n\t\t\t\t\t\t\t\t\t\t\t\t\t\t\t<\/div>\n\t\t\t\t<\/div>\n\t\t\t\t<div class=\"elementor-element elementor-element-b64fdb3 elementor-widget elementor-widget-image\" data-id=\"b64fdb3\" data-element_type=\"widget\" data-e-type=\"widget\" data-widget_type=\"image.default\">\n\t\t\t\t<div class=\"elementor-widget-container\">\n\t\t\t\t\t\t\t\t\t\t\t\t\t\t\t\t<a href=\"https:\/\/interpipeline.com\/\" target=\"_blank\" rel=\"noopener\">\n\t\t\t\t\t\t\t<img loading=\"lazy\" decoding=\"async\" width=\"500\" height=\"500\" src=\"https:\/\/dyslexiacanada.org\/wp-content\/uploads\/2025\/07\/Interpipeline.png\" class=\"attachment-large size-large wp-image-2295\" alt=\"\" srcset=\"https:\/\/dyslexiacanada.org\/wp-content\/uploads\/2025\/07\/Interpipeline.png 500w, https:\/\/dyslexiacanada.org\/wp-content\/uploads\/2025\/07\/Interpipeline-300x300.png 300w, https:\/\/dyslexiacanada.org\/wp-content\/uploads\/2025\/07\/Interpipeline-150x150.png 150w\" sizes=\"(max-width: 500px) 100vw, 500px\" \/>\t\t\t\t\t\t\t\t<\/a>\n\t\t\t\t\t\t\t\t\t\t\t\t\t\t\t<\/div>\n\t\t\t\t<\/div>\n\t\t\t\t<div class=\"elementor-element elementor-element-88315a4 elementor-widget elementor-widget-image\" data-id=\"88315a4\" data-element_type=\"widget\" data-e-type=\"widget\" data-widget_type=\"image.default\">\n\t\t\t\t<div class=\"elementor-widget-container\">\n\t\t\t\t\t\t\t\t\t\t\t\t\t\t\t\t<a href=\"https:\/\/www.orano.group\/canada\/en\" target=\"_blank\" rel=\"noopener\">\n\t\t\t\t\t\t\t<img loading=\"lazy\" decoding=\"async\" width=\"500\" height=\"500\" src=\"https:\/\/dyslexiacanada.org\/wp-content\/uploads\/2025\/07\/Orano.png\" class=\"attachment-large size-large wp-image-2293\" alt=\"\" srcset=\"https:\/\/dyslexiacanada.org\/wp-content\/uploads\/2025\/07\/Orano.png 500w, https:\/\/dyslexiacanada.org\/wp-content\/uploads\/2025\/07\/Orano-300x300.png 300w, https:\/\/dyslexiacanada.org\/wp-content\/uploads\/2025\/07\/Orano-150x150.png 150w\" sizes=\"(max-width: 500px) 100vw, 500px\" \/>\t\t\t\t\t\t\t\t<\/a>\n\t\t\t\t\t\t\t\t\t\t\t\t\t\t\t<\/div>\n\t\t\t\t<\/div>\n\t\t\t\t<div class=\"elementor-element elementor-element-0f98832 elementor-widget elementor-widget-image\" data-id=\"0f98832\" data-element_type=\"widget\" data-e-type=\"widget\" data-widget_type=\"image.default\">\n\t\t\t\t<div class=\"elementor-widget-container\">\n\t\t\t\t\t\t\t\t\t\t\t\t\t\t\t\t<a href=\"https:\/\/www.sprucemeadows.com\/lgfoundation\/\" target=\"_blank\" rel=\"noopener\">\n\t\t\t\t\t\t\t<img loading=\"lazy\" decoding=\"async\" width=\"500\" height=\"500\" src=\"https:\/\/dyslexiacanada.org\/wp-content\/uploads\/2025\/07\/SpruceMeadows.png\" class=\"attachment-large size-large wp-image-2291\" alt=\"\" srcset=\"https:\/\/dyslexiacanada.org\/wp-content\/uploads\/2025\/07\/SpruceMeadows.png 500w, https:\/\/dyslexiacanada.org\/wp-content\/uploads\/2025\/07\/SpruceMeadows-300x300.png 300w, https:\/\/dyslexiacanada.org\/wp-content\/uploads\/2025\/07\/SpruceMeadows-150x150.png 150w\" sizes=\"(max-width: 500px) 100vw, 500px\" \/>\t\t\t\t\t\t\t\t<\/a>\n\t\t\t\t\t\t\t\t\t\t\t\t\t\t\t<\/div>\n\t\t\t\t<\/div>\n\t\t\t\t<div class=\"elementor-element elementor-element-676a7ed elementor-widget elementor-widget-image\" data-id=\"676a7ed\" data-element_type=\"widget\" data-e-type=\"widget\" data-widget_type=\"image.default\">\n\t\t\t\t<div class=\"elementor-widget-container\">\n\t\t\t\t\t\t\t\t\t\t\t\t\t\t\t\t<a href=\"https:\/\/walkerwoodfoundation.org\/\" target=\"_blank\" rel=\"noopener\">\n\t\t\t\t\t\t\t<img loading=\"lazy\" decoding=\"async\" width=\"500\" height=\"500\" src=\"https:\/\/dyslexiacanada.org\/wp-content\/uploads\/2025\/07\/WalkerWoodlogo.png\" class=\"attachment-large size-large wp-image-2289\" alt=\"\" srcset=\"https:\/\/dyslexiacanada.org\/wp-content\/uploads\/2025\/07\/WalkerWoodlogo.png 500w, https:\/\/dyslexiacanada.org\/wp-content\/uploads\/2025\/07\/WalkerWoodlogo-300x300.png 300w, https:\/\/dyslexiacanada.org\/wp-content\/uploads\/2025\/07\/WalkerWoodlogo-150x150.png 150w\" sizes=\"(max-width: 500px) 100vw, 500px\" \/>\t\t\t\t\t\t\t\t<\/a>\n\t\t\t\t\t\t\t\t\t\t\t\t\t\t\t<\/div>\n\t\t\t\t<\/div>\n\t\t\t\t<div class=\"elementor-element elementor-element-21b483a elementor-widget elementor-widget-image\" data-id=\"21b483a\" data-element_type=\"widget\" data-e-type=\"widget\" data-widget_type=\"image.default\">\n\t\t\t\t<div class=\"elementor-widget-container\">\n\t\t\t\t\t\t\t\t\t\t\t\t\t\t\t\t<a href=\"https:\/\/sites.google.com\/view\/mtsld2021\/home\" target=\"_blank\" rel=\"noopener\">\n\t\t\t\t\t\t\t<img loading=\"lazy\" decoding=\"async\" width=\"500\" height=\"500\" src=\"https:\/\/dyslexiacanada.org\/wp-content\/uploads\/2025\/07\/MTSLD.png\" class=\"attachment-large size-large wp-image-2287\" alt=\"\" srcset=\"https:\/\/dyslexiacanada.org\/wp-content\/uploads\/2025\/07\/MTSLD.png 500w, https:\/\/dyslexiacanada.org\/wp-content\/uploads\/2025\/07\/MTSLD-300x300.png 300w, https:\/\/dyslexiacanada.org\/wp-content\/uploads\/2025\/07\/MTSLD-150x150.png 150w\" sizes=\"(max-width: 500px) 100vw, 500px\" \/>\t\t\t\t\t\t\t\t<\/a>\n\t\t\t\t\t\t\t\t\t\t\t\t\t\t\t<\/div>\n\t\t\t\t<\/div>\n\t\t\t\t<div class=\"elementor-element elementor-element-2a01f5d elementor-widget elementor-widget-heading\" data-id=\"2a01f5d\" data-element_type=\"widget\" data-e-type=\"widget\" data-widget_type=\"heading.default\">\n\t\t\t\t<div class=\"elementor-widget-container\">\n\t\t\t\t\t<h2 class=\"elementor-heading-title elementor-size-default\">La Fondation Joyce<\/h2>\t\t\t\t<\/div>\n\t\t\t\t<\/div>\n\t\t\t\t<div class=\"elementor-element elementor-element-a1303b0 elementor-widget elementor-widget-heading\" data-id=\"a1303b0\" data-element_type=\"widget\" data-e-type=\"widget\" data-widget_type=\"heading.default\">\n\t\t\t\t<div class=\"elementor-widget-container\">\n\t\t\t\t\t<h2 class=\"elementor-heading-title elementor-size-default\">Fondation de la famille McGraw<\/h2>\t\t\t\t<\/div>\n\t\t\t\t<\/div>\n\t\t\t\t<div class=\"elementor-element elementor-element-4200307 elementor-widget elementor-widget-heading\" data-id=\"4200307\" data-element_type=\"widget\" data-e-type=\"widget\" data-widget_type=\"heading.default\">\n\t\t\t\t<div class=\"elementor-widget-container\">\n\t\t\t\t\t<h2 class=\"elementor-heading-title elementor-size-default\">La Fondation de la famille Love<\/h2>\t\t\t\t<\/div>\n\t\t\t\t<\/div>\n\t\t\t\t<div class=\"elementor-element elementor-element-f238d66 elementor-widget elementor-widget-heading\" data-id=\"f238d66\" data-element_type=\"widget\" data-e-type=\"widget\" data-widget_type=\"heading.default\">\n\t\t\t\t<div class=\"elementor-widget-container\">\n\t\t\t\t\t<h2 class=\"elementor-heading-title elementor-size-default\">Fondation Margaret Ann et Donald S. McGiverin<\/h2>\t\t\t\t<\/div>\n\t\t\t\t<\/div>\n\t\t\t\t<\/div>\n\t\t\t\t\t<\/div>\n\t\t\t\t<\/div>\n\t\t\t\t<\/div>\n\t\t","protected":false},"excerpt":{"rendered":"<p>Nos partenaires Gr\u00e2ce \u00e0 des partenariats avec des organismes publics, priv\u00e9s et sans but lucratif, Dyslexia Canada contribue \u00e0 faire entendre une voix nationale forte pour que les enfants canadiens [&hellip;]<\/p>\n","protected":false},"author":7,"featured_media":0,"parent":5976,"menu_order":0,"comment_status":"closed","ping_status":"closed","template":"","meta":{"footnotes":""},"class_list":["post-5884","page","type-page","status-publish","hentry"],"_links":{"self":[{"href":"https:\/\/dyslexiacanada.org\/fr\/wp-json\/wp\/v2\/pages\/5884","targetHints":{"allow":["GET"]}}],"collection":[{"href":"https:\/\/dyslexiacanada.org\/fr\/wp-json\/wp\/v2\/pages"}],"about":[{"href":"https:\/\/dyslexiacanada.org\/fr\/wp-json\/wp\/v2\/types\/page"}],"author":[{"embeddable":true,"href":"https:\/\/dyslexiacanada.org\/fr\/wp-json\/wp\/v2\/users\/7"}],"replies":[{"embeddable":true,"href":"https:\/\/dyslexiacanada.org\/fr\/wp-json\/wp\/v2\/comments?post=5884"}],"version-history":[{"count":2,"href":"https:\/\/dyslexiacanada.org\/fr\/wp-json\/wp\/v2\/pages\/5884\/revisions"}],"predecessor-version":[{"id":5888,"href":"https:\/\/dyslexiacanada.org\/fr\/wp-json\/wp\/v2\/pages\/5884\/revisions\/5888"}],"up":[{"embeddable":true,"href":"https:\/\/dyslexiacanada.org\/fr\/wp-json\/wp\/v2\/pages\/5976"}],"wp:attachment":[{"href":"https:\/\/dyslexiacanada.org\/fr\/wp-json\/wp\/v2\/media?parent=5884"}],"curies":[{"name":"wp","href":"https:\/\/api.w.org\/{rel}","templated":true}]}}