{"id":5875,"date":"2025-07-30T11:10:41","date_gmt":"2025-07-30T15:10:41","guid":{"rendered":"https:\/\/dyslexiacanada.org\/rapports-dimpact\/"},"modified":"2025-11-11T13:46:37","modified_gmt":"2025-11-11T18:46:37","slug":"rapports-dimpact","status":"publish","type":"page","link":"https:\/\/dyslexiacanada.org\/fr\/a-propos-de-nous\/rapports-dimpact\/","title":{"rendered":"Rapports d&rsquo;impact"},"content":{"rendered":"\t\t<div data-elementor-type=\"wp-page\" data-elementor-id=\"5875\" class=\"elementor elementor-5875 elementor-2347\" data-elementor-post-type=\"page\">\n\t\t\t\t<div class=\"elementor-element elementor-element-885fdf6 hero-area e-flex e-con-boxed e-con e-parent\" data-id=\"885fdf6\" data-element_type=\"container\" data-e-type=\"container\">\n\t\t\t\t\t<div class=\"e-con-inner\">\n\t\t\t\t<div class=\"elementor-element elementor-element-6317073 elementor-widget elementor-widget-heading\" data-id=\"6317073\" data-element_type=\"widget\" data-e-type=\"widget\" data-widget_type=\"heading.default\">\n\t\t\t\t<div class=\"elementor-widget-container\">\n\t\t\t\t\t<h2 class=\"elementor-heading-title elementor-size-default\">Rapports d'impact<\/h2>\t\t\t\t<\/div>\n\t\t\t\t<\/div>\n\t\t\t\t\t<\/div>\n\t\t\t\t<\/div>\n\t\t<div class=\"elementor-element elementor-element-e005942 e-con-full e-flex e-con e-parent\" data-id=\"e005942\" data-element_type=\"container\" data-e-type=\"container\">\n\t\t<div class=\"elementor-element elementor-element-73ba66f e-flex e-con-boxed e-con e-child\" data-id=\"73ba66f\" data-element_type=\"container\" data-e-type=\"container\">\n\t\t\t\t\t<div class=\"e-con-inner\">\n\t\t\t\t<div class=\"elementor-element elementor-element-e18f780 elementor-widget elementor-widget-image\" data-id=\"e18f780\" data-element_type=\"widget\" data-e-type=\"widget\" data-widget_type=\"image.default\">\n\t\t\t\t<div class=\"elementor-widget-container\">\n\t\t\t\t\t\t\t\t\t\t\t\t\t\t\t\t<a href=\"https:\/\/dyslexiacanada.org\/wp-content\/uploads\/2025\/10\/Dyslexia-Canada-2024-Impact-Report.pdf\">\n\t\t\t\t\t\t\t<img fetchpriority=\"high\" decoding=\"async\" width=\"719\" height=\"930\" src=\"https:\/\/dyslexiacanada.org\/wp-content\/uploads\/2025\/09\/Impact2024.png\" class=\"attachment-large size-large wp-image-3366\" alt=\"\" srcset=\"https:\/\/dyslexiacanada.org\/wp-content\/uploads\/2025\/09\/Impact2024.png 719w, https:\/\/dyslexiacanada.org\/wp-content\/uploads\/2025\/09\/Impact2024-232x300.png 232w\" sizes=\"(max-width: 719px) 100vw, 719px\" \/>\t\t\t\t\t\t\t\t<\/a>\n\t\t\t\t\t\t\t\t\t\t\t\t\t\t\t<\/div>\n\t\t\t\t<\/div>\n\t\t<div class=\"elementor-element elementor-element-5ff4c55 e-con-full e-flex e-con e-child\" data-id=\"5ff4c55\" data-element_type=\"container\" data-e-type=\"container\">\n\t\t\t\t<div class=\"elementor-element elementor-element-8a107b9 elementor-widget elementor-widget-heading\" data-id=\"8a107b9\" data-element_type=\"widget\" data-e-type=\"widget\" data-widget_type=\"heading.default\">\n\t\t\t\t<div class=\"elementor-widget-container\">\n\t\t\t\t\t<h2 class=\"elementor-heading-title elementor-size-default\"><a href=\"https:\/\/drive.google.com\/file\/d\/1ltY_Ggv1D7TKDejnas9SdAJCXWVo7DUg\/view?usp=sharing\" target=\"_blank\" rel=\"noopener\">2024<\/a><\/h2>\t\t\t\t<\/div>\n\t\t\t\t<\/div>\n\t\t\t\t<div class=\"elementor-element elementor-element-93e445c elementor-widget elementor-widget-heading\" data-id=\"93e445c\" data-element_type=\"widget\" data-e-type=\"widget\" data-widget_type=\"heading.default\">\n\t\t\t\t<div class=\"elementor-widget-container\">\n\t\t\t\t\t<h2 class=\"elementor-heading-title elementor-size-default\"><a href=\"https:\/\/dyslexiacanada.org\/wp-content\/uploads\/2025\/10\/Dyslexia-Canada-2024-Impact-Report.pdf\">Rapport d'impact<\/a><\/h2>\t\t\t\t<\/div>\n\t\t\t\t<\/div>\n\t\t\t\t<div class=\"elementor-element elementor-element-23e6349 elementor-widget elementor-widget-heading\" data-id=\"23e6349\" data-element_type=\"widget\" data-e-type=\"widget\" data-widget_type=\"heading.default\">\n\t\t\t\t<div class=\"elementor-widget-container\">\n\t\t\t\t\t<h2 class=\"elementor-heading-title elementor-size-default\"><a href=\"https:\/\/dyslexiacanada.org\/wp-content\/uploads\/2025\/10\/Dyslexia-Canada-2024-Financial-statements-FINAL.pdf\">\u00c9tats financiers<\/a><\/h2>\t\t\t\t<\/div>\n\t\t\t\t<\/div>\n\t\t\t\t<\/div>\n\t\t\t\t\t<\/div>\n\t\t\t\t<\/div>\n\t\t<div class=\"elementor-element elementor-element-32bbf60 e-flex e-con-boxed e-con e-child\" data-id=\"32bbf60\" data-element_type=\"container\" data-e-type=\"container\">\n\t\t\t\t\t<div class=\"e-con-inner\">\n\t\t\t\t<div class=\"elementor-element elementor-element-ff0233e elementor-widget elementor-widget-image\" data-id=\"ff0233e\" data-element_type=\"widget\" data-e-type=\"widget\" data-widget_type=\"image.default\">\n\t\t\t\t<div class=\"elementor-widget-container\">\n\t\t\t\t\t\t\t\t\t\t\t\t\t\t\t\t<a href=\"https:\/\/dyslexiacanada.org\/wp-content\/uploads\/2025\/10\/Dyslexia-Canada-2023-Impact-Report.pdf\">\n\t\t\t\t\t\t\t<img decoding=\"async\" width=\"750\" height=\"971\" src=\"https:\/\/dyslexiacanada.org\/wp-content\/uploads\/2025\/07\/ImpactReport2023.png\" class=\"attachment-large size-large wp-image-2358\" alt=\"\" srcset=\"https:\/\/dyslexiacanada.org\/wp-content\/uploads\/2025\/07\/ImpactReport2023.png 750w, https:\/\/dyslexiacanada.org\/wp-content\/uploads\/2025\/07\/ImpactReport2023-232x300.png 232w\" sizes=\"(max-width: 750px) 100vw, 750px\" \/>\t\t\t\t\t\t\t\t<\/a>\n\t\t\t\t\t\t\t\t\t\t\t\t\t\t\t<\/div>\n\t\t\t\t<\/div>\n\t\t<div class=\"elementor-element elementor-element-7e52f99 e-con-full e-flex e-con e-child\" data-id=\"7e52f99\" data-element_type=\"container\" data-e-type=\"container\">\n\t\t\t\t<div class=\"elementor-element elementor-element-91ac500 elementor-widget elementor-widget-heading\" data-id=\"91ac500\" data-element_type=\"widget\" data-e-type=\"widget\" data-widget_type=\"heading.default\">\n\t\t\t\t<div class=\"elementor-widget-container\">\n\t\t\t\t\t<h2 class=\"elementor-heading-title elementor-size-default\">2023<\/h2>\t\t\t\t<\/div>\n\t\t\t\t<\/div>\n\t\t\t\t<div class=\"elementor-element elementor-element-d741d07 elementor-widget elementor-widget-heading\" data-id=\"d741d07\" data-element_type=\"widget\" data-e-type=\"widget\" data-widget_type=\"heading.default\">\n\t\t\t\t<div class=\"elementor-widget-container\">\n\t\t\t\t\t<h2 class=\"elementor-heading-title elementor-size-default\"><a href=\"https:\/\/dyslexiacanada.org\/wp-content\/uploads\/2025\/10\/Dyslexia-Canada-2023-Impact-Report.pdf\">Rapport d'impact<\/a><\/h2>\t\t\t\t<\/div>\n\t\t\t\t<\/div>\n\t\t\t\t<div class=\"elementor-element elementor-element-0b60e29 elementor-widget elementor-widget-heading\" data-id=\"0b60e29\" data-element_type=\"widget\" data-e-type=\"widget\" data-widget_type=\"heading.default\">\n\t\t\t\t<div class=\"elementor-widget-container\">\n\t\t\t\t\t<h2 class=\"elementor-heading-title elementor-size-default\"><a href=\"https:\/\/dyslexiacanada.org\/wp-content\/uploads\/2025\/10\/Dyslexia-Canada-2023-Financial-statements-FINAL.pdf\">\u00c9tats financiers<\/a><\/h2>\t\t\t\t<\/div>\n\t\t\t\t<\/div>\n\t\t\t\t<\/div>\n\t\t\t\t\t<\/div>\n\t\t\t\t<\/div>\n\t\t<div class=\"elementor-element elementor-element-2ada26a e-flex e-con-boxed e-con e-child\" data-id=\"2ada26a\" data-element_type=\"container\" data-e-type=\"container\">\n\t\t\t\t\t<div class=\"e-con-inner\">\n\t\t\t\t<div class=\"elementor-element elementor-element-74ff51f elementor-widget elementor-widget-image\" data-id=\"74ff51f\" data-element_type=\"widget\" data-e-type=\"widget\" data-widget_type=\"image.default\">\n\t\t\t\t<div class=\"elementor-widget-container\">\n\t\t\t\t\t\t\t\t\t\t\t\t\t\t\t\t<a href=\"https:\/\/dyslexiacanada.org\/wp-content\/uploads\/2025\/10\/Dyslexia-Canada-2022-Impact-Report.pdf\">\n\t\t\t\t\t\t\t<img decoding=\"async\" width=\"750\" height=\"971\" src=\"https:\/\/dyslexiacanada.org\/wp-content\/uploads\/2025\/07\/2022ImpactReport.png\" class=\"attachment-large size-large wp-image-2356\" alt=\"\" srcset=\"https:\/\/dyslexiacanada.org\/wp-content\/uploads\/2025\/07\/2022ImpactReport.png 750w, https:\/\/dyslexiacanada.org\/wp-content\/uploads\/2025\/07\/2022ImpactReport-232x300.png 232w\" sizes=\"(max-width: 750px) 100vw, 750px\" \/>\t\t\t\t\t\t\t\t<\/a>\n\t\t\t\t\t\t\t\t\t\t\t\t\t\t\t<\/div>\n\t\t\t\t<\/div>\n\t\t<div class=\"elementor-element elementor-element-7e5eaea e-con-full e-flex e-con e-child\" data-id=\"7e5eaea\" data-element_type=\"container\" data-e-type=\"container\">\n\t\t\t\t<div class=\"elementor-element elementor-element-28766ae elementor-widget elementor-widget-heading\" data-id=\"28766ae\" data-element_type=\"widget\" data-e-type=\"widget\" data-widget_type=\"heading.default\">\n\t\t\t\t<div class=\"elementor-widget-container\">\n\t\t\t\t\t<h2 class=\"elementor-heading-title elementor-size-default\">2022<\/h2>\t\t\t\t<\/div>\n\t\t\t\t<\/div>\n\t\t\t\t<div class=\"elementor-element elementor-element-2ebd3af elementor-widget elementor-widget-heading\" data-id=\"2ebd3af\" data-element_type=\"widget\" data-e-type=\"widget\" data-widget_type=\"heading.default\">\n\t\t\t\t<div class=\"elementor-widget-container\">\n\t\t\t\t\t<h2 class=\"elementor-heading-title elementor-size-default\"><a href=\"https:\/\/dyslexiacanada.org\/wp-content\/uploads\/2025\/10\/Dyslexia-Canada-2022-Impact-Report.pdf\">Rapport d'impact<\/a><\/h2>\t\t\t\t<\/div>\n\t\t\t\t<\/div>\n\t\t\t\t<div class=\"elementor-element elementor-element-79cb82f elementor-widget elementor-widget-heading\" data-id=\"79cb82f\" data-element_type=\"widget\" data-e-type=\"widget\" data-widget_type=\"heading.default\">\n\t\t\t\t<div class=\"elementor-widget-container\">\n\t\t\t\t\t<h2 class=\"elementor-heading-title elementor-size-default\"><a href=\"https:\/\/dyslexiacanada.org\/wp-content\/uploads\/2025\/10\/Dyslexia-Canada-2022-Financial-statements-FINAL.pdf\">\u00c9tats financiers<\/a><\/h2>\t\t\t\t<\/div>\n\t\t\t\t<\/div>\n\t\t\t\t<\/div>\n\t\t\t\t\t<\/div>\n\t\t\t\t<\/div>\n\t\t\t\t<\/div>\n\t\t\t\t<\/div>\n\t\t","protected":false},"excerpt":{"rendered":"<p>Rapports d&rsquo;impact 2024 Rapport d&rsquo;impact \u00c9tats financiers 2023 Rapport d&rsquo;impact \u00c9tats financiers 2022 Rapport d&rsquo;impact \u00c9tats financiers<\/p>\n","protected":false},"author":7,"featured_media":0,"parent":5976,"menu_order":0,"comment_status":"closed","ping_status":"closed","template":"","meta":{"footnotes":""},"class_list":["post-5875","page","type-page","status-publish","hentry"],"_links":{"self":[{"href":"https:\/\/dyslexiacanada.org\/fr\/wp-json\/wp\/v2\/pages\/5875","targetHints":{"allow":["GET"]}}],"collection":[{"href":"https:\/\/dyslexiacanada.org\/fr\/wp-json\/wp\/v2\/pages"}],"about":[{"href":"https:\/\/dyslexiacanada.org\/fr\/wp-json\/wp\/v2\/types\/page"}],"author":[{"embeddable":true,"href":"https:\/\/dyslexiacanada.org\/fr\/wp-json\/wp\/v2\/users\/7"}],"replies":[{"embeddable":true,"href":"https:\/\/dyslexiacanada.org\/fr\/wp-json\/wp\/v2\/comments?post=5875"}],"version-history":[{"count":2,"href":"https:\/\/dyslexiacanada.org\/fr\/wp-json\/wp\/v2\/pages\/5875\/revisions"}],"predecessor-version":[{"id":5879,"href":"https:\/\/dyslexiacanada.org\/fr\/wp-json\/wp\/v2\/pages\/5875\/revisions\/5879"}],"up":[{"embeddable":true,"href":"https:\/\/dyslexiacanada.org\/fr\/wp-json\/wp\/v2\/pages\/5976"}],"wp:attachment":[{"href":"https:\/\/dyslexiacanada.org\/fr\/wp-json\/wp\/v2\/media?parent=5875"}],"curies":[{"name":"wp","href":"https:\/\/api.w.org\/{rel}","templated":true}]}}