{"id":5870,"date":"2025-07-29T13:51:04","date_gmt":"2025-07-29T17:51:04","guid":{"rendered":"https:\/\/dyslexiacanada.org\/faire-un-don\/"},"modified":"2025-11-11T13:39:25","modified_gmt":"2025-11-11T18:39:25","slug":"faire-un-don","status":"publish","type":"page","link":"https:\/\/dyslexiacanada.org\/fr\/faire-un-don\/","title":{"rendered":"Faire un don"},"content":{"rendered":"\t\t<div data-elementor-type=\"wp-page\" data-elementor-id=\"5870\" class=\"elementor elementor-5870 elementor-806\" data-elementor-post-type=\"page\">\n\t\t\t\t<div class=\"elementor-element elementor-element-177c39f e-con-full hero-area e-flex e-con e-child\" data-id=\"177c39f\" data-element_type=\"container\">\n\t\t<div class=\"elementor-element elementor-element-7ccd61e e-flex e-con-boxed e-con e-child\" data-id=\"7ccd61e\" data-element_type=\"container\">\n\t\t\t\t\t<div class=\"e-con-inner\">\n\t\t\t\t<div class=\"elementor-element elementor-element-ef2a78f elementor-widget elementor-widget-heading\" data-id=\"ef2a78f\" data-element_type=\"widget\" data-widget_type=\"heading.default\">\n\t\t\t\t<div class=\"elementor-widget-container\">\n\t\t\t\t\t<h2 class=\"elementor-heading-title elementor-size-default\">Faites un don \u00e0 Dyslexia Canada<\/h2>\t\t\t\t<\/div>\n\t\t\t\t<\/div>\n\t\t\t\t\t<\/div>\n\t\t\t\t<\/div>\n\t\t\t\t<\/div>\n\t\t<div class=\"elementor-element elementor-element-1f3d40d1 e-flex e-con-boxed e-con e-parent\" data-id=\"1f3d40d1\" data-element_type=\"container\">\n\t\t\t\t\t<div class=\"e-con-inner\">\n\t\t\t\t<div class=\"elementor-element elementor-element-fcb8de6 elementor-widget elementor-widget-html\" data-id=\"fcb8de6\" data-element_type=\"widget\" data-widget_type=\"html.default\">\n\t\t\t\t<div class=\"elementor-widget-container\">\n\t\t\t\t\t<script id=\"ch_cdn_embed\" type=\"text\/javascript\" src=\"https:\/\/www.canadahelps.org\/secure\/js\/cdf_embed.2.js\" charSet=\"utf-8\" data-language=\"en\" data-page-id=\"134552\" data-root-url=\"https:\/\/www.canadahelps.org\" data-formtype=\"0\" data-cfasync=\"false\"><\/script>\t\t\t\t<\/div>\n\t\t\t\t<\/div>\n\t\t\t\t<div class=\"elementor-element elementor-element-40ed253 elementor-widget elementor-widget-heading\" data-id=\"40ed253\" data-element_type=\"widget\" data-widget_type=\"heading.default\">\n\t\t\t\t<div class=\"elementor-widget-container\">\n\t\t\t\t\t<h2 class=\"elementor-heading-title elementor-size-default\">Vous pr\u00e9f\u00e9rez nous envoyer votre don par la poste ?<\/h2>\t\t\t\t<\/div>\n\t\t\t\t<\/div>\n\t\t\t\t<div class=\"elementor-element elementor-element-147a7346 elementor-widget elementor-widget-text-editor\" data-id=\"147a7346\" data-element_type=\"widget\" data-widget_type=\"text-editor.default\">\n\t\t\t\t<div class=\"elementor-widget-container\">\n\t\t\t\t\t\t\t\t\t<p>Veuillez adresser vos dons par ch\u00e8que \u00e0<\/p><p><strong>  Dyslexia Canada, 20 Toronto Street, Suite 700, Toronto, Ontario, M5C2B8<\/strong><\/p><p class=\"has-text-align-center\">Pour plus d&rsquo;informations sur les autres moyens de faire un don, veuillez consulter notre <a href=\"https:\/\/dyslexiacanada.org\/fr\/?page_id=5870\" data-type=\"page\" data-id=\"24\">page \u00ab\u00a0Moyens de faire un don\u00a0\u00bb<\/a> ou nous contacter par courriel \u00e0 l&rsquo;adresse <a href=\"mailto:info@dyslexiacanada.org\">info@dyslexiacanada.org<\/a>.<\/p>\t\t\t\t\t\t\t\t<\/div>\n\t\t\t\t<\/div>\n\t\t\t\t\t<\/div>\n\t\t\t\t<\/div>\n\t\t\t\t<\/div>\n\t\t","protected":false},"excerpt":{"rendered":"<p>Faites un don \u00e0 Dyslexia Canada Vous pr\u00e9f\u00e9rez nous envoyer votre don par la poste ? Veuillez adresser vos dons par ch\u00e8que \u00e0 Dyslexia Canada, 20 Toronto Street, Suite 700, [&hellip;]<\/p>\n","protected":false},"author":1,"featured_media":0,"parent":0,"menu_order":0,"comment_status":"closed","ping_status":"closed","template":"","meta":{"footnotes":""},"class_list":["post-5870","page","type-page","status-publish","hentry"],"_links":{"self":[{"href":"https:\/\/dyslexiacanada.org\/fr\/wp-json\/wp\/v2\/pages\/5870","targetHints":{"allow":["GET"]}}],"collection":[{"href":"https:\/\/dyslexiacanada.org\/fr\/wp-json\/wp\/v2\/pages"}],"about":[{"href":"https:\/\/dyslexiacanada.org\/fr\/wp-json\/wp\/v2\/types\/page"}],"author":[{"embeddable":true,"href":"https:\/\/dyslexiacanada.org\/fr\/wp-json\/wp\/v2\/users\/1"}],"replies":[{"embeddable":true,"href":"https:\/\/dyslexiacanada.org\/fr\/wp-json\/wp\/v2\/comments?post=5870"}],"version-history":[{"count":2,"href":"https:\/\/dyslexiacanada.org\/fr\/wp-json\/wp\/v2\/pages\/5870\/revisions"}],"predecessor-version":[{"id":5873,"href":"https:\/\/dyslexiacanada.org\/fr\/wp-json\/wp\/v2\/pages\/5870\/revisions\/5873"}],"wp:attachment":[{"href":"https:\/\/dyslexiacanada.org\/fr\/wp-json\/wp\/v2\/media?parent=5870"}],"curies":[{"name":"wp","href":"https:\/\/api.w.org\/{rel}","templated":true}]}}