{"id":5065,"date":"2025-06-18T14:57:31","date_gmt":"2025-06-18T18:57:31","guid":{"rendered":"https:\/\/dyslexiacanada.org\/auto-plaidoyer\/"},"modified":"2025-11-06T14:06:31","modified_gmt":"2025-11-06T19:06:31","slug":"auto-plaidoyer","status":"publish","type":"page","link":"https:\/\/dyslexiacanada.org\/fr\/soutien\/auto-plaidoyer\/","title":{"rendered":"Auto-plaidoyer"},"content":{"rendered":"\t\t<div data-elementor-type=\"wp-page\" data-elementor-id=\"5065\" class=\"elementor elementor-5065 elementor-1766\" data-elementor-post-type=\"page\">\n\t\t\t\t<div class=\"elementor-element elementor-element-caa54a8 e-flex e-con-boxed e-con e-parent\" data-id=\"caa54a8\" data-element_type=\"container\">\n\t\t\t\t\t<div class=\"e-con-inner\">\n\t\t\t\t<div class=\"elementor-element elementor-element-93d71f1 elementor-widget elementor-widget-text-editor\" data-id=\"93d71f1\" data-element_type=\"widget\" data-widget_type=\"text-editor.default\">\n\t\t\t\t<div class=\"elementor-widget-container\">\n\t\t\t\t\t\t\t\t\t<h1><span class=\"fontstyle0\">Enseigner les comp\u00e9tences d&rsquo;autonomie<\/span><\/h1><p><span class=\"fontstyle2\">Apprendre aux enfants \u00e0 s&rsquo;exprimer est une comp\u00e9tence pr\u00e9cieuse qui peut les aider \u00e0 se sentir plus s\u00fbrs d&rsquo;eux et \u00e0 ma\u00eetriser la situation. Les enfants ont besoin de soutien pour d\u00e9velopper leur confiance et leur capacit\u00e9 \u00e0 exprimer leurs besoins, leurs droits et leurs pr\u00e9f\u00e9rences. Voici quelques moyens d&rsquo;aider votre enfant \u00e0 devenir un d\u00e9fenseur de ses droits :  <\/span><\/p><h2><span class=\"fontstyle0\">Comp\u00e9tences en mati\u00e8re de communication<\/span><\/h2><p><span class=\"fontstyle2\">Encouragez votre enfant \u00e0 partager clairement ses pens\u00e9es et ses sentiments. Aidez-le \u00e0 s&rsquo;entra\u00eener \u00e0 \u00e9couter les autres, \u00e0 parler avec assurance et \u00e0 utiliser des phrases du type \u00ab j&rsquo;ai besoin d&rsquo;aide pour&#8230; \u00bb pour communiquer ce dont il a besoin. <\/span><\/p><h2><span class=\"fontstyle0\">Jeux de r\u00f4le<\/span><\/h2><p><span class=\"fontstyle2\">Essayez de faire des jeux de r\u00f4le dans diff\u00e9rentes situations auxquelles ils pourraient \u00eatre confront\u00e9s \u00e0 l&rsquo;\u00e9cole ou avec leurs amis. Cela leur permet de s&rsquo;entra\u00eener \u00e0 demander de l&rsquo;aide, \u00e0 faire part de leurs pr\u00e9occupations ou \u00e0 dire aux autres ce dont ils ont besoin. <\/span><\/p><h2><span class=\"fontstyle0\">Fixez des objectifs ensemble<\/span><\/h2><p><span class=\"fontstyle2\">Travaillez avec votre enfant pour fixer des objectifs r\u00e9alisables en mati\u00e8re d&rsquo;autonomie. Il peut s&rsquo;agir par exemple de parler \u00e0 un enseignant du fait qu&rsquo;il a besoin de plus de temps pour faire ses devoirs ou de demander \u00e0 un ami de le soutenir dans une activit\u00e9 de groupe. F\u00e9licitez-le de ses progr\u00e8s lorsqu&rsquo;il atteint ces objectifs.  <\/span><\/p><h2><span class=\"fontstyle0\">Mod\u00e8ler comment plaidoyer<\/span><\/h2><p><span class=\"fontstyle2\">Montrez \u00e0 votre enfant comment d\u00e9fendre ses droits en le faisant vous-m\u00eame. Qu&rsquo;il s&rsquo;agisse de parler de ses besoins avec l&rsquo;\u00e9cole ou de discuter de vos besoins avec d&rsquo;autres personnes, vos actions peuvent constituer un exemple puissant. <\/span><\/p><h2><span class=\"fontstyle0\">Encourager la participation aux r\u00e9unions<\/span><\/h2><p><span class=\"fontstyle2\">Si possible, laissez votre enfant participer aux r\u00e9unions avec les enseignants ou le personnel de soutien au cours desquelles son plan d&rsquo;apprentissage ou ses am\u00e9nagements sont discut\u00e9s. Cela lui donne l&rsquo;occasion de s&rsquo;entra\u00eener \u00e0 d\u00e9fendre ses int\u00e9r\u00eats et lui permet d&rsquo;apprendre \u00e0 expliquer ses besoins aux autres. <\/span><\/p><p> <\/p>\t\t\t\t\t\t\t\t<\/div>\n\t\t\t\t<\/div>\n\t\t\t\t\t<\/div>\n\t\t\t\t<\/div>\n\t\t\t\t<\/div>\n\t\t","protected":false},"excerpt":{"rendered":"<p>Enseigner les comp\u00e9tences d&rsquo;autonomie Apprendre aux enfants \u00e0 s&rsquo;exprimer est une comp\u00e9tence pr\u00e9cieuse qui peut les aider \u00e0 se sentir plus s\u00fbrs d&rsquo;eux et \u00e0 ma\u00eetriser la situation. Les enfants [&hellip;]<\/p>\n","protected":false},"author":7,"featured_media":0,"parent":5937,"menu_order":0,"comment_status":"closed","ping_status":"closed","template":"elementor_theme","meta":{"footnotes":""},"class_list":["post-5065","page","type-page","status-publish","hentry"],"_links":{"self":[{"href":"https:\/\/dyslexiacanada.org\/fr\/wp-json\/wp\/v2\/pages\/5065","targetHints":{"allow":["GET"]}}],"collection":[{"href":"https:\/\/dyslexiacanada.org\/fr\/wp-json\/wp\/v2\/pages"}],"about":[{"href":"https:\/\/dyslexiacanada.org\/fr\/wp-json\/wp\/v2\/types\/page"}],"author":[{"embeddable":true,"href":"https:\/\/dyslexiacanada.org\/fr\/wp-json\/wp\/v2\/users\/7"}],"replies":[{"embeddable":true,"href":"https:\/\/dyslexiacanada.org\/fr\/wp-json\/wp\/v2\/comments?post=5065"}],"version-history":[{"count":1,"href":"https:\/\/dyslexiacanada.org\/fr\/wp-json\/wp\/v2\/pages\/5065\/revisions"}],"predecessor-version":[{"id":5066,"href":"https:\/\/dyslexiacanada.org\/fr\/wp-json\/wp\/v2\/pages\/5065\/revisions\/5066"}],"up":[{"embeddable":true,"href":"https:\/\/dyslexiacanada.org\/fr\/wp-json\/wp\/v2\/pages\/5937"}],"wp:attachment":[{"href":"https:\/\/dyslexiacanada.org\/fr\/wp-json\/wp\/v2\/media?parent=5065"}],"curies":[{"name":"wp","href":"https:\/\/api.w.org\/{rel}","templated":true}]}}