{"id":5057,"date":"2025-06-18T14:57:09","date_gmt":"2025-06-18T18:57:09","guid":{"rendered":"https:\/\/dyslexiacanada.org\/faire-remonter-les-preoccupations\/"},"modified":"2025-11-06T13:57:47","modified_gmt":"2025-11-06T18:57:47","slug":"faire-remonter-les-preoccupations","status":"publish","type":"page","link":"https:\/\/dyslexiacanada.org\/fr\/soutien\/faire-remonter-les-preoccupations\/","title":{"rendered":"Faire remonter les pr\u00e9occupations"},"content":{"rendered":"\t\t<div data-elementor-type=\"wp-page\" data-elementor-id=\"5057\" class=\"elementor elementor-5057 elementor-1764\" data-elementor-post-type=\"page\">\n\t\t\t\t<div class=\"elementor-element elementor-element-dc5e542 e-flex e-con-boxed e-con e-parent\" data-id=\"dc5e542\" data-element_type=\"container\">\n\t\t\t\t\t<div class=\"e-con-inner\">\n\t\t\t\t<div class=\"elementor-element elementor-element-271cf5b elementor-widget elementor-widget-text-editor\" data-id=\"271cf5b\" data-element_type=\"widget\" data-widget_type=\"text-editor.default\">\n\t\t\t\t<div class=\"elementor-widget-container\">\n\t\t\t\t\t\t\t\t\t<h1>D\u00e9fendre les droits de votre enfant<\/h1><p><span class=\"fontstyle0\">Parfois, malgr\u00e9 tous vos efforts de collaboration avec l&rsquo;\u00e9cole, votre enfant ne re\u00e7oit pas l&rsquo;aide dont il a besoin, et vous pouvez vouloir faire part de vos pr\u00e9occupations \u00e0 l&rsquo;\u00e9chelon sup\u00e9rieur.<\/span><\/p><h2>Faire remonter les pr\u00e9occupations au sein du syst\u00e8me \u00e9ducatif<\/h2><p><span class=\"fontstyle0\">La premi\u00e8re \u00e9tape de ce processus consiste \u00e0 se renseigner sur les proc\u00e9dures de r\u00e9solution des litiges en vigueur dans votre \u00e9cole. Bien que la proc\u00e9dure puisse varier d&rsquo;un endroit \u00e0 l&rsquo;autre, vous commencerez g\u00e9n\u00e9ralement par faire part de vos pr\u00e9occupations directement \u00e0 l&rsquo;enseignant de votre enfant. Si cela ne fonctionne pas, vous pouvez porter le probl\u00e8me \u00e0 l&rsquo;attention du directeur ou du directeur adjoint de l&rsquo;\u00e9cole. Si vos pr\u00e9occupations ne sont toujours pas prises en compte de mani\u00e8re ad\u00e9quate, l&rsquo;\u00e9tape suivante consiste \u00e0 contacter la personne appropri\u00e9e au sein de votre conseil scolaire, de votre district, de votre division ou de votre centre r\u00e9gional.   <\/span><\/p><h2>Poursuivre les options juridiques en cas d&rsquo;\u00e9chec des proc\u00e9dures scolaires<\/h2><p><span class=\"fontstyle0\">Si vous ne parvenez pas \u00e0 trouver une solution avec le conseil scolaire, vous pouvez envisager d&rsquo;engager une action en justice ou de d\u00e9poser une plainte aupr\u00e8s de votre commission des droits de l&rsquo;homme.<\/span><\/p><p><span class=\"fontstyle0\">Lorsque vous d\u00e9fendez les int\u00e9r\u00eats de votre enfant, il est important de rester concentr\u00e9 sur ce qui est le mieux pour lui. La d\u00e9fense des int\u00e9r\u00eats de votre enfant vise \u00e0 cr\u00e9er un environnement favorable et inclusif dans lequel il pourra s&rsquo;\u00e9panouir. Il arrive que les parents se sentent frustr\u00e9s et en col\u00e8re, et qu&rsquo;ils veuillent intenter une action en justice pour se d\u00e9fendre. Bien que cela puisse donner un sentiment de puissance et de soulagement, ce n&rsquo;est pas toujours ce qu&rsquo;il y a de mieux pour l&rsquo;enfant. La collaboration avec les \u00e9coles et les \u00e9ducateurs est souvent le moyen le plus efficace de veiller \u00e0 ce que les besoins de votre enfant soient satisfaits. Il est toutefois essentiel d&rsquo;\u00eatre bien inform\u00e9 de vos droits pour d\u00e9fendre efficacement votre enfant et veiller \u00e0 ce qu&rsquo;il re\u00e7oive le soutien qu&rsquo;il m\u00e9rite.     <\/span><\/p><h2><span class=\"fontstyle2\">Les \u00e9l\u00e9ments \u00e0 prendre en compte avant d&rsquo;entamer une action en justice<\/span><\/h2><p><span class=\"fontstyle0\">Si vous avez essay\u00e9 de travailler avec l&rsquo;\u00e9cole et que votre enfant ne re\u00e7oit toujours pas le soutien dont il a besoin, vous devrez peut-\u00eatre porter votre plainte en dehors du syst\u00e8me \u00e9ducatif et vous adresser \u00e0 l&rsquo;organisation de d\u00e9fense des droits de l&rsquo;homme ou au syst\u00e8me juridique de votre province ou territoire. Cette proc\u00e9dure peut \u00eatre longue et ne pas toujours conduire \u00e0 des changements imm\u00e9diats pour votre enfant, c&rsquo;est pourquoi elle ne doit \u00eatre utilis\u00e9e qu&rsquo;en dernier recours. \u00c0 prendre en consid\u00e9ration :  <\/span><\/p><h3><span class=\"fontstyle2\">&#8211; Communiquer \u00e0 tous les niveaux possibles<\/span><\/h3><p><span class=\"fontstyle0\">Assurez-vous d&rsquo;avoir essay\u00e9 tous les moyens de r\u00e9soudre le probl\u00e8me avec l&rsquo;\u00e9cole.  <\/span><span class=\"fontstyle0\">Vous devez notamment vous adresser \u00e0 l&rsquo;enseignant, au directeur de l&rsquo;\u00e9cole et au conseil scolaire. Assurez-vous d&rsquo;avoir document\u00e9 toutes ces tentatives. <\/span><\/p><h3><span class=\"fontstyle2\">&#8211; Cela am\u00e9liorera-t-il la situation ?<\/span><\/h3><p><span class=\"fontstyle0\">R\u00e9fl\u00e9chissez \u00e0 la question de savoir si l&rsquo;escalade de la plainte aidera vraiment votre enfant. Parfois, le d\u00e9p\u00f4t d&rsquo;une plainte formelle n&rsquo;aboutit pas \u00e0 des r\u00e9sultats imm\u00e9diats ou satisfaisants. <\/span><\/p><h3><span class=\"fontstyle2\">&#8211; Envisagez d&rsquo;autres solutions<\/span><\/h3><p><span class=\"fontstyle0\">Avant de d\u00e9poser une plainte officielle, essayez d&rsquo;abord d&rsquo;autres solutions. Par exemple, engager un avocat pour r\u00e9diger une lettre formelle peut permettre d&rsquo;obtenir les m\u00eames r\u00e9sultats sans avoir \u00e0 saisir un tribunal des droits de l&rsquo;homme. <\/span><\/p><h3><span class=\"fontstyle2\">&#8211; Objet de la plainte<\/span><\/h3><p><span class=\"fontstyle0\">Prenez le temps de r\u00e9fl\u00e9chir \u00e0 la raison pour laquelle vous d\u00e9posez une plainte. Cherchez-vous \u00e0 aider votre enfant, \u00e0 changer le syst\u00e8me pour tous les \u00e9l\u00e8ves ou avez-vous d&rsquo;autres objectifs ? <\/span><\/p><h3><span class=\"fontstyle2\">&#8211; V\u00e9rifiez vos ressources<\/span><\/h3><p><span class=\"fontstyle0\">Assurez-vous que vous disposez de suffisamment de temps, de ressources et d&rsquo;\u00e9nergie pour traiter cette plainte avant d&rsquo;entamer la proc\u00e9dure.<\/span><\/p><h3><span class=\"fontstyle2\">&#8211; M\u00e9fiez-vous des promesses irr\u00e9alistes<\/span><\/h3><p><span class=\"fontstyle0\">M\u00e9fiez-vous des avocats qui vous promettent qu&rsquo;un proc\u00e8s d\u00e9bouchera sur une grosse somme d&rsquo;argent. Si une offre semble trop belle pour \u00eatre vraie, c&rsquo;est probablement le cas. Certains avocats peuvent demander beaucoup d&rsquo;argent \u00e0 l&rsquo;avance et facturer des honoraires horaires \u00e9lev\u00e9s, en affirmant que vous obtiendrez beaucoup d&rsquo;argent en retour. Souvent, ces grandes promesses ne se concr\u00e9tisent pas.   <\/span><\/p><p><span class=\"fontstyle0\">Prende ces facteurs en compte vous aidera \u00e0 d\u00e9cider en toute connaissance de cause de la suite \u00e0 donner \u00e0 votre plainte.<\/span><\/p>\t\t\t\t\t\t\t\t<\/div>\n\t\t\t\t<\/div>\n\t\t\t\t\t<\/div>\n\t\t\t\t<\/div>\n\t\t\t\t<\/div>\n\t\t","protected":false},"excerpt":{"rendered":"<p>D\u00e9fendre les droits de votre enfant Parfois, malgr\u00e9 tous vos efforts de collaboration avec l&rsquo;\u00e9cole, votre enfant ne re\u00e7oit pas l&rsquo;aide dont il a besoin, et vous pouvez vouloir faire [&hellip;]<\/p>\n","protected":false},"author":7,"featured_media":0,"parent":5937,"menu_order":0,"comment_status":"closed","ping_status":"closed","template":"elementor_theme","meta":{"footnotes":""},"class_list":["post-5057","page","type-page","status-publish","hentry"],"_links":{"self":[{"href":"https:\/\/dyslexiacanada.org\/fr\/wp-json\/wp\/v2\/pages\/5057","targetHints":{"allow":["GET"]}}],"collection":[{"href":"https:\/\/dyslexiacanada.org\/fr\/wp-json\/wp\/v2\/pages"}],"about":[{"href":"https:\/\/dyslexiacanada.org\/fr\/wp-json\/wp\/v2\/types\/page"}],"author":[{"embeddable":true,"href":"https:\/\/dyslexiacanada.org\/fr\/wp-json\/wp\/v2\/users\/7"}],"replies":[{"embeddable":true,"href":"https:\/\/dyslexiacanada.org\/fr\/wp-json\/wp\/v2\/comments?post=5057"}],"version-history":[{"count":1,"href":"https:\/\/dyslexiacanada.org\/fr\/wp-json\/wp\/v2\/pages\/5057\/revisions"}],"predecessor-version":[{"id":5058,"href":"https:\/\/dyslexiacanada.org\/fr\/wp-json\/wp\/v2\/pages\/5057\/revisions\/5058"}],"up":[{"embeddable":true,"href":"https:\/\/dyslexiacanada.org\/fr\/wp-json\/wp\/v2\/pages\/5937"}],"wp:attachment":[{"href":"https:\/\/dyslexiacanada.org\/fr\/wp-json\/wp\/v2\/media?parent=5057"}],"curies":[{"name":"wp","href":"https:\/\/api.w.org\/{rel}","templated":true}]}}