{"id":4324,"date":"2025-06-18T14:55:53","date_gmt":"2025-06-18T18:55:53","guid":{"rendered":"https:\/\/dyslexiacanada.org\/travailler-avec-votre-ecole\/"},"modified":"2025-10-23T15:09:23","modified_gmt":"2025-10-23T19:09:23","slug":"travailler-avec-votre-ecole","status":"publish","type":"page","link":"https:\/\/dyslexiacanada.org\/fr\/soutien\/travailler-avec-votre-ecole\/","title":{"rendered":"Travailler avec votre \u00e9cole"},"content":{"rendered":"\t\t<div data-elementor-type=\"wp-page\" data-elementor-id=\"4324\" class=\"elementor elementor-4324 elementor-1758\" data-elementor-post-type=\"page\">\n\t\t\t\t<div class=\"elementor-element elementor-element-499d6e6 e-flex e-con-boxed e-con e-parent\" data-id=\"499d6e6\" data-element_type=\"container\">\n\t\t\t\t\t<div class=\"e-con-inner\">\n\t\t\t\t<div class=\"elementor-element elementor-element-0c5ee0d elementor-widget elementor-widget-text-editor\" data-id=\"0c5ee0d\" data-element_type=\"widget\" data-widget_type=\"text-editor.default\">\n\t\t\t\t<div class=\"elementor-widget-container\">\n\t\t\t\t\t\t\t\t\t<h1>Travailler avec l&rsquo;\u00e9cole de votre enfant<\/h1><p>D\u00e9fendre les int\u00e9r\u00eats de votre enfant signifie travailler en \u00e9troite collaboration avec son \u00e9cole et mettre en place une \u00e9quipe de soutien. Les conseils suivants mettent en \u00e9vidence les \u00e9l\u00e9ments cl\u00e9s \u00e0 garder \u00e0 l&rsquo;esprit pour d\u00e9fendre efficacement votre enfant tout en \u00e9tablissant des relations positives avec le personnel enseignant et en veillant \u00e0 ce que les besoins de votre enfant soient satisfaits. <\/p><h2><span class=\"fontstyle0\">D\u00e9velopper des relations positives avec le personnel enseignant<\/span><\/h2><p>La mise en place d&rsquo;une \u00e9quipe de soutien solide pour votre enfant est essentielle \u00e0 sa r\u00e9ussite scolaire et \u00e9motionnelle. En restant positif et en collaborant avec l&rsquo;\u00e9cole, vous augmentez les chances d&rsquo;obtenir l&rsquo;aide dont votre enfant a besoin. Partez du principe que les enseignants font de leur mieux avec la formation et les ressources dont ils disposent. La plupart d&rsquo;entre eux sont d\u00e9vou\u00e9s et se soucient beaucoup de leurs \u00e9l\u00e8ves. M\u00eame s&rsquo;ils ne disposent pas toujours des outils n\u00e9cessaires pour aider pleinement les \u00e9l\u00e8ves dyslexiques, le fait d&rsquo;aborder la situation avec empathie et coop\u00e9ration peut non seulement aider votre enfant, mais aussi donner aux \u00e9ducateurs les connaissances n\u00e9cessaires pour mieux aider tous les enfants qui ont des difficult\u00e9s \u00e0 apprendre \u00e0 lire.    <\/p><h2><span class=\"fontstyle0\">\u00c9tablir des lignes de communication ouvertes<\/span><\/h2><p><span class=\"fontstyle0\">Une communication claire et r\u00e9guli\u00e8re entre les parents, les enseignants et le personnel de l&rsquo;\u00e9cole est essentielle pour soutenir l&rsquo;apprentissage et le bien-\u00eatre \u00e9motionnel de votre enfant, afin que les difficult\u00e9s puissent \u00eatre r\u00e9solues rapidement avant que les probl\u00e8mes ne s&rsquo;aggravent. La communication doit porter non seulement sur le travail scolaire de votre enfant, mais aussi sur ses sentiments et son exp\u00e9rience de la dyslexie. Une communication claire et bienveillante permet d&rsquo;instaurer la confiance, de r\u00e9duire les malentendus et de faire en sorte que l&rsquo;exp\u00e9rience \u00e9ducative de votre enfant soit aussi positive et encourageante que possible.  <\/span><\/p><h2><span class=\"fontstyle0\">Travaillez avec l&rsquo;\u00e9cole pour cr\u00e9er un plan de soutien formel<\/span><\/h2><p><span class=\"fontstyle0\">La mise en place d&rsquo;un plan \u00e9crit officiel garantit que tous les soutiens dont votre enfant a besoin sont document\u00e9s dans un lieu central auquel tous les \u00e9ducateurs qui travaillent avec votre enfant peuvent avoir acc\u00e8s. En outre, dans certaines provinces ou territoires, les directeurs d&rsquo;\u00e9cole sont l\u00e9galement tenus de veiller \u00e0 ce que ces plans soient mis en \u0153uvre tels qu&rsquo;ils ont \u00e9t\u00e9 r\u00e9dig\u00e9s, ce qui peut contribuer \u00e0 garantir l&rsquo;obligation de rendre compte. <\/span><\/p><p><span class=\"fontstyle0\">Les plans de soutien portent des noms diff\u00e9rents selon l&rsquo;endroit o\u00f9 vous vivez. Les appellations courantes incluent le plan d&rsquo;enseignement individualis\u00e9 (PEI), le plan d&rsquo;apprentissage individualis\u00e9 (PAI), le plan de soutien de l&rsquo;\u00e9l\u00e8ve (PSA) et d&rsquo;autres termes similaires. Bien que les termes varient, ces plans d\u00e9crivent g\u00e9n\u00e9ralement les points forts et les besoins de l&rsquo;enfant, les \u00e9valuations qui ont \u00e9t\u00e9 effectu\u00e9es, les objectifs d&rsquo;apprentissage et les mesures de soutien qui seront mises en \u0153uvre pour que l&rsquo;\u00e9l\u00e8ve atteigne ses objectifs.   <\/span><\/p><h2><span class=\"fontstyle0\">Communiquer clairement et strat\u00e9giquement<\/span><\/h2><p><span class=\"fontstyle0\">Lorsque vous faites part de vos pr\u00e9occupations au personnel enseignant de l&rsquo;\u00e9cole de votre enfant, il est important que vos courriels soient simples et concis. \u00c9vitez de d\u00e9tourner l&rsquo;attention du message principal en racontant de longues histoires dont les d\u00e9tails pourraient \u00eatre contest\u00e9s. Au contraire, soyez bref et tenez-vous-en aux faits essentiels.  <\/span><\/p><h2><span class=\"fontstyle0\">Documenter les discussions<\/span><\/h2><p><span class=\"fontstyle0\">Il est important de documenter toutes les communications concernant les besoins de votre enfant. Lorsque des discussions ont lieu par t\u00e9l\u00e9phone ou lors d&rsquo;une r\u00e9union, veillez \u00e0 les faire suivre d&rsquo;un courriel de confirmation. Ce courriel doit d\u00e9crire ce qui a \u00e9t\u00e9 discut\u00e9 et demander \u00e0 l&rsquo;autre personne si elle a quelque chose \u00e0 clarifier ou \u00e0 ajouter. Vous pouvez ainsi vous assurer que les choses se d\u00e9roulent comme pr\u00e9vu et disposer d&rsquo;une r\u00e9f\u00e9rence en cas de probl\u00e8me ult\u00e9rieur.   <\/span><\/p><h2><span class=\"fontstyle0\">Faites confiance mais v\u00e9rifiez<\/span><\/h2><p><span class=\"fontstyle0\">Il est important d&rsquo;\u00eatre positif et clair lorsque vous parlez de votre enfant avec les enseignants, mais vous devez \u00e9galement \u00eatre pr\u00e9cis et critique. Posez des questions sur le soutien que re\u00e7oit votre enfant et sur les progr\u00e8s qu&rsquo;il r\u00e9alise. Dans notre <g id=\"gid_0\">guide des parents<\/g> (en anglais seulement), nous donnons des exemples de questions que vous pouvez poser sur l&rsquo;enseignement, le soutien en classe et les am\u00e9nagements. En posant les bonnes questions, vous pouvez vous assurer que votre enfant re\u00e7oit le soutien n\u00e9cessaire.   <\/span><\/p><h2><span class=\"fontstyle0\">Comprendre quand et comment faire remonter les probl\u00e8mes<\/span><\/h2><p>Lorsque cela se produit, il est important de savoir comment faire part de ses inqui\u00e9tudes de mani\u00e8re appropri\u00e9e et de les faire remonter dans le syst\u00e8me scolaire de mani\u00e8re \u00e0 trouver des solutions et \u00e0 apporter le soutien ad\u00e9quat \u00e0 votre enfant. Vous trouverez <a href=\"http:\/\/escalating\" data-wplink-url-error=\"true\">ici<\/a> des conseils plus d\u00e9taill\u00e9s sur ce processus. <\/p>\t\t\t\t\t\t\t\t<\/div>\n\t\t\t\t<\/div>\n\t\t\t\t\t<\/div>\n\t\t\t\t<\/div>\n\t\t\t\t<\/div>\n\t\t","protected":false},"excerpt":{"rendered":"<p>Travailler avec l&rsquo;\u00e9cole de votre enfant D\u00e9fendre les int\u00e9r\u00eats de votre enfant signifie travailler en \u00e9troite collaboration avec son \u00e9cole et mettre en place une \u00e9quipe de soutien. Les conseils [&hellip;]<\/p>\n","protected":false},"author":7,"featured_media":0,"parent":5937,"menu_order":0,"comment_status":"closed","ping_status":"closed","template":"elementor_theme","meta":{"footnotes":""},"class_list":["post-4324","page","type-page","status-publish","hentry"],"_links":{"self":[{"href":"https:\/\/dyslexiacanada.org\/fr\/wp-json\/wp\/v2\/pages\/4324","targetHints":{"allow":["GET"]}}],"collection":[{"href":"https:\/\/dyslexiacanada.org\/fr\/wp-json\/wp\/v2\/pages"}],"about":[{"href":"https:\/\/dyslexiacanada.org\/fr\/wp-json\/wp\/v2\/types\/page"}],"author":[{"embeddable":true,"href":"https:\/\/dyslexiacanada.org\/fr\/wp-json\/wp\/v2\/users\/7"}],"replies":[{"embeddable":true,"href":"https:\/\/dyslexiacanada.org\/fr\/wp-json\/wp\/v2\/comments?post=4324"}],"version-history":[{"count":1,"href":"https:\/\/dyslexiacanada.org\/fr\/wp-json\/wp\/v2\/pages\/4324\/revisions"}],"predecessor-version":[{"id":4325,"href":"https:\/\/dyslexiacanada.org\/fr\/wp-json\/wp\/v2\/pages\/4324\/revisions\/4325"}],"up":[{"embeddable":true,"href":"https:\/\/dyslexiacanada.org\/fr\/wp-json\/wp\/v2\/pages\/5937"}],"wp:attachment":[{"href":"https:\/\/dyslexiacanada.org\/fr\/wp-json\/wp\/v2\/media?parent=4324"}],"curies":[{"name":"wp","href":"https:\/\/api.w.org\/{rel}","templated":true}]}}