{"id":4319,"date":"2025-06-18T15:24:39","date_gmt":"2025-06-18T19:24:39","guid":{"rendered":"https:\/\/dyslexiacanada.org\/at-school\/"},"modified":"2025-11-11T13:42:38","modified_gmt":"2025-11-11T18:42:38","slug":"at-school","status":"publish","type":"page","link":"https:\/\/dyslexiacanada.org\/fr\/soutien\/adaptations\/at-school\/","title":{"rendered":"At school"},"content":{"rendered":"\t\t<div data-elementor-type=\"wp-page\" data-elementor-id=\"4319\" class=\"elementor elementor-4319 elementor-1485\" data-elementor-post-type=\"page\">\n\t\t\t\t<div class=\"elementor-element elementor-element-8af8663 e-flex e-con-boxed e-con e-parent\" data-id=\"8af8663\" data-element_type=\"container\">\n\t\t\t\t\t<div class=\"e-con-inner\">\n\t\t\t\t<div class=\"elementor-element elementor-element-8b3fdd4 elementor-widget elementor-widget-text-editor\" data-id=\"8b3fdd4\" data-element_type=\"widget\" data-widget_type=\"text-editor.default\">\n\t\t\t\t<div class=\"elementor-widget-container\">\n\t\t\t\t\t\t\t\t\t<h1>Adaptations \u00e0 l&rsquo;\u00e9cole<\/h1><p>Vous devez \u00eatre proactif pour comprendre les besoins de votre enfant et travailler avec les \u00e9ducateurs pour s\u00e9lectionner et mettre en \u0153uvre les adaptations appropri\u00e9es. Conna\u00eetre les diff\u00e9rents types d&rsquo;adaptations peut vous aider \u00e0 d\u00e9terminer ce qui conviendra le mieux \u00e0 votre enfant. <\/p><h2>Adaptations pour la lecture<\/h2><p>L&rsquo;\u00e9coute aide les \u00e9l\u00e8ves dyslexiques \u00e0 acc\u00e9der \u00e0 des textes qu&rsquo;ils pourraient avoir du mal \u00e0 lire seuls, et elle aide les \u00e9l\u00e8ves qui lisent plus lentement que leurs camarades. Comme les devoirs de lecture sont de plus en plus longs dans les classes sup\u00e9rieures, cette adaptation devient particuli\u00e8rement utile pour aider \u00e0 g\u00e9rer la charge de travail des \u00e9l\u00e8ves dyslexiques. <\/p><p>Les outils et options comprennent des livres audio enregistr\u00e9s, une technologie de synth\u00e8se vocale telle qu&rsquo;un lecteur d&rsquo;\u00e9cran ou un stylo de lecture, ou encore un enseignant ou un assistant p\u00e9dagogique lisant le texte \u00e0 haute voix \u00e0 l&rsquo;\u00e9l\u00e8ve. Si votre enfant utilise un ordinateur ou un appareil pour \u00e9couter un texte, il est important qu&rsquo;il re\u00e7oive une formation sur la mani\u00e8re d&rsquo;utiliser cet outil. Nous entendons souvent dire que les enfants n&rsquo;utilisent pas leur technologie, parfois parce qu&rsquo;on ne leur a pas appris \u00e0 s&rsquo;en servir et qu&rsquo;ils trouvent cela frustrant.  <\/p><h2>Adaptations pour l&rsquo;\u00e9criture<\/h2><p>Les \u00e9l\u00e8ves dyslexiques peuvent avoir des difficult\u00e9s avec l&rsquo;\u00e9criture, l&rsquo;orthographe et la composition \u00e9crite. Les adaptations pour l&rsquo;\u00e9criture peuvent les aider \u00e0 mettre leurs id\u00e9es sur papier et \u00e0 produire des textes dont ils sont fiers. <\/p><p>Les \u00e9l\u00e8ves utilisent un ordinateur et tapent, ou utilisent la dict\u00e9e vocale pour enregistrer leurs pens\u00e9es et leurs id\u00e9es. Ils peuvent utiliser des outils d&rsquo;orthographe et de grammaire pour r\u00e9viser leurs \u00e9crits. Pour les jeunes \u00e9l\u00e8ves, l&rsquo;utilisation d&rsquo;un ordinateur peut \u00eatre frustrante : la saisie vocale peut \u00eatre impr\u00e9cise avec les voix d&rsquo;enfants, et la saisie peut prendre encore plus de temps que l&rsquo;\u00e9criture \u00e0 la main. Dans ce cas, le gribouillage peut \u00eatre une meilleure solution pour l&rsquo;\u00e9criture. Il s&rsquo;agit de demander \u00e0 un adulte d&rsquo;\u00e9crire les mots de l&rsquo;enfant \u00e0 sa place.    <\/p><h2>Acc\u00e8s aux ordinateurs<\/h2><p>Dans certaines provinces ou territoires, les \u00e9coles disposent de fonds pour permettre aux \u00e9l\u00e8ves dyslexiques ou ayant des difficult\u00e9s d&rsquo;apprentissage d&rsquo;avoir leur propre ordinateur portable \u00e0 utiliser \u00e0 l&rsquo;\u00e9cole. Dans d&rsquo;autres, les \u00e9coles ne disposent pas de ce financement et ne peuvent fournir que des ordinateurs partag\u00e9s. Si votre enfant a besoin d&rsquo;une technologie d&rsquo;assistance, il est important qu&rsquo;il ait son propre ordinateur pour pouvoir l&rsquo;utiliser chaque fois qu&rsquo;il en a besoin. Si votre \u00e9cole ne peut pas fournir d&rsquo;ordinateur d\u00e9di\u00e9 et que l&rsquo;achat d&rsquo;un ordinateur est trop co\u00fbteux, il existe des programmes qui offrent des ordinateurs gratuits ou \u00e0 prix r\u00e9duit aux \u00e9tudiants souffrant de troubles de l&rsquo;apprentissage. Contactez notre \u00e9quipe d&rsquo;assistance pour plus d&rsquo;informations.    <\/p><h2>Adaptations du temps<\/h2><p>Les \u00e9l\u00e8ves dyslexiques lisent et \u00e9crivent souvent plus lentement que les autres. En leur accordant plus de temps pour les examens, les quiz et les devoirs, vous leur permettez de traiter l&rsquo;information et de d\u00e9montrer pleinement leur compr\u00e9hension. <\/p><p>En r\u00e8gle g\u00e9n\u00e9rale, les \u00e9l\u00e8ves ne disposent pas d&rsquo;un temps illimit\u00e9, mais plut\u00f4t d&rsquo;un \u00ab temps et demi \u00bb ou d&rsquo;un \u00ab temps double \u00bb, ce qui signifie qu&rsquo;ils disposent d&rsquo;un temps et demi ou deux fois plus long que les autres \u00e9l\u00e8ves pour terminer un test ou un travail. Les besoins de l&rsquo;\u00e9l\u00e8ve doivent d\u00e9terminer le temps suppl\u00e9mentaire qui lui est accord\u00e9. <\/p><h2>Adaptations p\u00e9dagogiques<\/h2><p>Les am\u00e9nagements p\u00e9dagogiques sont des changements que les enseignants peuvent apporter \u00e0 la pr\u00e9sentation des informations ou \u00e0 la structuration de la pratique de mani\u00e8re \u00e0 favoriser l&rsquo;apprentissage de votre enfant. Voici des exemples d&rsquo;adaptations, accompagn\u00e9es d&rsquo;une description de leur utilit\u00e9 et de leur fonctionnement. <\/p>\t\t\t\t\t\t\t\t<\/div>\n\t\t\t\t<\/div>\n\t\t<div class=\"elementor-element elementor-element-d0e45c6 e-con-full e-flex e-con e-child\" data-id=\"d0e45c6\" data-element_type=\"container\">\n\t\t<div class=\"elementor-element elementor-element-e0d6612 e-con-full e-flex e-con e-child\" data-id=\"e0d6612\" data-element_type=\"container\">\n\t\t\t\t<div class=\"elementor-element elementor-element-b0c0c4d elementor-widget elementor-widget-image\" data-id=\"b0c0c4d\" data-element_type=\"widget\" data-widget_type=\"image.default\">\n\t\t\t\t<div class=\"elementor-widget-container\">\n\t\t\t\t\t\t\t\t\t\t\t\t\t\t\t<img decoding=\"async\" width=\"152\" height=\"150\" src=\"https:\/\/dyslexiacanada.org\/wp-content\/uploads\/2025\/07\/Screenshot-2025-07-05-at-11.53.40\u202fAM-1.png\" class=\"attachment-full size-full wp-image-1968\" alt=\"\" \/>\t\t\t\t\t\t\t\t\t\t\t\t\t\t\t<\/div>\n\t\t\t\t<\/div>\n\t\t\t\t<div class=\"elementor-element elementor-element-b5051a4 elementor-widget elementor-widget-text-editor\" data-id=\"b5051a4\" data-element_type=\"widget\" data-widget_type=\"text-editor.default\">\n\t\t\t\t<div class=\"elementor-widget-container\">\n\t\t\t\t\t\t\t\t\t<h3>Pauses r\u00e9guli\u00e8res<\/h3><p>Des pauses courtes et fr\u00e9quentes pendant les longues p\u00e9riodes d&rsquo;\u00e9tude ou d&rsquo;examen permettent de pr\u00e9venir la fatigue mentale et de maintenir la concentration en offrant la possibilit\u00e9 de se reposer et de se ressourcer.<\/p>\t\t\t\t\t\t\t\t<\/div>\n\t\t\t\t<\/div>\n\t\t\t\t<div class=\"elementor-element elementor-element-32552ba elementor-widget elementor-widget-image\" data-id=\"32552ba\" data-element_type=\"widget\" data-widget_type=\"image.default\">\n\t\t\t\t<div class=\"elementor-widget-container\">\n\t\t\t\t\t\t\t\t\t\t\t\t\t\t\t<img decoding=\"async\" width=\"155\" height=\"153\" src=\"https:\/\/dyslexiacanada.org\/wp-content\/uploads\/2025\/07\/Screenshot-2025-07-05-at-11.53.45\u202fAM-1.png\" class=\"attachment-full size-full wp-image-1970\" alt=\"\" \/>\t\t\t\t\t\t\t\t\t\t\t\t\t\t\t<\/div>\n\t\t\t\t<\/div>\n\t\t\t\t<div class=\"elementor-element elementor-element-92e1ac3 elementor-widget elementor-widget-text-editor\" data-id=\"92e1ac3\" data-element_type=\"widget\" data-widget_type=\"text-editor.default\">\n\t\t\t\t<div class=\"elementor-widget-container\">\n\t\t\t\t\t\t\t\t\t<h3>R\u00e9troaction fr\u00e9quente et renforcement positif<\/h3><p>Le fait de fournir r\u00e9guli\u00e8rement une r\u00e9troaction constructive et des encouragements renforce les efforts et les succ\u00e8s des \u00e9l\u00e8ves, leur donne confiance, les aide \u00e0 reconna\u00eetre leurs progr\u00e8s et entretient leur motivation.<\/p>\t\t\t\t\t\t\t\t<\/div>\n\t\t\t\t<\/div>\n\t\t\t\t<div class=\"elementor-element elementor-element-a76be0c elementor-widget elementor-widget-image\" data-id=\"a76be0c\" data-element_type=\"widget\" data-widget_type=\"image.default\">\n\t\t\t\t<div class=\"elementor-widget-container\">\n\t\t\t\t\t\t\t\t\t\t\t\t\t\t\t<img decoding=\"async\" width=\"156\" height=\"157\" src=\"https:\/\/dyslexiacanada.org\/wp-content\/uploads\/2025\/07\/Screenshot-2025-07-05-at-11.53.50\u202fAM-1.png\" class=\"attachment-full size-full wp-image-1966\" alt=\"\" srcset=\"https:\/\/dyslexiacanada.org\/wp-content\/uploads\/2025\/07\/Screenshot-2025-07-05-at-11.53.50\u202fAM-1.png 156w, https:\/\/dyslexiacanada.org\/wp-content\/uploads\/2025\/07\/Screenshot-2025-07-05-at-11.53.50\u202fAM-1-150x150.png 150w\" sizes=\"(max-width: 156px) 100vw, 156px\" \/>\t\t\t\t\t\t\t\t\t\t\t\t\t\t\t<\/div>\n\t\t\t\t<\/div>\n\t\t\t\t<div class=\"elementor-element elementor-element-b7a30da elementor-widget elementor-widget-text-editor\" data-id=\"b7a30da\" data-element_type=\"widget\" data-widget_type=\"text-editor.default\">\n\t\t\t\t<div class=\"elementor-widget-container\">\n\t\t\t\t\t\t\t\t\t<h3>Copies imprim\u00e9es ou num\u00e9riques des notes de cours<\/h3><p>En fournissant aux \u00e9tudiants les notes ou les diapositives de l&rsquo;enseignant avant ou apr\u00e8s le cours, vous vous assurez qu&rsquo;ils ne manquent pas d&rsquo;informations importantes et qu&rsquo;ils peuvent r\u00e9viser la mati\u00e8re \u00e0 leur propre rythme.<\/p>\t\t\t\t\t\t\t\t<\/div>\n\t\t\t\t<\/div>\n\t\t\t\t<div class=\"elementor-element elementor-element-d95cb40 elementor-widget elementor-widget-image\" data-id=\"d95cb40\" data-element_type=\"widget\" data-widget_type=\"image.default\">\n\t\t\t\t<div class=\"elementor-widget-container\">\n\t\t\t\t\t\t\t\t\t\t\t\t\t\t\t<img loading=\"lazy\" decoding=\"async\" width=\"163\" height=\"165\" src=\"https:\/\/dyslexiacanada.org\/wp-content\/uploads\/2025\/07\/Screenshot-2025-07-05-at-11.53.56\u202fAM-1.png\" class=\"attachment-full size-full wp-image-1964\" alt=\"\" \/>\t\t\t\t\t\t\t\t\t\t\t\t\t\t\t<\/div>\n\t\t\t\t<\/div>\n\t\t\t\t<div class=\"elementor-element elementor-element-e5bedbe elementor-widget elementor-widget-text-editor\" data-id=\"e5bedbe\" data-element_type=\"widget\" data-widget_type=\"text-editor.default\">\n\t\t\t\t<div class=\"elementor-widget-container\">\n\t\t\t\t\t\t\t\t\t<h3>Fiches de travail et tests adapt\u00e9s<\/h3><p>Pour aider les \u00e9l\u00e8ves \u00e0 organiser leurs \u00e9crits et \u00e0 les rendre lisibles, en r\u00e9duisant l&rsquo;encombrement visuel et en am\u00e9liorant la clart\u00e9, les tests, les feuilles de travail et les devoirs doivent utiliser des polices de caract\u00e8res simples, ne pas contenir d&rsquo;\u00e9l\u00e9ments visuels superflus, pr\u00e9voir de larges espaces blancs et des lignes pour r\u00e9diger les r\u00e9ponses.<\/p>\t\t\t\t\t\t\t\t<\/div>\n\t\t\t\t<\/div>\n\t\t\t\t<div class=\"elementor-element elementor-element-6c83f6a elementor-widget elementor-widget-image\" data-id=\"6c83f6a\" data-element_type=\"widget\" data-widget_type=\"image.default\">\n\t\t\t\t<div class=\"elementor-widget-container\">\n\t\t\t\t\t\t\t\t\t\t\t\t\t\t\t<img loading=\"lazy\" decoding=\"async\" width=\"153\" height=\"151\" src=\"https:\/\/dyslexiacanada.org\/wp-content\/uploads\/2025\/07\/Screenshot-2025-07-05-at-11.54.01\u202fAM-1.png\" class=\"attachment-full size-full wp-image-1962\" alt=\"\" \/>\t\t\t\t\t\t\t\t\t\t\t\t\t\t\t<\/div>\n\t\t\t\t<\/div>\n\t\t\t\t<div class=\"elementor-element elementor-element-ef170c4 elementor-widget elementor-widget-text-editor\" data-id=\"ef170c4\" data-element_type=\"widget\" data-widget_type=\"text-editor.default\">\n\t\t\t\t<div class=\"elementor-widget-container\">\n\t\t\t\t\t\t\t\t\t<h3>Morcellement<\/h3><p>Diviser les t\u00e2ches ou les devoirs importants en sections plus faciles \u00e0 g\u00e9rer et assorties d&rsquo;\u00e9ch\u00e9ances distinctes peut emp\u00eacher les \u00e9tudiants de se sentir d\u00e9pass\u00e9s et les aider \u00e0 rester organis\u00e9s et concentr\u00e9s.<\/p>\t\t\t\t\t\t\t\t<\/div>\n\t\t\t\t<\/div>\n\t\t\t\t<div class=\"elementor-element elementor-element-3527733 elementor-widget elementor-widget-image\" data-id=\"3527733\" data-element_type=\"widget\" data-widget_type=\"image.default\">\n\t\t\t\t<div class=\"elementor-widget-container\">\n\t\t\t\t\t\t\t\t\t\t\t\t\t\t\t<img loading=\"lazy\" decoding=\"async\" width=\"148\" height=\"144\" src=\"https:\/\/dyslexiacanada.org\/wp-content\/uploads\/2025\/07\/Screenshot-2025-07-05-at-11.54.08\u202fAM-1.png\" class=\"attachment-full size-full wp-image-1960\" alt=\"\" \/>\t\t\t\t\t\t\t\t\t\t\t\t\t\t\t<\/div>\n\t\t\t\t<\/div>\n\t\t\t\t<div class=\"elementor-element elementor-element-a53d1de elementor-widget elementor-widget-text-editor\" data-id=\"a53d1de\" data-element_type=\"widget\" data-widget_type=\"text-editor.default\">\n\t\t\t\t<div class=\"elementor-widget-container\">\n\t\t\t\t\t\t\t\t\t<h3>\u00c9valuations alternatives<\/h3><p>En proposant diff\u00e9rentes mani\u00e8res de d\u00e9montrer leurs connaissances, telles que des pr\u00e9sentations orales, des projets ou des portfolios au lieu d&rsquo;examens \u00e9crits, les \u00e9l\u00e8ves auront l&rsquo;occasion de montrer leur compr\u00e9hension dans des formats qui mettent en valeur leurs points forts.<\/p>\t\t\t\t\t\t\t\t<\/div>\n\t\t\t\t<\/div>\n\t\t\t\t<div class=\"elementor-element elementor-element-5603a4b elementor-widget elementor-widget-image\" data-id=\"5603a4b\" data-element_type=\"widget\" data-widget_type=\"image.default\">\n\t\t\t\t<div class=\"elementor-widget-container\">\n\t\t\t\t\t\t\t\t\t\t\t\t\t\t\t<img loading=\"lazy\" decoding=\"async\" width=\"150\" height=\"154\" src=\"https:\/\/dyslexiacanada.org\/wp-content\/uploads\/2025\/07\/Screenshot-2025-07-05-at-11.54.13\u202fAM-1.png\" class=\"attachment-full size-full wp-image-1958\" alt=\"\" \/>\t\t\t\t\t\t\t\t\t\t\t\t\t\t\t<\/div>\n\t\t\t\t<\/div>\n\t\t\t\t<div class=\"elementor-element elementor-element-a025940 elementor-widget elementor-widget-text-editor\" data-id=\"a025940\" data-element_type=\"widget\" data-widget_type=\"text-editor.default\">\n\t\t\t\t<div class=\"elementor-widget-container\">\n\t\t\t\t\t\t\t\t\t<h3>Si\u00e8ges pr\u00e9f\u00e9rentiels<\/h3><p>Permettre aux \u00e9l\u00e8ves de s&rsquo;asseoir \u00e0 l&rsquo;endroit o\u00f9 ils peuvent le mieux se concentrer (souvent pr\u00e8s de l&rsquo;enseignant ou \u00e0 l&rsquo;\u00e9cart des distractions) favorise la concentration et garantit qu&rsquo;ils peuvent voir et entendre les instructions clairement.<\/p>\t\t\t\t\t\t\t\t<\/div>\n\t\t\t\t<\/div>\n\t\t\t\t<div class=\"elementor-element elementor-element-c436e31 elementor-widget elementor-widget-image\" data-id=\"c436e31\" data-element_type=\"widget\" data-widget_type=\"image.default\">\n\t\t\t\t<div class=\"elementor-widget-container\">\n\t\t\t\t\t\t\t\t\t\t\t\t\t\t\t<img loading=\"lazy\" decoding=\"async\" width=\"151\" height=\"143\" src=\"https:\/\/dyslexiacanada.org\/wp-content\/uploads\/2025\/07\/Screenshot-2025-07-05-at-11.54.17\u202fAM-1.png\" class=\"attachment-full size-full wp-image-1974\" alt=\"\" \/>\t\t\t\t\t\t\t\t\t\t\t\t\t\t\t<\/div>\n\t\t\t\t<\/div>\n\t\t\t\t<div class=\"elementor-element elementor-element-75d570e elementor-widget elementor-widget-text-editor\" data-id=\"75d570e\" data-element_type=\"widget\" data-widget_type=\"text-editor.default\">\n\t\t\t\t<div class=\"elementor-widget-container\">\n\t\t\t\t\t\t\t\t\t<h3>Organisateurs graphiques<\/h3><p>L&rsquo;utilisation d&rsquo;outils visuels qui aident \u00e0 structurer et \u00e0 organiser l&rsquo;information facilite la compr\u00e9hension et l&rsquo;organisation des id\u00e9es, ce qui permet de mieux comprendre et de mieux m\u00e9moriser l&rsquo;information.<\/p>\t\t\t\t\t\t\t\t<\/div>\n\t\t\t\t<\/div>\n\t\t\t\t<\/div>\n\t\t\t\t<\/div>\n\t\t\t\t\t<\/div>\n\t\t\t\t<\/div>\n\t\t\t\t<\/div>\n\t\t","protected":false},"excerpt":{"rendered":"<p>Adaptations \u00e0 l&rsquo;\u00e9cole Vous devez \u00eatre proactif pour comprendre les besoins de votre enfant et travailler avec les \u00e9ducateurs pour s\u00e9lectionner et mettre en \u0153uvre les adaptations appropri\u00e9es. Conna\u00eetre les [&hellip;]<\/p>\n","protected":false},"author":7,"featured_media":0,"parent":5925,"menu_order":0,"comment_status":"closed","ping_status":"closed","template":"elementor_theme","meta":{"footnotes":""},"class_list":["post-4319","page","type-page","status-publish","hentry"],"_links":{"self":[{"href":"https:\/\/dyslexiacanada.org\/fr\/wp-json\/wp\/v2\/pages\/4319","targetHints":{"allow":["GET"]}}],"collection":[{"href":"https:\/\/dyslexiacanada.org\/fr\/wp-json\/wp\/v2\/pages"}],"about":[{"href":"https:\/\/dyslexiacanada.org\/fr\/wp-json\/wp\/v2\/types\/page"}],"author":[{"embeddable":true,"href":"https:\/\/dyslexiacanada.org\/fr\/wp-json\/wp\/v2\/users\/7"}],"replies":[{"embeddable":true,"href":"https:\/\/dyslexiacanada.org\/fr\/wp-json\/wp\/v2\/comments?post=4319"}],"version-history":[{"count":3,"href":"https:\/\/dyslexiacanada.org\/fr\/wp-json\/wp\/v2\/pages\/4319\/revisions"}],"predecessor-version":[{"id":5050,"href":"https:\/\/dyslexiacanada.org\/fr\/wp-json\/wp\/v2\/pages\/4319\/revisions\/5050"}],"up":[{"embeddable":true,"href":"https:\/\/dyslexiacanada.org\/fr\/wp-json\/wp\/v2\/pages\/5925"}],"wp:attachment":[{"href":"https:\/\/dyslexiacanada.org\/fr\/wp-json\/wp\/v2\/media?parent=4319"}],"curies":[{"name":"wp","href":"https:\/\/api.w.org\/{rel}","templated":true}]}}