{"id":4317,"date":"2025-09-04T12:50:24","date_gmt":"2025-09-04T16:50:24","guid":{"rendered":"https:\/\/dyslexiacanada.org\/que-sont-les-adaptations\/"},"modified":"2025-11-11T13:42:38","modified_gmt":"2025-11-11T18:42:38","slug":"que-sont-les-adaptations","status":"publish","type":"page","link":"https:\/\/dyslexiacanada.org\/fr\/soutien\/adaptations\/que-sont-les-adaptations\/","title":{"rendered":"Que sont les adaptations ?"},"content":{"rendered":"\t\t<div data-elementor-type=\"wp-page\" data-elementor-id=\"4317\" class=\"elementor elementor-4317 elementor-3104\" data-elementor-post-type=\"page\">\n\t\t\t\t<div class=\"elementor-element elementor-element-5173e25 e-flex e-con-boxed e-con e-parent\" data-id=\"5173e25\" data-element_type=\"container\">\n\t\t\t\t\t<div class=\"e-con-inner\">\n\t\t\t\t<div class=\"elementor-element elementor-element-8b74927 elementor-widget elementor-widget-text-editor\" data-id=\"8b74927\" data-element_type=\"widget\" data-widget_type=\"text-editor.default\">\n\t\t\t\t<div class=\"elementor-widget-container\">\n\t\t\t\t\t\t\t\t\t<h1>Que sont les adaptations ?<\/h1><p>Une adaptation est un changement ou un ajustement des m\u00e9thodes d&rsquo;enseignement ou de l&rsquo;environnement d&rsquo;apprentissage qui permet \u00e0 un \u00e9l\u00e8ve handicap\u00e9 de participer pleinement aux activit\u00e9s scolaires. Les am\u00e9nagements sont con\u00e7us pour mettre les \u00e9l\u00e8ves sur un pied d&rsquo;\u00e9galit\u00e9. Il est important de comprendre qu&rsquo;ils ne constituent pas un avantage injuste, mais plut\u00f4t un syst\u00e8me de soutien n\u00e9cessaire pour aider les enfants dyslexiques \u00e0 atteindre leur plein potentiel.  <\/p><p>Lorsque vous envisagez des adaptations, vous devez vous poser la question suivante : \u00ab\u00a0Le travail de mon enfant correspond-il \u00e0 son potentiel ?\u00a0\u00bb Si la r\u00e9ponse est n\u00e9gative, vous pouvez demander \u00e0 l&rsquo;\u00e9cole de mettre en place des adaptations pour r\u00e9soudre ce probl\u00e8me. <\/p><h2>Objectif des adaptations<\/h2><p>Dans toutes les mati\u00e8res, l&rsquo;apprentissage passe par la lecture et l&rsquo;\u00e9criture. Lorsqu&rsquo;un enfant \u00e9prouve des difficult\u00e9s en lecture et en \u00e9criture, assurez-vous que ces probl\u00e8mes n&rsquo;affectent pas l&rsquo;ensemble de son apprentissage. Pour de nombreux \u00e9l\u00e8ves atteints de dyslexie, des probl\u00e8mes de lecture pr\u00e9coces peuvent entra\u00eener des difficult\u00e9s dans d&rsquo;autres mati\u00e8res et une aversion pour l&rsquo;\u00e9cole. Une utilisation efficace des adaptations peut les aider \u00e0 rester sur la bonne voie et \u00e0 s&rsquo;impliquer.   <\/p><p>M\u00eame pour les \u00e9l\u00e8ves dyslexiques qui savent lire et \u00e9crire, cela prend souvent plus de temps et est plus \u00e9prouvant mentalement que pour les autres \u00e9l\u00e8ves. Certains parviendront \u00e0 r\u00e9pondre aux attentes du niveau scolaire en fournissant beaucoup d&rsquo;efforts suppl\u00e9mentaires, mais cela peut conduire \u00e0 la frustration, au stress et \u00e0 l&rsquo;\u00e9puisement. Cette pression suppl\u00e9mentaire peut affecter leur sant\u00e9 mentale, en augmentant le risque d&rsquo;anxi\u00e9t\u00e9 et de manque d&rsquo;estime de soi. Le recours \u00e0 des adaptations peut contribuer \u00e0 r\u00e9duire ce stress en rendant leur travail plus efficace et moins exigeant.   <\/p><h2>Quand les adaptations sont-ils appropri\u00e9s ?<\/h2><p>Lorsque vous envisagez des adaptations, pensez \u00e0 l&rsquo;objectif de la t\u00e2che que votre enfant est en train d&rsquo;accomplir. Si l&rsquo;objectif est de comprendre ou d&rsquo;am\u00e9liorer les comp\u00e9tences en lecture, en \u00e9criture ou en orthographe, l&rsquo;enfant doit accomplir la t\u00e2che de mani\u00e8re autonome. Par exemple, lors d&rsquo;un examen de lecture, il peut \u00eatre demand\u00e9 \u00e0 votre enfant de lire \u00e0 haute voix un passage de niveau scolaire \u00e0 un \u00e9ducateur pendant une dur\u00e9e d\u00e9termin\u00e9e. \u00c9tant donn\u00e9 que l&rsquo;objectif de cette t\u00e2che est de comprendre les comp\u00e9tences de votre enfant en mati\u00e8re de lecture afin d&rsquo;aider \u00e0 planifier l&rsquo;enseignement et l&rsquo;intervention, les adaptations tels que la technologie d&rsquo;assistance ou le temps suppl\u00e9mentaire ne sont pas appropri\u00e9es ou b\u00e9n\u00e9fiques. De m\u00eame, si le but de l&rsquo;activit\u00e9 est d&rsquo;enseigner ou de pratiquer l&rsquo;orthographe, les \u00e9l\u00e8ves doivent participer sans utiliser de technologie d&rsquo;assistance pour renforcer leurs comp\u00e9tences.    <\/p><p>En revanche, si l&rsquo;objectif d&rsquo;une t\u00e2che est d&rsquo;apprendre un sujet ou de d\u00e9terminer ce que votre enfant a appris sur un sujet, des adaptations peuvent \u00eatre appropri\u00e9es et b\u00e9n\u00e9fiques. Par exemple, si l&rsquo;enseignant demande une lecture sur les \u00e9cosyst\u00e8mes et que votre enfant n&rsquo;a pas encore les comp\u00e9tences n\u00e9cessaires pour lire ce texte, ou si la lecture lui prendrait beaucoup de temps, lui donner la possibilit\u00e9 d&rsquo;\u00e9couter plut\u00f4t que de lire le texte est une adaptation appropri\u00e9e. De m\u00eame, si l&rsquo;objectif de la t\u00e2che est d&rsquo;\u00e9valuer ce que votre enfant a appris sur les \u00e9cosyst\u00e8mes, il convient alors de r\u00e9aliser le travail ou le test \u00e0 l&rsquo;aide d&rsquo;un ordinateur dot\u00e9 de la technologie voix-texte et de lui accorder plus de temps.  <\/p><h2>Les adaptations ne remplacent pas l&rsquo;intervention<\/h2><p>Nous entendons souvent des familles frustr\u00e9es parce que l&rsquo;\u00e9cole de leur enfant leur propose des adaptions, mais pas d&rsquo;intervention efficace pour l&rsquo;aider \u00e0 am\u00e9liorer ses comp\u00e9tences en lecture et en \u00e9criture. Ce th\u00e8me a \u00e9t\u00e9 abord\u00e9 dans l&rsquo;<a href=\"https:\/\/www3.ohrc.on.ca\/en\/right-read-inquiry-report\/11-accommodations\" target=\"_blank\" rel=\"noopener\">enqu\u00eate de la CODP sur le droit de lire<\/a>, qui a mis en garde contre le fait que les adaptations ne remplacent pas l&rsquo;intervention, et a \u00e9galement conseill\u00e9 que les adaptations soient mis en \u0153uvre en m\u00eame temps qu&rsquo;une intervention efficace. <\/p>\t\t\t\t\t\t\t\t<\/div>\n\t\t\t\t<\/div>\n\t\t\t\t\t<\/div>\n\t\t\t\t<\/div>\n\t\t\t\t<\/div>\n\t\t","protected":false},"excerpt":{"rendered":"<p>Que sont les adaptations ? Une adaptation est un changement ou un ajustement des m\u00e9thodes d&rsquo;enseignement ou de l&rsquo;environnement d&rsquo;apprentissage qui permet \u00e0 un \u00e9l\u00e8ve handicap\u00e9 de participer pleinement aux [&hellip;]<\/p>\n","protected":false},"author":3,"featured_media":0,"parent":5925,"menu_order":0,"comment_status":"closed","ping_status":"closed","template":"elementor_theme","meta":{"footnotes":""},"class_list":["post-4317","page","type-page","status-publish","hentry"],"_links":{"self":[{"href":"https:\/\/dyslexiacanada.org\/fr\/wp-json\/wp\/v2\/pages\/4317","targetHints":{"allow":["GET"]}}],"collection":[{"href":"https:\/\/dyslexiacanada.org\/fr\/wp-json\/wp\/v2\/pages"}],"about":[{"href":"https:\/\/dyslexiacanada.org\/fr\/wp-json\/wp\/v2\/types\/page"}],"author":[{"embeddable":true,"href":"https:\/\/dyslexiacanada.org\/fr\/wp-json\/wp\/v2\/users\/3"}],"replies":[{"embeddable":true,"href":"https:\/\/dyslexiacanada.org\/fr\/wp-json\/wp\/v2\/comments?post=4317"}],"version-history":[{"count":1,"href":"https:\/\/dyslexiacanada.org\/fr\/wp-json\/wp\/v2\/pages\/4317\/revisions"}],"predecessor-version":[{"id":4318,"href":"https:\/\/dyslexiacanada.org\/fr\/wp-json\/wp\/v2\/pages\/4317\/revisions\/4318"}],"up":[{"embeddable":true,"href":"https:\/\/dyslexiacanada.org\/fr\/wp-json\/wp\/v2\/pages\/5925"}],"wp:attachment":[{"href":"https:\/\/dyslexiacanada.org\/fr\/wp-json\/wp\/v2\/media?parent=4317"}],"curies":[{"name":"wp","href":"https:\/\/api.w.org\/{rel}","templated":true}]}}