{"id":4300,"date":"2025-05-24T12:05:02","date_gmt":"2025-05-24T16:05:02","guid":{"rendered":"https:\/\/dyslexiacanada.org\/intervention-efficace-en-lecture\/"},"modified":"2025-11-11T13:42:41","modified_gmt":"2025-11-11T18:42:41","slug":"intervention-efficace-en-lecture","status":"publish","type":"page","link":"https:\/\/dyslexiacanada.org\/fr\/soutien\/intervention\/intervention-efficace-en-lecture\/","title":{"rendered":"Intervention efficace en lecture"},"content":{"rendered":"\t\t<div data-elementor-type=\"wp-page\" data-elementor-id=\"4300\" class=\"elementor elementor-4300 elementor-1438\" data-elementor-post-type=\"page\">\n\t\t\t\t<div class=\"elementor-element elementor-element-a735f0e e-con-full e-flex e-con e-child\" data-id=\"a735f0e\" data-element_type=\"container\">\n\t\t\t\t<div class=\"elementor-element elementor-element-02aa432 elementor-widget elementor-widget-text-editor\" data-id=\"02aa432\" data-element_type=\"widget\" data-widget_type=\"text-editor.default\">\n\t\t\t\t<div class=\"elementor-widget-container\">\n\t\t\t\t\t\t\t\t\t<h1>Intervention efficace en mati\u00e8re de lecture<\/h1><p>Un <a href=\"https:\/\/dyslexiacanada.org\/fr\/comprendre-comment-nous-lisons\/enseignement-efficace-de-la-lecture\/\">enseignement structur\u00e9 et solide de la lecture et de l&rsquo;\u00e9criture<\/a> en classe aide tous les \u00e9l\u00e8ves \u00e0 apprendre \u00e0 lire, mais certains d&rsquo;entre eux, notamment ceux qui ont la dyslexie, ont besoin d&rsquo;un soutien plus important. Ces \u00e9l\u00e8ves ont \u00e9galement besoin d&rsquo;une intervention en lecture qui leur donnera une instruction et une pratique suppl\u00e9mentaires pour les aider \u00e0 d\u00e9velopper des comp\u00e9tences sp\u00e9cifiques. L&rsquo;intervention doit suivre la m\u00eame approche structur\u00e9e de la lecture et de l&rsquo;\u00e9criture que l&rsquo;enseignement, mais avec plus d&rsquo;intensit\u00e9. L&rsquo;intensit\u00e9 peut \u00eatre augment\u00e9e de plusieurs fa\u00e7ons, notamment en r\u00e9duisant la taille des groupes, en augmentant le nombre de minutes d&rsquo;enseignement et en multipliant les occasions de s&rsquo;exercer.    <\/p><h2>Quand les \u00e9l\u00e8ves doivent-ils commencer l&rsquo;intervention ?<\/h2><p>Les \u00e9l\u00e8ves qui ont des difficult\u00e9s en lecture devraient b\u00e9n\u00e9ficier d&rsquo;un soutien \u00e0 la lecture le plus t\u00f4t possible &#8211; id\u00e9alement en maternelle ou en premi\u00e8re ann\u00e9e.<\/p><h2>Pourquoi l&rsquo;intervention pr\u00e9coce est-elle importante ?<\/h2><p>M\u00eame s&rsquo;il n&rsquo;est jamais trop tard pour am\u00e9liorer les comp\u00e9tences en lecture de votre enfant, les interventions pr\u00e9coces prennent moins de temps, peuvent \u00eatre moins intensives et peuvent pr\u00e9venir les effets n\u00e9fastes que les difficult\u00e9s de lecture peuvent avoir sur l&rsquo;estime de soi, la sant\u00e9 mentale et la r\u00e9ussite scolaire.<\/p>\t\t\t\t\t\t\t\t<\/div>\n\t\t\t\t<\/div>\n\t\t\t\t<div class=\"elementor-element elementor-element-1f2b460 elementor-widget elementor-widget-image\" data-id=\"1f2b460\" data-element_type=\"widget\" data-widget_type=\"image.default\">\n\t\t\t\t<div class=\"elementor-widget-container\">\n\t\t\t\t\t\t\t\t\t\t\t\t\t\t\t<img fetchpriority=\"high\" decoding=\"async\" width=\"1400\" height=\"1184\" src=\"https:\/\/dyslexiacanada.org\/wp-content\/uploads\/2024\/12\/Matthew-Effect-1.png\" class=\"attachment-full size-full wp-image-983\" alt=\"\" srcset=\"https:\/\/dyslexiacanada.org\/wp-content\/uploads\/2024\/12\/Matthew-Effect-1.png 1400w, https:\/\/dyslexiacanada.org\/wp-content\/uploads\/2024\/12\/Matthew-Effect-1-300x254.png 300w, https:\/\/dyslexiacanada.org\/wp-content\/uploads\/2024\/12\/Matthew-Effect-1-1024x866.png 1024w, https:\/\/dyslexiacanada.org\/wp-content\/uploads\/2024\/12\/Matthew-Effect-1-768x650.png 768w\" sizes=\"(max-width: 1400px) 100vw, 1400px\" \/>\t\t\t\t\t\t\t\t\t\t\t\t\t\t\t<\/div>\n\t\t\t\t<\/div>\n\t\t\t\t<div class=\"elementor-element elementor-element-2091eee elementor-widget elementor-widget-text-editor\" data-id=\"2091eee\" data-element_type=\"widget\" data-widget_type=\"text-editor.default\">\n\t\t\t\t<div class=\"elementor-widget-container\">\n\t\t\t\t\t\t\t\t\t<p>L&rsquo;\u00ab effet Matthew \u00bb a \u00e9t\u00e9 invent\u00e9 par Keith Stanovich (1986) et d\u00e9signe le concept selon lequel \u00ab les riches s&rsquo;enrichissent et les pauvres s&rsquo;appauvrissent \u00bb. En lecture, ce terme est utilis\u00e9 pour d\u00e9crire comment l&rsquo;\u00e9cart entre les bons lecteurs et les lecteurs en difficult\u00e9 augment au fil du temps. Lorsque les enfants sont bons en lecture, ils ont tendance \u00e0 lire davantage, ce qui les aide \u00e0 s&rsquo;am\u00e9liorer encore. En revanche, si un enfant a du mal \u00e0 lire, il risque d&rsquo;\u00e9viter de le faire, ce qui signifie qu&rsquo;il manquera des occasions pour s&rsquo;am\u00e9liorer. Par cons\u00e9quent, les bons lecteurs continuent de s&rsquo;am\u00e9liorer, tandis que les lecteurs en difficult\u00e9 prennent du retard. Le meilleur moyen de combler cet \u00e9cart est d&rsquo;intervenir rapidement et efficacement.     <\/p><h2>Quand et o\u00f9 se d\u00e9roule l&rsquo;intervention ?<\/h2><p>Les interventions en mati\u00e8re de lecture varient en fonction de l&rsquo;\u00e2ge de votre enfant, de ses besoins d&rsquo;apprentissage et du contexte scolaire. Les \u00e9l\u00e8ves ont le droit d&rsquo;<a href=\"http:\/\/intervention%20at%20school\" data-wplink-url-error=\"true\">apprendre \u00e0 lire \u00e0 l&rsquo;\u00e9cole<\/a> et l&rsquo;intervention peut avoir lieu \u00e0 l&rsquo;\u00e9cole, soit dans la classe normale, soit dans un cadre extra-scolaire avec un enseignant ressource, ou en dehors de l&rsquo;\u00e9cole avec un tuteur d&rsquo;alphab\u00e9tisation structur\u00e9. Quel que soit le lieu de l&rsquo;intervention, une bonne planification est essentielle pour s&rsquo;assurer que le soutien est efficace et coordonn\u00e9. Pour en savoir plus, consultez notre <a class=\"decorated-link\" href=\"https:\/\/dyslexiacanada.org\/fr\/intervention-efficace-en-lecture\/planification-des-interventions\/\" rel=\"noopener\" data-start=\"476\" data-end=\"494\">page consacr\u00e9e \u00e0 la planification<\/a>.    <\/p><h1>Maximiser l&rsquo;effet de l&rsquo;intervention<\/h1><p>Il est important de s&rsquo;assurer que l&rsquo;intervention dont b\u00e9n\u00e9ficie votre enfant utilise les strat\u00e9gies les plus efficaces pour combler l&rsquo;\u00e9cart de comp\u00e9tences le plus rapidement possible. Voici quelques exemples de ce qui rend une intervention en lecture efficace et de ce qui ne fonctionne pas aussi bien : <\/p><h2>Intervention sur la conscience phon\u00e9mique<\/h2><p>La conscience phon\u00e9mique est la capacit\u00e9 d&rsquo;identifier et de travailler avec les sons individuels des mots. Elle est n\u00e9cessaire pour d\u00e9coder et \u00e9peler les mots. Beaucoup d&rsquo;enfants dyslexiques ont des difficult\u00e9s avec la conscience phon\u00e9mique.  <\/p><p>Les deux comp\u00e9tences les plus importantes en mati\u00e8re de conscience phon\u00e9mique sont le m\u00e9lange et la segmentation. Le m\u00e9lange consiste \u00e0 assembler les sons pour former un mot, et la segmentation consiste \u00e0 s\u00e9parer les sons d&rsquo;un mot pour qu&rsquo;il puisse \u00eatre \u00e9pel\u00e9. <\/p><p>L&rsquo;enseignement et l&rsquo;intervention en mati\u00e8re de conscience phon\u00e9mique doivent \u00eatre brefs, l&rsquo;objectif \u00e9tant que les \u00e9l\u00e8ves passent au d\u00e9codage le plus rapidement possible.<\/p><h2>Intervention en d\u00e9codage et en orthographe<\/h2><p>Les \u00e9l\u00e8ves atteints de dyslexie ont souvent besoin d&rsquo;une intervention pour les aider \u00e0 d\u00e9velopper leurs comp\u00e9tences en mati\u00e8re de d\u00e9codage et d&rsquo;orthographe. Si un \u00e9l\u00e8ve a du mal \u00e0 d\u00e9coder les mots, il peut compenser en m\u00e9morisant ou en devinant des mots, ce qui peut l&#8217;emp\u00eacher de lire avec fluidit\u00e9. L&rsquo;intervention pour le d\u00e9codage et l&rsquo;orthographe fournit un enseignement suppl\u00e9mentaire sur les correspondances entre les lettres et les sons (phon\u00e9tique), les mod\u00e8les d&rsquo;orthographe et les parties significatives des mots telles que les pr\u00e9fixes et les suffixes, tout en fournissant de nombreux exercices suppl\u00e9mentaires pour utiliser ces connaissances afin de lire et d&rsquo;orthographier les mots.  <\/p><h2>Intervention en mati\u00e8re de fluidit\u00e9<\/h2><p>La fluidit\u00e9 d\u00e9signe la capacit\u00e9 \u00e0 lire des mots sans effort et avec pr\u00e9cision, ce qui permet au lecteur de consacrer toute son attention \u00e0 la r\u00e9flexion sur ce qu&rsquo;il est en train de lire.<\/p><p>Les \u00e9l\u00e8ves qui ont de bonnes capacit\u00e9s de d\u00e9codage mais qui sont lents ou impr\u00e9cis dans leur lecture ont besoin d&rsquo;une intervention pour am\u00e9liorer leur fluidit\u00e9.<\/p><p>L&rsquo;intervention sur la fluidit\u00e9 doit se concentrer sur la pr\u00e9cision et l&rsquo;expression avant la vitesse. La lecture \u00e0 haute voix est plus efficace pour d\u00e9velopper la fluidit\u00e9 que la lecture silencieuse. <\/p><h2>Intervention en mati\u00e8re de compr\u00e9hension<\/h2><p>La compr\u00e9hension est l&rsquo;objectif de la lecture. Pour de nombreux \u00e9l\u00e8ves dyslexiques, les difficult\u00e9s de compr\u00e9hension d\u00e9coulent d&rsquo;un manque de pr\u00e9cision et de fluidit\u00e9 dans la lecture des textes. Comme le dit la Dr. Anita Archer, \u00ab il n&rsquo;y a pas de strat\u00e9gie de compr\u00e9hension suffisamment puissante pour compenser le fait qu&rsquo;un \u00e9l\u00e8ve ne puisse pas lire les mots \u00bb. Une fois que les \u00e9l\u00e8ves peuvent lire les mots automatiquement sans trop r\u00e9fl\u00e9chir \u00e0 la fa\u00e7on de les prononcer, ils peuvent concentrer leur \u00e9nergie sur la compr\u00e9hension de l&rsquo;histoire ou de l&rsquo;information qu&rsquo;ils lisent.   <\/p><p>Si un enfant a des difficult\u00e9s de compr\u00e9hension, il faut \u00e9valuer sa fluidit\u00e9 de lecture. S&rsquo;il peut lire couramment mais a encore du mal \u00e0 comprendre ce qu&rsquo;il lit, il peut avoir besoin d&rsquo;un soutien suppl\u00e9mentaire en mati\u00e8re de compr\u00e9hension de la lecture. <\/p>\t\t\t\t\t\t\t\t<\/div>\n\t\t\t\t<\/div>\n\t\t\t\t<\/div>\n\t\t\t\t<\/div>\n\t\t","protected":false},"excerpt":{"rendered":"<p>Intervention efficace en mati\u00e8re de lecture Un enseignement structur\u00e9 et solide de la lecture et de l&rsquo;\u00e9criture en classe aide tous les \u00e9l\u00e8ves \u00e0 apprendre \u00e0 lire, mais certains d&rsquo;entre [&hellip;]<\/p>\n","protected":false},"author":7,"featured_media":0,"parent":5934,"menu_order":0,"comment_status":"closed","ping_status":"closed","template":"elementor_theme","meta":{"footnotes":""},"class_list":["post-4300","page","type-page","status-publish","hentry"],"_links":{"self":[{"href":"https:\/\/dyslexiacanada.org\/fr\/wp-json\/wp\/v2\/pages\/4300","targetHints":{"allow":["GET"]}}],"collection":[{"href":"https:\/\/dyslexiacanada.org\/fr\/wp-json\/wp\/v2\/pages"}],"about":[{"href":"https:\/\/dyslexiacanada.org\/fr\/wp-json\/wp\/v2\/types\/page"}],"author":[{"embeddable":true,"href":"https:\/\/dyslexiacanada.org\/fr\/wp-json\/wp\/v2\/users\/7"}],"replies":[{"embeddable":true,"href":"https:\/\/dyslexiacanada.org\/fr\/wp-json\/wp\/v2\/comments?post=4300"}],"version-history":[{"count":4,"href":"https:\/\/dyslexiacanada.org\/fr\/wp-json\/wp\/v2\/pages\/4300\/revisions"}],"predecessor-version":[{"id":5929,"href":"https:\/\/dyslexiacanada.org\/fr\/wp-json\/wp\/v2\/pages\/4300\/revisions\/5929"}],"up":[{"embeddable":true,"href":"https:\/\/dyslexiacanada.org\/fr\/wp-json\/wp\/v2\/pages\/5934"}],"wp:attachment":[{"href":"https:\/\/dyslexiacanada.org\/fr\/wp-json\/wp\/v2\/media?parent=4300"}],"curies":[{"name":"wp","href":"https:\/\/api.w.org\/{rel}","templated":true}]}}