{"id":4298,"date":"2025-06-13T20:02:35","date_gmt":"2025-06-14T00:02:35","guid":{"rendered":"https:\/\/dyslexiacanada.org\/mythes-et-idees-fausses\/"},"modified":"2025-11-14T14:07:05","modified_gmt":"2025-11-14T19:07:05","slug":"mythes-et-idees-fausses","status":"publish","type":"page","link":"https:\/\/dyslexiacanada.org\/fr\/a-propos-de-la-dyslexie\/comprendre-comment-nous-lisons\/mythes-et-idees-fausses\/","title":{"rendered":"Mythes et id\u00e9es fausses"},"content":{"rendered":"\t\t<div data-elementor-type=\"wp-page\" data-elementor-id=\"4298\" class=\"elementor elementor-4298 elementor-1648\" data-elementor-post-type=\"page\">\n\t\t\t\t<div class=\"elementor-element elementor-element-55ec7fd e-con-full e-flex e-con e-child\" data-id=\"55ec7fd\" data-element_type=\"container\">\n\t\t\t\t<div class=\"elementor-element elementor-element-7816fb8 elementor-widget elementor-widget-text-editor\" data-id=\"7816fb8\" data-element_type=\"widget\" data-widget_type=\"text-editor.default\">\n\t\t\t\t<div class=\"elementor-widget-container\">\n\t\t\t\t\t\t\t\t\t<h1>Malentendus courants au sujet de la dyslexie<\/h1><p>Bien que la lecture soit l&rsquo;aspect le plus \u00e9tudi\u00e9 de la cognition humaine, les familles et les \u00e9ducateurs re\u00e7oivent souvent des informations obsol\u00e8tes et inexactes. Nous abordons ici quelques mythes courants qui peuvent nuire aux enfants en emp\u00eachant ou en retardant la mise en place d&rsquo;un enseignement et d&rsquo;une intervention efficaces en mati\u00e8re de lecture. <\/p>\t\t\t\t\t\t\t\t<\/div>\n\t\t\t\t<\/div>\n\t\t\t\t<div class=\"elementor-element elementor-element-4a1b3a4 elementor-widget elementor-widget-text-editor\" data-id=\"4a1b3a4\" data-element_type=\"widget\" data-widget_type=\"text-editor.default\">\n\t\t\t\t<div class=\"elementor-widget-container\">\n\t\t\t\t\t\t\t\t\t<h3>Mythe n\u00b0 1 : Chaque personne apprend \u00e0 lire diff\u00e9remment<\/h3><p>La recherche montre qu&rsquo;il existe une m\u00e9thode principale pour devenir un bon lecteur, et un enseignement efficace suit les m\u00eames principes de base pour tous les enfants. Toutefois, certains enfants auront besoin d&rsquo;un enseignement <b>plus pouss\u00e9<\/b>: un enseignement ax\u00e9 sur des comp\u00e9tences sp\u00e9cifiques, dispens\u00e9 dans un groupe plus restreint ou pendant une p\u00e9riode plus longue. <\/p><h3>Mythe n\u00b0 2 : L&rsquo;apprentissage de la lecture est un processus naturel<\/h3><p>Alors que la plupart des enfants apprennent \u00e0 marcher et \u00e0 parler sans enseignement, la lecture et l&rsquo;\u00e9criture ne se d\u00e9veloppent pas naturellement de cette mani\u00e8re. Il n&rsquo;existe pas de \u00ab zone de lecture \u00bb unique dans le cerveau ; au contraire, l&rsquo;apprentissage de la lecture implique l&rsquo;adaptation de diff\u00e9rentes zones c\u00e9r\u00e9brales utilis\u00e9es \u00e0 l&rsquo;origine pour d&rsquo;autres fonctions. L&rsquo;apprentissage de la lecture n\u00e9cessite un enseignement direct et beaucoup de pratique pour atteindre la ma\u00eetrise de la langue \u00e9crite.  <\/p><h3>Mythe n\u00b0 3 : Si un enfant a des difficult\u00e9s \u00e0 lire, il s&rsquo;en sortira avec le temps.<\/h3><p>La recherche montre que les lecteurs en difficult\u00e9 sont presque certains de continuer \u00e0 avoir des difficult\u00e9s en vieillissant, \u00e0 moins que des interventions efficaces ne soient mises en \u0153uvre. Le fait de retarder l&rsquo;intervention a souvent pour effet de creuser l&rsquo;\u00e9cart entre les comp\u00e9tences et d&rsquo;aggraver les probl\u00e8mes de lecture. <\/p><h3>Mythe n\u00b0 4 : Les lecteurs comp\u00e9tents utilisent des indices comme le sens pour lire les mots.<\/h3><p>Dans le pass\u00e9, de nombreuses m\u00e9thodes d&rsquo;enseignement encourageaient les enfants \u00e0 utiliser des indices pour lire les mots, par exemple en devinant en fonction du contexte, en regardant les images ou en pensant \u00e0 ce qui pourrait sonner juste. C&rsquo;est ce que l&rsquo;on appelle \u00ables trois indices\u00bb (ou \u00abthree cuing\u00bb en anglais). Les recherches montrent que ces strat\u00e9gies ne sont pas efficaces. Les lecteurs comp\u00e9tents prononcent les mots et, avec suffisamment de pratique, ce processus devient automatique, ce qui leur permet de reconna\u00eetre les mots \u00e0 vue sans effort. Lorsque les enfants sont confront\u00e9s \u00e0 des textes plus difficiles, comportant moins d&rsquo;images et un vocabulaire plus complexe, le recours \u00e0 la m\u00e9thode des trois indices devient moins efficace. Ils peuvent avoir du mal \u00e0 deviner les mots inconnus ou \u00e0 comprendre le sens du texte. Sans de solides comp\u00e9tences en mati\u00e8re de d\u00e9codage, ils peuvent se retrouver bloqu\u00e9s et trouver la lecture frustrante.      <\/p><h3>Mythe n\u00b0 5 : Lire \u00e0 votre enfant peut pr\u00e9venir les difficult\u00e9s de lecture<\/h3><p>La lecture \u00e0 haute voix peut favoriser le vocabulaire et la compr\u00e9hension et encourager l&rsquo;amour de la lecture, mais elle n&rsquo;aborde pas les comp\u00e9tences fondamentales de d\u00e9codage que de nombreux lecteurs en difficult\u00e9 ont besoin d&rsquo;am\u00e9liorer. Une intervention cibl\u00e9e sur les lacunes est n\u00e9cessaire pour am\u00e9liorer les difficult\u00e9s de lecture, m\u00eame si la lecture \u00e0 haute voix devrait \u00eatre poursuivie pour ses autres avantages. <\/p><h3>Mythe n\u00b0 6 : l&rsquo;enseignement et l&rsquo;intervention en mati\u00e8re de lecture doivent \u00eatre multisensoriels<\/h3><p>Certaines approches populaires de l&rsquo;enseignement de la lecture mettent l&rsquo;accent sur l&rsquo;utilisation d&rsquo;\u00e9l\u00e9ments visuels (voir), auditifs (entendre), kinesth\u00e9siques (bouger) et tactiles (toucher), tels que des bacs \u00e0 riz ou \u00e0 sable, des planches \u00e0 bosses ou de la p\u00e2te \u00e0 modeler. Aucune \u00e9tude n&rsquo;indique que l&rsquo;enseignement multisensoriel est plus efficace que d&rsquo;autres types d&rsquo;enseignement structur\u00e9 de la lecture et de l&rsquo;\u00e9criture, qui comprennent des exercices d&rsquo;orthographe et d&rsquo;\u00e9criture en plus de la lecture. <\/p>\t\t\t\t\t\t\t\t<\/div>\n\t\t\t\t<\/div>\n\t\t\t\t<\/div>\n\t\t\t\t<\/div>\n\t\t","protected":false},"excerpt":{"rendered":"<p>Malentendus courants au sujet de la dyslexie Bien que la lecture soit l&rsquo;aspect le plus \u00e9tudi\u00e9 de la cognition humaine, les familles et les \u00e9ducateurs re\u00e7oivent souvent des informations obsol\u00e8tes [&hellip;]<\/p>\n","protected":false},"author":7,"featured_media":0,"parent":5910,"menu_order":0,"comment_status":"closed","ping_status":"closed","template":"elementor_theme","meta":{"footnotes":""},"class_list":["post-4298","page","type-page","status-publish","hentry"],"_links":{"self":[{"href":"https:\/\/dyslexiacanada.org\/fr\/wp-json\/wp\/v2\/pages\/4298","targetHints":{"allow":["GET"]}}],"collection":[{"href":"https:\/\/dyslexiacanada.org\/fr\/wp-json\/wp\/v2\/pages"}],"about":[{"href":"https:\/\/dyslexiacanada.org\/fr\/wp-json\/wp\/v2\/types\/page"}],"author":[{"embeddable":true,"href":"https:\/\/dyslexiacanada.org\/fr\/wp-json\/wp\/v2\/users\/7"}],"replies":[{"embeddable":true,"href":"https:\/\/dyslexiacanada.org\/fr\/wp-json\/wp\/v2\/comments?post=4298"}],"version-history":[{"count":4,"href":"https:\/\/dyslexiacanada.org\/fr\/wp-json\/wp\/v2\/pages\/4298\/revisions"}],"predecessor-version":[{"id":6101,"href":"https:\/\/dyslexiacanada.org\/fr\/wp-json\/wp\/v2\/pages\/4298\/revisions\/6101"}],"up":[{"embeddable":true,"href":"https:\/\/dyslexiacanada.org\/fr\/wp-json\/wp\/v2\/pages\/5910"}],"wp:attachment":[{"href":"https:\/\/dyslexiacanada.org\/fr\/wp-json\/wp\/v2\/media?parent=4298"}],"curies":[{"name":"wp","href":"https:\/\/api.w.org\/{rel}","templated":true}]}}