{"id":4296,"date":"2025-06-13T19:22:01","date_gmt":"2025-06-13T23:22:01","guid":{"rendered":"https:\/\/dyslexiacanada.org\/developpement-de-la-lecture\/"},"modified":"2025-11-11T13:46:39","modified_gmt":"2025-11-11T18:46:39","slug":"developpement-de-la-lecture","status":"publish","type":"page","link":"https:\/\/dyslexiacanada.org\/fr\/a-propos-de-la-dyslexie\/comprendre-comment-nous-lisons\/developpement-de-la-lecture\/","title":{"rendered":"D\u00e9veloppement de la lecture"},"content":{"rendered":"\t\t<div data-elementor-type=\"wp-page\" data-elementor-id=\"4296\" class=\"elementor elementor-4296 elementor-1644\" data-elementor-post-type=\"page\">\n\t\t\t\t<div class=\"elementor-element elementor-element-fcbd2be e-con-full e-flex e-con e-child\" data-id=\"fcbd2be\" data-element_type=\"container\">\n\t\t\t\t<div class=\"elementor-element elementor-element-b76b909 elementor-widget elementor-widget-text-editor\" data-id=\"b76b909\" data-element_type=\"widget\" data-widget_type=\"text-editor.default\">\n\t\t\t\t<div class=\"elementor-widget-container\">\n\t\t\t\t\t\t\t\t\t<h1>D\u00e9veloppement de la lecture<\/h1><h2>Qu&rsquo;est-ce que la lecture ?<\/h2><p>La langue parl\u00e9e est le fondement de la communication. L&rsquo;\u00e9criture utilise des symboles visuels (lettres) pour enregistrer le langage parl\u00e9. La lecture est le processus qui consiste \u00e0 prendre ces symboles \u00e9crits et \u00e0 les convertir en langage oral pour comprendre le message communiqu\u00e9. Pensez-y comme \u00e0 un code secret &#8211; la lecture est le processus qui permet de d\u00e9chiffrer un code \u00e9crit et de le transformer en langage oral qui peut \u00eatre compris.   <\/p><h2>Comment les enfants apprennent-ils \u00e0 lire ?<\/h2><p>L&rsquo;apprentissage de la lecture est complexe et requiert de nombreuses comp\u00e9tences diff\u00e9rentes. Les lecteurs adultes comp\u00e9tents peuvent ne pas se rendre compte de la complexit\u00e9 de la lecture parce qu&rsquo;elle leur semble automatique et facile. Cela est d\u00fb au fait qu&rsquo;ils ont d\u00e9velopp\u00e9 les nombreuses comp\u00e9tences n\u00e9cessaires \u00e0 la lecture, y compris la capacit\u00e9 \u00e0 prononcer les mots.  <\/p><h2>Une vision simple de la lecture<\/h2>\t\t\t\t\t\t\t\t<\/div>\n\t\t\t\t<\/div>\n\t\t\t\t<div class=\"elementor-element elementor-element-11b3216 elementor-widget elementor-widget-image\" data-id=\"11b3216\" data-element_type=\"widget\" data-widget_type=\"image.default\">\n\t\t\t\t<div class=\"elementor-widget-container\">\n\t\t\t\t\t\t\t\t\t\t\t\t<figure class=\"wp-caption\">\n\t\t\t\t\t\t\t\t\t\t<img fetchpriority=\"high\" decoding=\"async\" width=\"2556\" height=\"490\" src=\"https:\/\/dyslexiacanada.org\/wp-content\/uploads\/2025\/05\/Simple-View-of-Reading.png\" class=\"attachment-full size-full wp-image-1408\" alt=\"Word Recognition x Language Comprehension = Reading Comprehension\" srcset=\"https:\/\/dyslexiacanada.org\/wp-content\/uploads\/2025\/05\/Simple-View-of-Reading.png 2556w, https:\/\/dyslexiacanada.org\/wp-content\/uploads\/2025\/05\/Simple-View-of-Reading-300x58.png 300w, https:\/\/dyslexiacanada.org\/wp-content\/uploads\/2025\/05\/Simple-View-of-Reading-1024x196.png 1024w, https:\/\/dyslexiacanada.org\/wp-content\/uploads\/2025\/05\/Simple-View-of-Reading-768x147.png 768w, https:\/\/dyslexiacanada.org\/wp-content\/uploads\/2025\/05\/Simple-View-of-Reading-1536x294.png 1536w, https:\/\/dyslexiacanada.org\/wp-content\/uploads\/2025\/05\/Simple-View-of-Reading-2048x393.png 2048w\" sizes=\"(max-width: 2556px) 100vw, 2556px\" \/>\t\t\t\t\t\t\t\t\t\t\t<figcaption class=\"widget-image-caption wp-caption-text\">Gough &amp; Tunmer, 1986<\/figcaption>\n\t\t\t\t\t\t\t\t\t\t<\/figure>\n\t\t\t\t\t\t\t\t\t<\/div>\n\t\t\t\t<\/div>\n\t\t\t\t<div class=\"elementor-element elementor-element-9ed8306 elementor-widget elementor-widget-text-editor\" data-id=\"9ed8306\" data-element_type=\"widget\" data-widget_type=\"text-editor.default\">\n\t\t\t\t<div class=\"elementor-widget-container\">\n\t\t\t\t\t\t\t\t\t<p>La lecture repose sur deux grands ensembles de comp\u00e9tences : la reconnaissance des mots et la compr\u00e9hension de la langue. Ces deux types de comp\u00e9tences sont n\u00e9cessaires pour qu&rsquo;un lecteur puisse comprendre le langage \u00e9crit. Si un \u00e9l\u00e8ve est fort dans ces deux domaines, il sera capable de comprendre ce qu&rsquo;il lit. Si l&rsquo;une de ces comp\u00e9tences est faible, la lecture sera plus difficile et la compr\u00e9hension de ce qu&rsquo;il lit sera probablement difficile.   <\/p><h3>Reconnaissance des mots : comp\u00e9tences bas\u00e9es sur l&rsquo;\u00e9crit<\/h3><p>Un lecteur comp\u00e9tent peut lire des dizaines de milliers de mots rapidement et sans effort. Bien qu&rsquo;il semble reconna\u00eetre des mots entiers, la recherche montre que cette capacit\u00e9 est le fruit d&rsquo;une pratique r\u00e9p\u00e9t\u00e9e de l&rsquo;\u00e9pellation des mots. La reconnaissance des mots est le domaine dans lequel les \u00e9l\u00e8ves dyslexiques rencontrent le plus de difficult\u00e9s. Les enfants dyslexiques ont souvent besoin d&rsquo;un enseignement et d&rsquo;une pratique suppl\u00e9mentaires pour acqu\u00e9rir les comp\u00e9tences n\u00e9cessaires \u00e0 la prononciation et \u00e0 l&rsquo;\u00e9pellation des mots. Les d\u00e9tails des sous-comp\u00e9tences n\u00e9cessaires \u00e0 la reconnaissance des mots et la mani\u00e8re de les enseigner efficacement sont expliqu\u00e9s dans l&rsquo;ouvrage L <a href=\"https:\/\/dyslexiacanada.org\/fr\/a-propos-de-la-dyslexie\/comprendre-comment-nous-lisons\/enseignement-efficace-de-la-lecture\/\">&lsquo;enseignement efficace de la lecture<\/a>.    <\/p><h3>Compr\u00e9hension de la langue : comp\u00e9tences linguistiques<\/h3><p>Ma\u00eetriser la lecture ne se limite pas \u00e0 identifier les mots. Il s&rsquo;agit \u00e9galement de comprendre le sens des mots, des phrases et des paragraphes. La compr\u00e9hension de la langue d\u00e9pend du vocabulaire, ce qui implique de conna\u00eetre le sens des mots, de comprendre quand les mots ont plus d&rsquo;un sens et d&rsquo;\u00e9tablir des liens entre les mots. Elle n\u00e9cessite \u00e9galement de comprendre la grammaire ou la syntaxe pour donner un sens \u00e0 des phrases complexes. Les connaissances de base sont \u00e9galement importantes pour la compr\u00e9hension du langage. Par exemple, si un enfant conna\u00eet bien le hockey, il comprendra mieux une histoire racontant le parcours d&rsquo;un joueur de hockey parce qu&rsquo;il peut relier les nouvelles informations \u00e0 ce qu&rsquo;il sait d\u00e9j\u00e0. Des strat\u00e9gies telles que poser des questions, r\u00e9sumer et pr\u00e9dire ce qui pourrait se passer ensuite aident \u00e9galement les enfants \u00e0 donner un sens au texte. Ensemble, ces comp\u00e9tences linguistiques et cognitives aideront votre enfant \u00e0 appr\u00e9cier les textes et \u00e0 en tirer des enseignements.       <\/p>\t\t\t\t\t\t\t\t<\/div>\n\t\t\t\t<\/div>\n\t\t\t\t<\/div>\n\t\t\t\t<\/div>\n\t\t","protected":false},"excerpt":{"rendered":"<p>D\u00e9veloppement de la lecture Qu&rsquo;est-ce que la lecture ? La langue parl\u00e9e est le fondement de la communication. L&rsquo;\u00e9criture utilise des symboles visuels (lettres) pour enregistrer le langage parl\u00e9. La [&hellip;]<\/p>\n","protected":false},"author":7,"featured_media":0,"parent":5910,"menu_order":0,"comment_status":"closed","ping_status":"closed","template":"elementor_theme","meta":{"footnotes":""},"class_list":["post-4296","page","type-page","status-publish","hentry"],"_links":{"self":[{"href":"https:\/\/dyslexiacanada.org\/fr\/wp-json\/wp\/v2\/pages\/4296","targetHints":{"allow":["GET"]}}],"collection":[{"href":"https:\/\/dyslexiacanada.org\/fr\/wp-json\/wp\/v2\/pages"}],"about":[{"href":"https:\/\/dyslexiacanada.org\/fr\/wp-json\/wp\/v2\/types\/page"}],"author":[{"embeddable":true,"href":"https:\/\/dyslexiacanada.org\/fr\/wp-json\/wp\/v2\/users\/7"}],"replies":[{"embeddable":true,"href":"https:\/\/dyslexiacanada.org\/fr\/wp-json\/wp\/v2\/comments?post=4296"}],"version-history":[{"count":2,"href":"https:\/\/dyslexiacanada.org\/fr\/wp-json\/wp\/v2\/pages\/4296\/revisions"}],"predecessor-version":[{"id":5985,"href":"https:\/\/dyslexiacanada.org\/fr\/wp-json\/wp\/v2\/pages\/4296\/revisions\/5985"}],"up":[{"embeddable":true,"href":"https:\/\/dyslexiacanada.org\/fr\/wp-json\/wp\/v2\/pages\/5910"}],"wp:attachment":[{"href":"https:\/\/dyslexiacanada.org\/fr\/wp-json\/wp\/v2\/media?parent=4296"}],"curies":[{"name":"wp","href":"https:\/\/api.w.org\/{rel}","templated":true}]}}