{"id":4294,"date":"2025-06-13T19:19:27","date_gmt":"2025-06-13T23:19:27","guid":{"rendered":"https:\/\/dyslexiacanada.org\/evaluations-psychoeducatives\/"},"modified":"2025-11-11T13:42:40","modified_gmt":"2025-11-11T18:42:40","slug":"evaluations-psychoeducatives","status":"publish","type":"page","link":"https:\/\/dyslexiacanada.org\/fr\/a-propos-de-la-dyslexie\/depistage-et-diagnostic\/evaluations-psychoeducatives\/","title":{"rendered":"\u00c9valuations psycho\u00e9ducatives"},"content":{"rendered":"\t\t<div data-elementor-type=\"wp-page\" data-elementor-id=\"4294\" class=\"elementor elementor-4294 elementor-1638\" data-elementor-post-type=\"page\">\n\t\t\t\t<div class=\"elementor-element elementor-element-cd0b0aa e-con-full e-flex e-con e-child\" data-id=\"cd0b0aa\" data-element_type=\"container\">\n\t\t<div class=\"elementor-element elementor-element-bae592d e-con-full e-flex e-con e-child\" data-id=\"bae592d\" data-element_type=\"container\">\n\t\t\t\t<div class=\"elementor-element elementor-element-1e17764 elementor-widget__width-initial elementor-widget elementor-widget-text-editor\" data-id=\"1e17764\" data-element_type=\"widget\" data-widget_type=\"text-editor.default\">\n\t\t\t\t<div class=\"elementor-widget-container\">\n\t\t\t\t\t\t\t\t\t<h1>Obtenir un diagnostic officiel de dyslexie  <\/h1><h2>Quand demander une \u00e9valuation ?<\/h2><p>Si votre enfant b\u00e9n\u00e9ficie d&rsquo;un enseignement efficace en classe et d&rsquo;une intervention cibl\u00e9e et qu&rsquo;il continue d&rsquo;\u00e9prouver des difficult\u00e9s, vous pouvez envisager une \u00e9valuation plus approfondie.<\/p><h2>Qui peut effectuer une \u00e9valuation de la dyslexie ?<\/h2><p>Un diagnostic formel de dyslexie n\u00e9cessite une \u00e9valuation psycho\u00e9ducative effectu\u00e9e par un psychologue agr\u00e9\u00e9, sauf au Qu\u00e9bec o\u00f9 les orthophonistes peuvent \u00e9galement diagnostiquer la dyslexie.<\/p><h2>De quoi s&rsquo;agit-il ?<\/h2><p>Une \u00e9valuation psycho\u00e9ducative comprend une s\u00e9rie de tests visant \u00e0 comprendre les \u00e9l\u00e9ments du profil d&rsquo;apprentissage d&rsquo;un enfant, notamment ses aptitudes cognitives, ses r\u00e9sultats scolaires et son attention. Il commence par un examen des ant\u00e9c\u00e9dents de l&rsquo;enfant, y compris ses ant\u00e9c\u00e9dents m\u00e9dicaux, scolaires et familiaux. Au cours de l&rsquo;\u00e9valuation, des tests mesurent les comp\u00e9tences en lecture, en \u00e9criture et en math\u00e9matiques, ainsi que les capacit\u00e9s cognitives telles que la compr\u00e9hension du langage et la m\u00e9moire de travail. Des questions peuvent \u00e9galement \u00eatre pos\u00e9es aux parents, aux enseignants et \u00e0 l&rsquo;enfant afin de recueillir davantage d&rsquo;informations, et le comportement de l&rsquo;enfant peut \u00eatre observ\u00e9. Une fois les tests termin\u00e9s, les r\u00e9sultats sont analys\u00e9s afin d&rsquo;identifier les forces et les faiblesses de l&rsquo;enfant, de diagnostiquer d&rsquo;\u00e9ventuels troubles de l&rsquo;apprentissage tels que la dyslexie et de formuler des recommandations en mati\u00e8re de soutien et de strat\u00e9gies adapt\u00e9es aux besoins sp\u00e9cifiques de l&rsquo;enfant.    <\/p><h2>Devrais-je payer une \u00e9valuation psycho\u00e9ducative pour mon enfant ?<\/h2><p>En tant que parent, vous devrez d\u00e9cider si vous souhaitez que votre enfant fasse l&rsquo;objet d&rsquo;une \u00e9valuation formelle de la dyslexie. En raison des longues listes d&rsquo;attente, des ressources limit\u00e9es et des conditions d&rsquo;admissibilit\u00e9 dans le syst\u00e8me d&rsquo;\u00e9ducation publique, les parents sont parfois encourag\u00e9s par l&rsquo;\u00e9cole \u00e0 payer pour une \u00e9valuation priv\u00e9e. Le co\u00fbt des \u00e9valuations priv\u00e9es varie entre 1 200 et 4 000 dollars. Si le co\u00fbt est un facteur important, il peut \u00eatre pr\u00e9f\u00e9rable d&rsquo;\u00e9viter l&rsquo;\u00e9valuation psychom\u00e9trique et d&rsquo;investir plut\u00f4t dans un tutorat de qualit\u00e9 ou dans une aide \u00e0 la d\u00e9fense des droits. Plusieurs facteurs doivent \u00eatre pris en compte avant de d\u00e9cider d&rsquo;investir ou non dans une \u00e9valuation formelle.    <\/p><h3>Avantages de l&rsquo;investissement dans une \u00e9valuation formelle<\/h3><p>Un diagnostic de dyslexie, m\u00eame s&rsquo;il n&rsquo;est pas toujours n\u00e9cessaire pour b\u00e9n\u00e9ficier d&rsquo;interventions ou d&rsquo;am\u00e9nagements, peut \u00eatre utile pour plusieurs raisons. Tout d&rsquo;abord, il peut aider votre enfant \u00e0 comprendre ses difficult\u00e9s d&rsquo;apprentissage et \u00e0 r\u00e9duire les sentiments de frustration ou de confusion. Le fait de savoir ce qui se passe peut renforcer l&rsquo;estime de soi de l&rsquo;enfant et lui donner l&rsquo;impression de mieux contr\u00f4ler la situation. Deuxi\u00e8mement, un diagnostic peut \u00eatre un outil utile pour plaider en faveur d&rsquo;am\u00e9nagements et d&rsquo;un soutien appropri\u00e9s \u00e0 l&rsquo;\u00e9cole. Bien que les \u00e9coles soient l\u00e9galement tenues de fournir l&rsquo;acc\u00e8s aux interventions et aux am\u00e9nagements sans diagnostic, le fait de disposer d&rsquo;un diagnostic peut acc\u00e9l\u00e9rer le processus.    <\/p><h2>Probl\u00e8mes courants li\u00e9s au processus d&rsquo;\u00e9valuation<\/h2><h3>1. Utilisation des \u00e9valuations comme moyen de retardement<\/h3><p>Parfois, les \u00e9coles placent un enfant sur une liste d&rsquo;attente pour une \u00e9valuation afin de montrer aux parents que des mesures ont \u00e9t\u00e9 prises. Cependant, l&rsquo;\u00e9cole peut continuer \u00e0 retarder l&rsquo;apport d&rsquo;un soutien imm\u00e9diat \u00e0 l&rsquo;enfant. Par exemple, on peut dire \u00e0 un parent que les enseignants ont besoin des r\u00e9sultats de l&rsquo;\u00e9valuation avant de commencer une intervention ou de fournir des am\u00e9nagements. Cela n&rsquo;est pas acceptable. Les lignes directrices en mati\u00e8re de droits de l&rsquo;homme exigent que, pendant que les \u00e9l\u00e8ves attendent une \u00e9valuation, ils b\u00e9n\u00e9ficient des m\u00eames mesures de soutien que les \u00e9l\u00e8ves dont le trouble d&rsquo;apprentissage a \u00e9t\u00e9 formellement identifi\u00e9.      <\/p><h3>2. Retards li\u00e9s \u00e0 l&rsquo;\u00e2ge<\/h3><p>Pour diagnostiquer la dyslexie, il faut souvent \u00e9tablir qu&rsquo;un enfant a des difficult\u00e9s en lecture et en orthographe malgr\u00e9 un enseignement efficace. Dans les \u00e9coles o\u00f9 l&rsquo;enseignement de la lecture n&rsquo;est pas fond\u00e9 sur des donn\u00e9es probantes, il peut \u00eatre difficile pour les psychologues de d\u00e9terminer si les difficult\u00e9s d&rsquo;un jeune enfant sont dues \u00e0 un enseignement insuffisant ou \u00e0 la dyslexie. Il est parfois sugg\u00e9r\u00e9 que les \u00e9valuations ne devraient pas avoir lieu avant la troisi\u00e8me ann\u00e9e ou plus tard. Cependant, si les \u00e9l\u00e8ves re\u00e7oivent un enseignement efficace et qu&rsquo;ils continuent \u00e0 \u00e9prouver des difficult\u00e9s, ils peuvent \u00eatre \u00e9valu\u00e9s plus t\u00f4t. Pour savoir si votre \u00e9cole offre un enseignement efficace de la lecture, voir <a href=\"https:\/\/dyslexiacanada.org\/fr\/comprendre-comment-nous-lisons\/enseignement-efficace-de-la-lecture\/\">Enseignement efficace de la lecture<\/a>.    <\/p><h3>3. Utilit\u00e9 pratique<\/h3><p>Beaucoup des informations contenues dans un bilan psycho\u00e9ducatif ne sont pas utiles pour planifier l&rsquo;enseignement et l&rsquo;intervention. De nombreux domaines \u00e9valu\u00e9s lors d&rsquo;un bilan psycho\u00e9ducatif, comme la m\u00e9moire de travail, le traitement visuel et la d\u00e9nomination rapide, ne peuvent pas \u00eatre am\u00e9lior\u00e9s efficacement par une intervention. Bien que ces probl\u00e8mes sous-jacents puissent expliquer pourquoi l&rsquo;enfant a des difficult\u00e9s, ils ne fournissent pas d&rsquo;informations pratiques pour planifier l&rsquo;enseignement et l&rsquo;intervention.   <\/p><p>Les enseignants ou les intervenants peuvent effectuer des \u00e9valuations diagnostiques simples qui fournissent les informations n\u00e9cessaires pour planifier des interventions efficaces pour votre enfant.  <\/p><h2>Notes importantes sur les r\u00e9sultats de l&rsquo;\u00e9valuation<\/h2><h3>Tests cognitifs (QI)<\/h3><p>Plusieurs provinces et territoires canadiens exigent qu&rsquo;un \u00e9l\u00e8ve ait des capacit\u00e9s intellectuelles moyennes ou sup\u00e9rieures \u00e0 la moyenne pour \u00eatre identifi\u00e9 comme ayant un \u00ab\u00a0trouble d&rsquo;apprentissage\u00a0\u00bb. C&rsquo;est pourquoi les \u00e9valuations psychologiques au Canada comprennent souvent des tests de QI tels que l&rsquo;\u00e9chelle d&rsquo;intelligence de Weschler pour les enfants (WISC). Cependant, cette approche ne correspond pas aux recherches actuelles sur la dyslexie.  <\/p><p>Les tests de QI sont controvers\u00e9s et ne mesurent pas toute l&rsquo;\u00e9tendue de l&rsquo;intelligence de chaque enfant. Ils ne permettent pas non plus de pr\u00e9dire si l&rsquo;enfant r\u00e9agira \u00e0 une intervention en lecture fond\u00e9e sur des donn\u00e9es probantes. Pour ces raisons, la Commission ontarienne des droits de l&rsquo;homme a recommand\u00e9 \u00e0 l&rsquo;Ontario de r\u00e9viser ses crit\u00e8res d&rsquo;identification des \u00e9l\u00e8ves dyslexiques.  <\/p><p>Si votre enfant a des difficult\u00e9s en lecture et en orthographe mais qu&rsquo;il n&rsquo;a pas \u00e9t\u00e9 officiellement diagnostiqu\u00e9 comme ayant un trouble d&rsquo;apprentissage en raison de son score \u00e0 un test cognitif, il a le droit de recevoir le m\u00eame soutien qu&rsquo;un enfant ayant re\u00e7u un diagnostic formel. Si votre enfant se voit refuser un soutien pour cette raison, n&rsquo;h\u00e9sitez pas \u00e0 contacter notre \u00e9quipe pour obtenir de l&rsquo;aide. <\/p><h3>Sous-types de dyslexie<\/h3><p>Vous rencontrerez peut-\u00eatre le concept de sous-types de dyslexie tels que la \u00ab\u00a0dyslexie de surface\u00a0\u00bb, la \u00ab\u00a0dyslexie phonologique\u00a0\u00bb ou la \u00ab\u00a0dyslexie visuelle\u00a0\u00bb. Ces termes ont d&rsquo;abord \u00e9t\u00e9 utilis\u00e9s pour d\u00e9crire des adultes souffrant de l\u00e9sions c\u00e9r\u00e9brales acquises qui affectaient leurs capacit\u00e9s de lecture. Bien que certains psychologues puissent utiliser ces \u00e9tiquettes pour d\u00e9crire les diff\u00e9rents types de dyslexie, cette fa\u00e7on de d\u00e9crire la dyslexie n&rsquo;est pas largement utilis\u00e9e ou accept\u00e9e.  <\/p><p>Les parents doivent \u00eatre conscients que ces \u00e9tiquettes de sous-types ne changent rien \u00e0 la mani\u00e8re dont leur enfant doit \u00eatre aid\u00e9. Une approche structur\u00e9e de la lecture et de l&rsquo;\u00e9criture est la meilleure strat\u00e9gie pour aider les enfants dyslexiques, quel que soit le sous-type d\u00e9clar\u00e9. <\/p><h3>Traitement visuel<\/h3><p>M\u00eame si l&rsquo;on vous dit que le trouble d&rsquo;apprentissage de votre enfant est d\u00fb \u00e0 un d\u00e9ficit de traitement visuel, soyez tr\u00e8s prudent quant aux traitements alternatifs tels que la th\u00e9rapie de vision et les lentilles de couleur.<\/p><p>M\u00e9fiez-vous des traitements qui manquent de preuves scientifiques, car ils font perdre du temps et des ressources.<\/p>\t\t\t\t\t\t\t\t<\/div>\n\t\t\t\t<\/div>\n\t\t\t\t<\/div>\n\t\t\t\t<\/div>\n\t\t\t\t<\/div>\n\t\t","protected":false},"excerpt":{"rendered":"<p>Obtenir un diagnostic officiel de dyslexie Quand demander une \u00e9valuation ? Si votre enfant b\u00e9n\u00e9ficie d&rsquo;un enseignement efficace en classe et d&rsquo;une intervention cibl\u00e9e et qu&rsquo;il continue d&rsquo;\u00e9prouver des difficult\u00e9s, [&hellip;]<\/p>\n","protected":false},"author":7,"featured_media":0,"parent":5920,"menu_order":0,"comment_status":"closed","ping_status":"closed","template":"elementor_theme","meta":{"footnotes":""},"class_list":["post-4294","page","type-page","status-publish","hentry"],"_links":{"self":[{"href":"https:\/\/dyslexiacanada.org\/fr\/wp-json\/wp\/v2\/pages\/4294","targetHints":{"allow":["GET"]}}],"collection":[{"href":"https:\/\/dyslexiacanada.org\/fr\/wp-json\/wp\/v2\/pages"}],"about":[{"href":"https:\/\/dyslexiacanada.org\/fr\/wp-json\/wp\/v2\/types\/page"}],"author":[{"embeddable":true,"href":"https:\/\/dyslexiacanada.org\/fr\/wp-json\/wp\/v2\/users\/7"}],"replies":[{"embeddable":true,"href":"https:\/\/dyslexiacanada.org\/fr\/wp-json\/wp\/v2\/comments?post=4294"}],"version-history":[{"count":2,"href":"https:\/\/dyslexiacanada.org\/fr\/wp-json\/wp\/v2\/pages\/4294\/revisions"}],"predecessor-version":[{"id":5932,"href":"https:\/\/dyslexiacanada.org\/fr\/wp-json\/wp\/v2\/pages\/4294\/revisions\/5932"}],"up":[{"embeddable":true,"href":"https:\/\/dyslexiacanada.org\/fr\/wp-json\/wp\/v2\/pages\/5920"}],"wp:attachment":[{"href":"https:\/\/dyslexiacanada.org\/fr\/wp-json\/wp\/v2\/media?parent=4294"}],"curies":[{"name":"wp","href":"https:\/\/api.w.org\/{rel}","templated":true}]}}