{"id":4257,"date":"2025-06-13T19:17:31","date_gmt":"2025-06-13T23:17:31","guid":{"rendered":"https:\/\/dyslexiacanada.org\/mythes-et-idees-fausses\/"},"modified":"2025-11-14T13:34:10","modified_gmt":"2025-11-14T18:34:10","slug":"mythes-et-idees-fausses","status":"publish","type":"page","link":"https:\/\/dyslexiacanada.org\/fr\/a-propos-de-la-dyslexie\/lessentiel-sur-la-dyslexie\/mythes-et-idees-fausses\/","title":{"rendered":"Mythes et id\u00e9es fausses"},"content":{"rendered":"\t\t<div data-elementor-type=\"wp-page\" data-elementor-id=\"4257\" class=\"elementor elementor-4257 elementor-1632\" data-elementor-post-type=\"page\">\n\t\t\t\t<div class=\"elementor-element elementor-element-578831c e-flex e-con-boxed e-con e-parent\" data-id=\"578831c\" data-element_type=\"container\">\n\t\t\t\t\t<div class=\"e-con-inner\">\n\t\t\t\t<div class=\"elementor-element elementor-element-0d10d6f elementor-widget elementor-widget-text-editor\" data-id=\"0d10d6f\" data-element_type=\"widget\" data-widget_type=\"text-editor.default\">\n\t\t\t\t<div class=\"elementor-widget-container\">\n\t\t\t\t\t\t\t\t\t<h1>Mythes et id\u00e9es fausses au sujet de la dyslexie<\/h1><h2>Intelligence<\/h2><p>La dyslexie n&rsquo;est pas li\u00e9e \u00e0 l&rsquo;intelligence. De nombreuses personnes tr\u00e8s intelligentes et accomplies, y compris celles qui sont consid\u00e9r\u00e9es comme surdou\u00e9es, ont eu du mal \u00e0 lire \u00e0 cause de la dyslexie. <\/p><h2>Paresse<\/h2><p>La dyslexie n&rsquo;est pas le r\u00e9sultat de la paresse ou d&rsquo;un manque de motivation pour apprendre, bien que les enfants dyslexiques puissent \u00eatre tr\u00e8s frustr\u00e9s et se d\u00e9sint\u00e9resser de l&rsquo;apprentissage. Lorsqu&rsquo;ils re\u00e7oivent un enseignement efficace et qu&rsquo;ils commencent \u00e0 r\u00e9ussir \u00e0 lire, les enfants sont plus susceptibles d&rsquo;\u00eatre motiv\u00e9s \u00e0 passer du temps \u00e0 lire et \u00e0 s&rsquo;impliquer \u00e0 l&rsquo;\u00e9cole. <\/p><h2>R\u00f4le des parents<\/h2><p>La dyslexie n&rsquo;est pas due aux parents qui remplissent mal leur r\u00f4le ou \u00e0 un manque de lecture \u00e0 la maison, m\u00eame si le soutien d&rsquo;un parent est essentiel pour faire face \u00e0 la dyslexie et \u00e0 l&rsquo;\u00e9cole. Les parents ne sont pas la cause de la dyslexie, mais ils jouent un r\u00f4le cl\u00e9 dans la solution. <\/p><h2>M\u00e9dicaments<\/h2><p>Il n&rsquo;existe pas de m\u00e9dicaments pour traiter ou gu\u00e9rir la dyslexie.<\/p><h2>Probl\u00e8mes de vision<\/h2><p>La dyslexie n&rsquo;est pas un probl\u00e8me de vision ; elle n&rsquo;est pas caus\u00e9e par des lettres ou des mots qui apparaissent \u00e0 l&rsquo;envers ou qui se d\u00e9placent sur la page. Les personnes qui ont des difficult\u00e9s \u00e0 lire peuvent avoir du mal \u00e0 suivre une ligne de texte de mani\u00e8re fluide, mais il est tr\u00e8s important de reconna\u00eetre qu&rsquo;un mauvais suivi oculaire est g\u00e9n\u00e9ralement un sympt\u00f4me des difficult\u00e9s de lecture, et non la cause. Lorsque les \u00e9l\u00e8ves b\u00e9n\u00e9ficient d&rsquo;une intervention en lecture fond\u00e9e sur des donn\u00e9es probantes et que leurs comp\u00e9tences en lecture s&rsquo;am\u00e9liorent, leur suivi oculaire tend \u00e9galement \u00e0 s&rsquo;am\u00e9liorer. Les th\u00e9rapies et les aides visuelles, telles que les surimpressions color\u00e9es ou les lunettes sp\u00e9ciales, ne sont pas des traitements fond\u00e9s sur des preuves pour la dyslexie et peuvent retarder l&rsquo;acc\u00e8s au traitement le plus efficace : une intervention structur\u00e9e en mati\u00e8re de lecture et d&rsquo;\u00e9criture.   <\/p><h2>Quand obtenir un diagnostic<\/h2><p>La dyslexie ne doit pas n\u00e9cessairement \u00eatre diagnostiqu\u00e9e \u00e0 un certain \u00e2ge ou \u00e0 un certain niveau scolaire. Les enfants peuvent faire l&rsquo;objet d&rsquo;un d\u00e9pistage des difficult\u00e9s de lecture d\u00e8s l&rsquo;\u00e2ge de 4 ans et la dyslexie peut \u00eatre diagnostiqu\u00e9e d\u00e8s la premi\u00e8re ann\u00e9e. <\/p><h2>Polices adapt\u00e9es \u00e0 la dyslexie<\/h2><p>Les polices adapt\u00e9es \u00e0 la dyslexie ou les polices sp\u00e9ciales n&rsquo;aident pas les personnes atteintes de dyslexie \u00e0 mieux lire.<\/p><h2>Rem\u00e8des miracles<\/h2><p>La dyslexie ne peut pas \u00eatre gu\u00e9rie par des exercices sp\u00e9ciaux d&rsquo;\u00e9quilibre, des huiles de poisson, des m\u00e9dicaments am\u00e9liorant l&rsquo;oreille interne, des lampes stroboscopiques ou par l&rsquo;entra\u00eenement de r\u00e9flexes primitifs. Bien que de nombreux produits et services sur le march\u00e9 pr\u00e9tendent gu\u00e9rir la dyslexie rapidement et facilement, le seul traitement de la dyslexie soutenu par des recherches solides \u00e0 l&rsquo;heure actuelle est l&rsquo;intervention structur\u00e9e en mati\u00e8re de lecture et d&rsquo;\u00e9criture. Pour plus d&rsquo;informations, consultez la section <a href=\"https:\/\/dodgerblue-mandrill-391863.hostingersite.com\/about-dyslexia\/understanding-reading\/effective-reading-instruction\/\" target=\"_blank\" rel=\"noopener\">Intervention efficace en mati\u00e8re de lecture<\/a>.  <\/p><h2>Plusieurs langues<\/h2><p>La dyslexie n&rsquo;est pas due \u00e0 l&rsquo;apprentissage de plusieurs langues. Il faut souvent plus de temps pour d\u00e9tecter les probl\u00e8mes de lecture chez les enfants multilingues, car les enseignants et les parents peuvent penser que leurs difficult\u00e9s sont dues \u00e0 l&rsquo;apprentissage d&rsquo;une autre langue. Il n&rsquo;est pas n\u00e9cessaire d&rsquo;attendre que les enfants ma\u00eetrisent l&rsquo;anglais pour les \u00e9valuer. Lors de l&rsquo;\u00e9valuation d&rsquo;un enfant multilingue, le psychologue doit poser des questions pour comprendre comment l&rsquo;enfant a appris \u00e0 lire dans sa premi\u00e8re langue et s&rsquo;il a des difficult\u00e9s \u00e0 s&rsquo;alphab\u00e9tiser dans les deux langues. Si possible, il est utile d&rsquo;effectuer tout ou partie de l&rsquo;\u00e9valuation dans la langue maternelle de l&rsquo;enfant.    <\/p><h2>Apprendre une autre langue<\/h2><p>Bien que l&rsquo;on conseille souvent aux parents de retirer leur enfant dyslexique du programme d&rsquo;immersion en fran\u00e7ais, les personnes atteintes de dyslexie peuvent apprendre une deuxi\u00e8me langue. Avec un soutien appropri\u00e9, votre enfant peut r\u00e9ussir \u00e0 apprendre le fran\u00e7ais. Il a le droit de recevoir un enseignement et un soutien efficaces dans le cadre du programme d&rsquo;immersion en fran\u00e7ais.  <\/p>\t\t\t\t\t\t\t\t<\/div>\n\t\t\t\t<\/div>\n\t\t\t\t\t<\/div>\n\t\t\t\t<\/div>\n\t\t\t\t<\/div>\n\t\t","protected":false},"excerpt":{"rendered":"<p>Mythes et id\u00e9es fausses au sujet de la dyslexie Intelligence La dyslexie n&rsquo;est pas li\u00e9e \u00e0 l&rsquo;intelligence. De nombreuses personnes tr\u00e8s intelligentes et accomplies, y compris celles qui sont consid\u00e9r\u00e9es [&hellip;]<\/p>\n","protected":false},"author":7,"featured_media":0,"parent":4259,"menu_order":0,"comment_status":"closed","ping_status":"closed","template":"elementor_theme","meta":{"footnotes":""},"class_list":["post-4257","page","type-page","status-publish","hentry"],"_links":{"self":[{"href":"https:\/\/dyslexiacanada.org\/fr\/wp-json\/wp\/v2\/pages\/4257","targetHints":{"allow":["GET"]}}],"collection":[{"href":"https:\/\/dyslexiacanada.org\/fr\/wp-json\/wp\/v2\/pages"}],"about":[{"href":"https:\/\/dyslexiacanada.org\/fr\/wp-json\/wp\/v2\/types\/page"}],"author":[{"embeddable":true,"href":"https:\/\/dyslexiacanada.org\/fr\/wp-json\/wp\/v2\/users\/7"}],"replies":[{"embeddable":true,"href":"https:\/\/dyslexiacanada.org\/fr\/wp-json\/wp\/v2\/comments?post=4257"}],"version-history":[{"count":5,"href":"https:\/\/dyslexiacanada.org\/fr\/wp-json\/wp\/v2\/pages\/4257\/revisions"}],"predecessor-version":[{"id":6094,"href":"https:\/\/dyslexiacanada.org\/fr\/wp-json\/wp\/v2\/pages\/4257\/revisions\/6094"}],"up":[{"embeddable":true,"href":"https:\/\/dyslexiacanada.org\/fr\/wp-json\/wp\/v2\/pages\/4259"}],"wp:attachment":[{"href":"https:\/\/dyslexiacanada.org\/fr\/wp-json\/wp\/v2\/media?parent=4257"}],"curies":[{"name":"wp","href":"https:\/\/api.w.org\/{rel}","templated":true}]}}