{"id":4250,"date":"2025-06-13T19:11:42","date_gmt":"2025-06-13T23:11:42","guid":{"rendered":"https:\/\/dyslexiacanada.org\/quest-ce-que-la-dyslexie-2\/"},"modified":"2025-10-23T11:27:15","modified_gmt":"2025-10-23T15:27:15","slug":"quest-ce-que-la-dyslexie-2","status":"publish","type":"page","link":"https:\/\/dyslexiacanada.org\/fr\/a-propos-de-la-dyslexie\/lessentiel-sur-la-dyslexie\/quest-ce-que-la-dyslexie-2\/","title":{"rendered":"Qu&rsquo;est-ce que la dyslexie ?"},"content":{"rendered":"\t\t<div data-elementor-type=\"wp-page\" data-elementor-id=\"4250\" class=\"elementor elementor-4250 elementor-1621\" data-elementor-post-type=\"page\">\n\t\t\t\t<div class=\"elementor-element elementor-element-0550984 e-con-full e-flex e-con e-child\" data-id=\"0550984\" data-element_type=\"container\">\n\t\t\t\t<div class=\"elementor-element elementor-element-9235506 elementor-widget elementor-widget-text-editor\" data-id=\"9235506\" data-element_type=\"widget\" data-widget_type=\"text-editor.default\">\n\t\t\t\t<div class=\"elementor-widget-container\">\n\t\t\t\t\t\t\t\t\t<h1>Qu&rsquo;est-ce que la dyslexie ?<\/h1><p>La dyslexie est un trouble d&rsquo;apprentissage qui rend la lecture pr\u00e9cise et fluide des mots difficile. Outre les difficult\u00e9s de lecture, les \u00e9l\u00e8ves atteints de dyslexie peuvent \u00e9galement rencontrer des probl\u00e8mes d&rsquo;orthographe et d&rsquo;\u00e9criture.  Avec un soutien et des am\u00e9nagements appropri\u00e9s, ces \u00e9l\u00e8ves peuvent r\u00e9ussir sur le plan scolaire et atteindre leur plein potentiel.<\/p>\t\t\t\t\t\t\t\t<\/div>\n\t\t\t\t<\/div>\n\t\t\t\t<div class=\"elementor-element elementor-element-e43c21c elementor-widget elementor-widget-video\" data-id=\"e43c21c\" data-element_type=\"widget\" data-settings=\"{&quot;youtube_url&quot;:&quot;https:\\\/\\\/youtu.be\\\/ayGVZ30V-24?si=AZwj9B8p24XJg_GV&quot;,&quot;video_type&quot;:&quot;youtube&quot;,&quot;controls&quot;:&quot;yes&quot;}\" data-widget_type=\"video.default\">\n\t\t\t\t<div class=\"elementor-widget-container\">\n\t\t\t\t\t\t\t<div class=\"elementor-wrapper elementor-open-inline\">\n\t\t\t<div class=\"elementor-video\"><\/div>\t\t<\/div>\n\t\t\t\t\t\t<\/div>\n\t\t\t\t<\/div>\n\t\t<div class=\"elementor-element elementor-element-08ba706 e-con-full e-flex e-con e-child\" data-id=\"08ba706\" data-element_type=\"container\">\n\t\t\t\t<div class=\"elementor-element elementor-element-6359ea6 elementor-widget elementor-widget-image\" data-id=\"6359ea6\" data-element_type=\"widget\" data-widget_type=\"image.default\">\n\t\t\t\t<div class=\"elementor-widget-container\">\n\t\t\t\t\t\t\t\t\t\t\t\t\t\t\t<img decoding=\"async\" src=\"https:\/\/dyslexiacanada.org\/wp-content\/uploads\/elementor\/thumbs\/2024-SMM-Fun-Facts-Posts-qts20f6prlcfa4mq35vkc1tr03ijwlkcqhsvr3n4w8.png\" title=\"2024 SMM Fun Facts Posts\" alt=\"2024 SMM Fun Facts Posts\" loading=\"lazy\" \/>\t\t\t\t\t\t\t\t\t\t\t\t\t\t\t<\/div>\n\t\t\t\t<\/div>\n\t\t\t\t<div class=\"elementor-element elementor-element-65600bf elementor-widget__width-initial elementor-widget elementor-widget-text-editor\" data-id=\"65600bf\" data-element_type=\"widget\" data-widget_type=\"text-editor.default\">\n\t\t\t\t<div class=\"elementor-widget-container\">\n\t\t\t\t\t\t\t\t\t<h2>Quelle est la fr\u00e9quence de la dyslexie ?<\/h2><p><strong>Bien que les estimations varient, la dyslexie peut affecter :<\/strong><\/p><ul><li>5 &#8211; 20% de la population<\/li><li>Environ 750 000 enfants au Canada<\/li><li>1 \u00e0 4 enfants dans chaque classe canadienne<\/li><\/ul>\t\t\t\t\t\t\t\t<\/div>\n\t\t\t\t<\/div>\n\t\t\t\t<\/div>\n\t\t<div class=\"elementor-element elementor-element-08b7efe e-con-full e-flex e-con e-child\" data-id=\"08b7efe\" data-element_type=\"container\">\n\t\t\t\t<div class=\"elementor-element elementor-element-eb31672 elementor-widget__width-initial elementor-widget elementor-widget-text-editor\" data-id=\"eb31672\" data-element_type=\"widget\" data-widget_type=\"text-editor.default\">\n\t\t\t\t<div class=\"elementor-widget-container\">\n\t\t\t\t\t\t\t\t\t<h2>Comment la dyslexie affecte-t-elle les gens ?<\/h2><p>Les personnes atteintes de dyslexie ont des difficult\u00e9s \u00e0 apprendre \u00e0 lire les mots de mani\u00e8re pr\u00e9cise et\/ou automatique. Elles peuvent \u00e9galement avoir des difficult\u00e9s \u00e0 <\/p><ul><li>Lire \u00e0 haute voix avec fluidit\u00e9, en s&rsquo;exprimant \u00e0 un rythme appropri\u00e9<\/li><li>Lire et comprendre un texte de niveau scolaire<\/li><li>Orthographier correctement les mots<\/li><li>Utiliser une grammaire conventionnelle<\/li><li>Exprimer leurs id\u00e9es par \u00e9crit<\/li><\/ul><h2>Pourquoi le mot \u00ab\u00a0dyslexie\u00a0\u00bb n&rsquo;est-il pas utilis\u00e9 dans mon \u00e9cole ?<\/h2><p>Bien que la dyslexie soit tr\u00e8s r\u00e9pandue, le mot n&rsquo;est pas souvent utilis\u00e9 dans le syst\u00e8me \u00e9ducatif canadien. Au lieu de cela, on utilise souvent les termes plus g\u00e9n\u00e9raux de \u00ab\u00a0<strong>trouble sp\u00e9cifique d&rsquo;apprentissage<\/strong>\u00a0\u00bb ou de \u00ab\u00a0<strong>trouble d&rsquo;apprentissage<\/strong>\u00ab\u00a0. Dans les deux cas, si les difficult\u00e9s sp\u00e9cifiques sont li\u00e9es \u00e0 la lecture pr\u00e9cise et\/ou rapide des mots, il s&rsquo;agit d&rsquo;une dyslexie.<\/p><p>Dans les ann\u00e9es 1960, des parents se sont battus pour \u00e9tablir le concept de troubles de l&rsquo;apprentissage afin de garantir que leurs enfants dyslexiques auraient le droit l\u00e9gal \u00e0 des am\u00e9nagements et \u00e0 un soutien \u00e0 l&rsquo;\u00e9cole. Le trouble de l&rsquo;apprentissage est d\u00e9sormais un terme juridique d\u00e9fini dans les politiques provinciales et utilis\u00e9 dans la plupart des \u00e9coles.<\/p><p>Le <strong>trouble sp\u00e9cifique de l&rsquo;apprentissage<\/strong> est un terme m\u00e9dical figurant dans le Manuel diagnostique et statistique des troubles mentaux (DSM-5). Les psychologues priv\u00e9s utilisent souvent ce terme dans leurs \u00e9valuations. Les lignes directrices du DSM-5 \u00e0 l&rsquo;intention des psychologues pr\u00e9cisent que la dyslexie peut \u00eatre utilis\u00e9e comme terme alternatif pour les probl\u00e8mes de fluidit\u00e9 ou de pr\u00e9cision de la lecture des mots, de d\u00e9codage et d&rsquo;orthographe.<\/p><h2>Puis-je demander que le terme \u00ab\u00a0dyslexie\u00a0\u00bb soit utilis\u00e9 \u00e0 l&rsquo;\u00e9cole ?<\/h2><p>L&rsquo;utilisation du terme \u00ab\u00a0dyslexie\u00a0\u00bb est un choix personnel. Il pr\u00e9sente l&rsquo;avantage d&rsquo;\u00eatre plus sp\u00e9cifique, ce qui permet de mieux comprendre les interventions et les aides dont l&rsquo;enfant a besoin. De nombreuses personnes n&rsquo;aiment pas les termes \u00ab\u00a0handicap\u00a0\u00bb ou \u00ab\u00a0trouble\u00a0\u00bb car elles estiment que la dyslexie est une diff\u00e9rence dans la mani\u00e8re d&rsquo;apprendre, et non un d\u00e9faut ou une incapacit\u00e9 \u00e0 apprendre. En fin de compte, les termes que vous utilisez vous appartiennent et l&rsquo;\u00e9cole doit respecter votre choix et celui de votre enfant. La Commission ontarienne des droits de la personne a not\u00e9 dans son rapport sur le droit de lire que \u00ab\u00a0selon le code, l&rsquo;auto-identification pr\u00e9f\u00e9r\u00e9e des personnes doit \u00eatre respect\u00e9e et reconnue\u00a0\u00bb et a recommand\u00e9 que la province de l&rsquo;Ontario reconnaisse et utilise officiellement le terme \u00ab\u00a0dyslexie\u00a0\u00bb lorsque cela est appropri\u00e9.<\/p>\t\t\t\t\t\t\t\t<\/div>\n\t\t\t\t<\/div>\n\t\t\t\t<\/div>\n\t\t\t\t<\/div>\n\t\t\t\t<\/div>\n\t\t","protected":false},"excerpt":{"rendered":"<p>Qu&rsquo;est-ce que la dyslexie ? La dyslexie est un trouble d&rsquo;apprentissage qui rend la lecture pr\u00e9cise et fluide des mots difficile. Outre les difficult\u00e9s de lecture, les \u00e9l\u00e8ves atteints de [&hellip;]<\/p>\n","protected":false},"author":7,"featured_media":0,"parent":4259,"menu_order":0,"comment_status":"closed","ping_status":"closed","template":"elementor_theme","meta":{"footnotes":""},"class_list":["post-4250","page","type-page","status-publish","hentry"],"_links":{"self":[{"href":"https:\/\/dyslexiacanada.org\/fr\/wp-json\/wp\/v2\/pages\/4250","targetHints":{"allow":["GET"]}}],"collection":[{"href":"https:\/\/dyslexiacanada.org\/fr\/wp-json\/wp\/v2\/pages"}],"about":[{"href":"https:\/\/dyslexiacanada.org\/fr\/wp-json\/wp\/v2\/types\/page"}],"author":[{"embeddable":true,"href":"https:\/\/dyslexiacanada.org\/fr\/wp-json\/wp\/v2\/users\/7"}],"replies":[{"embeddable":true,"href":"https:\/\/dyslexiacanada.org\/fr\/wp-json\/wp\/v2\/comments?post=4250"}],"version-history":[{"count":6,"href":"https:\/\/dyslexiacanada.org\/fr\/wp-json\/wp\/v2\/pages\/4250\/revisions"}],"predecessor-version":[{"id":4293,"href":"https:\/\/dyslexiacanada.org\/fr\/wp-json\/wp\/v2\/pages\/4250\/revisions\/4293"}],"up":[{"embeddable":true,"href":"https:\/\/dyslexiacanada.org\/fr\/wp-json\/wp\/v2\/pages\/4259"}],"wp:attachment":[{"href":"https:\/\/dyslexiacanada.org\/fr\/wp-json\/wp\/v2\/media?parent=4250"}],"curies":[{"name":"wp","href":"https:\/\/api.w.org\/{rel}","templated":true}]}}