{"id":3527,"date":"2025-06-13T19:13:00","date_gmt":"2025-06-13T23:13:00","guid":{"rendered":"https:\/\/dyslexiacanada.org\/signes-et-symptomes\/"},"modified":"2025-11-11T13:42:40","modified_gmt":"2025-11-11T18:42:40","slug":"signes-et-symptomes","status":"publish","type":"page","link":"https:\/\/dyslexiacanada.org\/fr\/a-propos-de-la-dyslexie\/lessentiel-sur-la-dyslexie\/signes-et-symptomes\/","title":{"rendered":"Signes et sympt\u00f4mes"},"content":{"rendered":"\t\t<div data-elementor-type=\"wp-page\" data-elementor-id=\"3527\" class=\"elementor elementor-3527 elementor-1625\" data-elementor-post-type=\"page\">\n\t\t\t\t<div class=\"elementor-element elementor-element-f5cc50e e-con-full e-flex e-con e-child\" data-id=\"f5cc50e\" data-element_type=\"container\">\n\t\t<div class=\"elementor-element elementor-element-c891a55 e-con-full e-flex e-con e-child\" data-id=\"c891a55\" data-element_type=\"container\">\n\t\t\t\t<div class=\"elementor-element elementor-element-5755836 elementor-widget__width-initial elementor-widget elementor-widget-text-editor\" data-id=\"5755836\" data-element_type=\"widget\" data-widget_type=\"text-editor.default\">\n\t\t\t\t<div class=\"elementor-widget-container\">\n\t\t\t\t\t\t\t\t\t<h1><span style=\"font-family: var( --e-global-typography-text-font-family ), Sans-serif; text-align: var(--text-align);\">Signes et sympt\u00f4mes<\/span><\/h1><p><span class=\"fontstyle0\">Les signes de la dyslexie peuvent \u00eatre observ\u00e9s m\u00eame chez les jeunes enfants. Les sympt\u00f4mes \u00e0 rechercher incluent si une personne :<\/span><\/p><h2><span class=\"fontstyle0\">4 &#8211; 5 ans<\/span><\/h2><ul><li>Est incapable d&rsquo;identifier les mots qui riment<\/li><li>A des difficult\u00e9s \u00e0 reconna\u00eetre les mots qui commencent par le m\u00eame son, comme les mots \u00ab\u00a0b\u00e9b\u00e9\u00a0\u00bb et \u00ab\u00a0balle\u00a0\u00bb.<\/li><li>A du mal \u00e0 apprendre le nom et le son des lettres<\/li><\/ul><h2>6 &#8211; 7 ans<\/h2><ul><li>A des difficult\u00e9s \u00e0 prononcer des mots nouveaux et \u00e0 reconna\u00eetre des mots courants.<\/li><li>Devine des mots ou remplace des mots similaires lorsqu&rsquo;il lit des livres ou des histoires.<\/li><li>A une mauvaise orthographe<\/li><li>A du mal \u00e0 accomplir les t\u00e2ches qui impliquent la lecture ou l&rsquo;\u00e9criture, essaie d&rsquo;\u00e9viter ces t\u00e2ches ou se sent frustr\u00e9.<\/li><\/ul><h2>Enfants plus \u00e2g\u00e9s et adultes<\/h2><ul><li>Lit lentement, fait souvent des confusions, prononce mal ou saute des mots courants.<\/li><li>\u00c9crire lentement et laborieusement<\/li><li>D\u00e9code et prononce mal les mots inconnus, tels que les noms de personnes ou de lieux.<\/li><li>A du mal \u00e0 apprendre une autre langue<\/li><li>\u00c9crit difficilement et a des probl\u00e8mes d&rsquo;orthographe, de grammaire et d&rsquo;organisation de la pens\u00e9e.<\/li><li>\u00c9vite les t\u00e2ches qui n\u00e9cessitent de lire et d&rsquo;\u00e9crire<\/li><\/ul><p>Souvent, les personnes qui ont des difficult\u00e9s \u00e0 lire sont \u00e9galement consid\u00e9r\u00e9es comme des \u00ab\u00a0apprenants lents\u00a0\u00bb, \u00ab\u00a0ayant juste besoin d&rsquo;un peu plus de temps\u00a0\u00bb, \u00ab\u00a0non motiv\u00e9es\u00a0\u00bb ou \u00ab\u00a0paresseuses\u00a0\u00bb, alors qu&rsquo;en fait, elles peuvent souffrir de dyslexie.<\/p><p>Ces signes ne signifient pas n\u00e9cessairement que l&rsquo;enfant est atteint de dyslexie. Mais si vous constatez des difficult\u00e9s persistantes dans ces comp\u00e9tences, n&rsquo;attendez pas de voir si l&rsquo;enfant rattrapera son retard. L&rsquo;intervention est plus efficace lorsqu&rsquo;elle commence t\u00f4t. Pour plus d&rsquo;informations sur les \u00e9tapes suivantes si vous \u00eates inquiet, voir <a href=\"https:\/\/dyslexiacanada.org\/fr\/comprendre-comment-nous-lisons\/enseignement-efficace-de-la-lecture\/\">Intervention efficace en mati\u00e8re de lecture.<\/a><\/p>\t\t\t\t\t\t\t\t<\/div>\n\t\t\t\t<\/div>\n\t\t\t\t<\/div>\n\t\t\t\t<\/div>\n\t\t\t\t<\/div>\n\t\t","protected":false},"excerpt":{"rendered":"<p>Signes et sympt\u00f4mes Les signes de la dyslexie peuvent \u00eatre observ\u00e9s m\u00eame chez les jeunes enfants. Les sympt\u00f4mes \u00e0 rechercher incluent si une personne : 4 &#8211; 5 ans Est [&hellip;]<\/p>\n","protected":false},"author":7,"featured_media":0,"parent":4259,"menu_order":0,"comment_status":"closed","ping_status":"closed","template":"elementor_theme","meta":{"footnotes":""},"class_list":["post-3527","page","type-page","status-publish","hentry"],"_links":{"self":[{"href":"https:\/\/dyslexiacanada.org\/fr\/wp-json\/wp\/v2\/pages\/3527","targetHints":{"allow":["GET"]}}],"collection":[{"href":"https:\/\/dyslexiacanada.org\/fr\/wp-json\/wp\/v2\/pages"}],"about":[{"href":"https:\/\/dyslexiacanada.org\/fr\/wp-json\/wp\/v2\/types\/page"}],"author":[{"embeddable":true,"href":"https:\/\/dyslexiacanada.org\/fr\/wp-json\/wp\/v2\/users\/7"}],"replies":[{"embeddable":true,"href":"https:\/\/dyslexiacanada.org\/fr\/wp-json\/wp\/v2\/comments?post=3527"}],"version-history":[{"count":6,"href":"https:\/\/dyslexiacanada.org\/fr\/wp-json\/wp\/v2\/pages\/3527\/revisions"}],"predecessor-version":[{"id":5930,"href":"https:\/\/dyslexiacanada.org\/fr\/wp-json\/wp\/v2\/pages\/3527\/revisions\/5930"}],"up":[{"embeddable":true,"href":"https:\/\/dyslexiacanada.org\/fr\/wp-json\/wp\/v2\/pages\/4259"}],"wp:attachment":[{"href":"https:\/\/dyslexiacanada.org\/fr\/wp-json\/wp\/v2\/media?parent=3527"}],"curies":[{"name":"wp","href":"https:\/\/api.w.org\/{rel}","templated":true}]}}