{"id":2667,"date":"2025-05-24T12:05:02","date_gmt":"2025-05-24T16:05:02","guid":{"rendered":"https:\/\/dyslexiacanada.org\/planification-des-interventions\/"},"modified":"2025-11-06T13:39:57","modified_gmt":"2025-11-06T18:39:57","slug":"planification-des-interventions","status":"publish","type":"page","link":"https:\/\/dyslexiacanada.org\/fr\/soutien\/intervention\/intervention-efficace-en-lecture\/planification-des-interventions\/","title":{"rendered":"Planification des interventions"},"content":{"rendered":"\t\t<div data-elementor-type=\"wp-page\" data-elementor-id=\"2667\" class=\"elementor elementor-2667 elementor-1481\" data-elementor-post-type=\"page\">\n\t\t\t\t<div class=\"elementor-element elementor-element-25eb6e2 e-con-full e-flex e-con e-child\" data-id=\"25eb6e2\" data-element_type=\"container\">\n\t\t\t\t<div class=\"elementor-element elementor-element-8846acb elementor-widget elementor-widget-text-editor\" data-id=\"8846acb\" data-element_type=\"widget\" data-widget_type=\"text-editor.default\">\n\t\t\t\t<div class=\"elementor-widget-container\">\n\t\t\t\t\t\t\t\t\t<h1>Planification des interventions<\/h1><p>Il est important de reconna\u00eetre qu&rsquo;\u00e9tant donn\u00e9 que les lecteurs en difficult\u00e9 ont un d\u00e9ficit de comp\u00e9tences, ils doivent faire des progr\u00e8s plus rapides que leurs pairs pour combler ce d\u00e9ficit et devenir des lecteurs comp\u00e9tents. Les interventions doivent \u00eatre bien planifi\u00e9es et suivies de pr\u00e8s, avec une forte participation des parents. Pour vous assurer que les comp\u00e9tences de votre enfant progressent bien, restez activement impliqu\u00e9 dans la planification de l&rsquo;intervention et le suivi de son efficacit\u00e9 pour votre enfant.  <\/p><h2>Utilisation d&rsquo;un mod\u00e8le d&rsquo;intervention ax\u00e9 sur les r\u00e9sultats<\/h2><p>Un mod\u00e8le d&rsquo;intervention en lecture ax\u00e9 sur les r\u00e9sultats (Good et al., 2002) revient \u00e0 suivre un plan \u00e9tape par \u00e9tape pour aider les \u00e9l\u00e8ves susceptibles d&rsquo;\u00e9prouver des difficult\u00e9s en lecture. Voici comment cela fonctionne : <\/p><h3>Identifier les \u00e9l\u00e8ves ayant besoin d&rsquo;un soutien<\/h3><p>D&rsquo;abord, tous les \u00e9l\u00e8ves font l&rsquo;objet d&rsquo;un <a href=\"https:\/\/dyslexiacanada.org\/fr\/depistage-universel\/\">d\u00e9pistage universel<\/a> rapide afin de d\u00e9terminer s&rsquo;ils ont des difficult\u00e9s en lecture. Cela permet aux \u00e9ducateurs de savoir quels sont les \u00e9l\u00e8ves qui ont besoin d&rsquo;une aide suppl\u00e9mentaire d\u00e8s le d\u00e9but. <\/p><h3>D\u00e9terminer les besoins individuels de l&rsquo;\u00e9l\u00e8ve<\/h3><p>Une fois que les \u00e9l\u00e8ves qui ont besoin d&rsquo;un soutien suppl\u00e9mentaire sont identifi\u00e9s, les \u00e9ducateurs utilisent des \u00e9valuations diagnostiques pour mieux comprendre leurs besoins d&rsquo;apprentissage sp\u00e9cifiques.<\/p><h3>Planification et mise en \u0153uvre du soutien<\/h3><p>\u00c0 partir de ces informations, les enseignants \u00e9laborent un plan de soutien ax\u00e9 sur les domaines dans lesquels l&rsquo;\u00e9l\u00e8ve a le plus besoin d&rsquo;aide. Ce plan est ensuite mis en \u0153uvre, l&rsquo;\u00e9l\u00e8ve recevant des le\u00e7ons et des exercices cibl\u00e9s. <\/p><h3>Suivi du plan<\/h3><p>Lorsque l&rsquo;\u00e9l\u00e8ve b\u00e9n\u00e9ficie d&rsquo;une intervention, les enseignants v\u00e9rifient r\u00e9guli\u00e8rement l&rsquo;\u00e9volution des comp\u00e9tences de l&rsquo;\u00e9l\u00e8ve \u00e0 l&rsquo;aide de courtes <a href=\"https:\/\/dyslexiacanada.org\/fr\/intervention-efficace-en-lecture\/suivi-du-plan\/\">\u00e9valuations de suivi des progr\u00e8s<\/a>. Ces \u00e9valuations rapides permettent \u00e0 chacun de comprendre si l&rsquo;intervention fonctionne. <\/p><h3>Apporter les modifications n\u00e9cessaires<\/h3><p>Si l&rsquo;\u00e9l\u00e8ve ne progresse pas comme pr\u00e9vu, le plan est adapt\u00e9. Il peut s&rsquo;agir de modifier la taille du groupe, la fr\u00e9quence des le\u00e7ons ou de se concentrer sur des comp\u00e9tences diff\u00e9rentes pour s&rsquo;assurer que l&rsquo;\u00e9l\u00e8ve continue \u00e0 progresser dans ses comp\u00e9tences en lecture. Ce mod\u00e8le permet de s&rsquo;assurer que chaque \u00e9l\u00e8ve re\u00e7oit l&rsquo;aide dont il a besoin pour devenir un bon lecteur. L&rsquo;illustration ci-dessous donne un aper\u00e7u de la fa\u00e7on dont tout cela s&rsquo;articule.   <\/p>\t\t\t\t\t\t\t\t<\/div>\n\t\t\t\t<\/div>\n\t\t\t\t<div class=\"elementor-element elementor-element-5c8cb44 elementor-widget elementor-widget-image\" data-id=\"5c8cb44\" data-element_type=\"widget\" data-widget_type=\"image.default\">\n\t\t\t\t<div class=\"elementor-widget-container\">\n\t\t\t\t\t\t\t\t\t\t\t\t\t\t\t<img fetchpriority=\"high\" decoding=\"async\" width=\"800\" height=\"878\" src=\"https:\/\/dyslexiacanada.org\/wp-content\/uploads\/2025\/05\/Outcomes-Driven-Model-933x1024.png\" class=\"attachment-large size-large wp-image-1475\" alt=\"\" srcset=\"https:\/\/dyslexiacanada.org\/wp-content\/uploads\/2025\/05\/Outcomes-Driven-Model-933x1024.png 933w, https:\/\/dyslexiacanada.org\/wp-content\/uploads\/2025\/05\/Outcomes-Driven-Model-273x300.png 273w, https:\/\/dyslexiacanada.org\/wp-content\/uploads\/2025\/05\/Outcomes-Driven-Model-768x843.png 768w, https:\/\/dyslexiacanada.org\/wp-content\/uploads\/2025\/05\/Outcomes-Driven-Model.png 1388w\" sizes=\"(max-width: 800px) 100vw, 800px\" \/>\t\t\t\t\t\t\t\t\t\t\t\t\t\t\t<\/div>\n\t\t\t\t<\/div>\n\t\t\t\t<div class=\"elementor-element elementor-element-d92ef7c elementor-widget elementor-widget-text-editor\" data-id=\"d92ef7c\" data-element_type=\"widget\" data-widget_type=\"text-editor.default\">\n\t\t\t\t<div class=\"elementor-widget-container\">\n\t\t\t\t\t\t\t\t\t<h2>Questions cl\u00e9s \u00e0 propos de l&rsquo;intervention<\/h2><h3>Qui soutiendra votre enfant ?<\/h3><p>D\u00e9terminez si l&rsquo;intervention sera effectu\u00e9e par l&rsquo;enseignant de la classe, un enseignant-ressource ou un enseignant sp\u00e9cialis\u00e9. Tenez compte de la formation et de l&rsquo;exp\u00e9rience de l&rsquo;intervenant pour vous assurer qu&rsquo;il est en mesure de r\u00e9pondre aux besoins de votre enfant. <\/p><h3>Quels sont les objectifs ?  <\/h3><p>Pr\u00e9cisez les comp\u00e9tences vis\u00e9es. D\u00e9finissez l&rsquo;objectif de r\u00e9sultat pour chaque comp\u00e9tence : quel niveau de performance voulons-nous voir chez l&rsquo;enfant et quand voulons-nous qu&rsquo;il atteigne cet objectif ? L&rsquo;atteinte de cet objectif permettra-t-elle de r\u00e9duire ou de combler l&rsquo;\u00e9cart pour votre enfant ?  <\/p><h3>Quelles sont les ressources utilis\u00e9es ?<\/h3><p>Un plan de cours ou un programme standard sera-t-il utilis\u00e9 ? Renseignez-vous sur les recherches qui appuient le mat\u00e9riel choisi, en particulier sur son efficacit\u00e9 avec des \u00e9l\u00e8ves qui ont un profil d&rsquo;apprentissage similaire \u00e0 celui de votre enfant.<\/p><h3>Quel soutien votre enfant recevra-t-il ?<\/h3><p>Pr\u00e9cisez \u00e0 quelle fr\u00e9quence le soutien sera fourni, combien de minutes durera chaque s\u00e9ance et si ce temps sera partag\u00e9 avec d&rsquo;autres \u00e9tudiants.<\/p><h3>O\u00f9 se d\u00e9roule l&rsquo;intervention ?<\/h3><p>Est-ce en classe, en dehors de la classe dans une salle de ressources ou d&rsquo;\u00e9ducation sp\u00e9cialis\u00e9e, dans un centre de tutorat ou \u00e0 la maison ?<\/p>\t\t\t\t\t\t\t\t<\/div>\n\t\t\t\t<\/div>\n\t\t\t\t<\/div>\n\t\t\t\t<\/div>\n\t\t","protected":false},"excerpt":{"rendered":"<p>Planification des interventions Il est important de reconna\u00eetre qu&rsquo;\u00e9tant donn\u00e9 que les lecteurs en difficult\u00e9 ont un d\u00e9ficit de comp\u00e9tences, ils doivent faire des progr\u00e8s plus rapides que leurs pairs [&hellip;]<\/p>\n","protected":false},"author":7,"featured_media":0,"parent":4300,"menu_order":0,"comment_status":"closed","ping_status":"closed","template":"elementor_theme","meta":{"footnotes":""},"class_list":["post-2667","page","type-page","status-publish","hentry"],"_links":{"self":[{"href":"https:\/\/dyslexiacanada.org\/fr\/wp-json\/wp\/v2\/pages\/2667","targetHints":{"allow":["GET"]}}],"collection":[{"href":"https:\/\/dyslexiacanada.org\/fr\/wp-json\/wp\/v2\/pages"}],"about":[{"href":"https:\/\/dyslexiacanada.org\/fr\/wp-json\/wp\/v2\/types\/page"}],"author":[{"embeddable":true,"href":"https:\/\/dyslexiacanada.org\/fr\/wp-json\/wp\/v2\/users\/7"}],"replies":[{"embeddable":true,"href":"https:\/\/dyslexiacanada.org\/fr\/wp-json\/wp\/v2\/comments?post=2667"}],"version-history":[{"count":3,"href":"https:\/\/dyslexiacanada.org\/fr\/wp-json\/wp\/v2\/pages\/2667\/revisions"}],"predecessor-version":[{"id":5048,"href":"https:\/\/dyslexiacanada.org\/fr\/wp-json\/wp\/v2\/pages\/2667\/revisions\/5048"}],"up":[{"embeddable":true,"href":"https:\/\/dyslexiacanada.org\/fr\/wp-json\/wp\/v2\/pages\/4300"}],"wp:attachment":[{"href":"https:\/\/dyslexiacanada.org\/fr\/wp-json\/wp\/v2\/media?parent=2667"}],"curies":[{"name":"wp","href":"https:\/\/api.w.org\/{rel}","templated":true}]}}