{"id":2661,"date":"2025-05-24T12:04:44","date_gmt":"2025-05-24T16:04:44","guid":{"rendered":"https:\/\/dyslexiacanada.org\/comprendre-les-besoins\/"},"modified":"2025-10-23T12:00:31","modified_gmt":"2025-10-23T16:00:31","slug":"comprendre-les-besoins","status":"publish","type":"page","link":"https:\/\/dyslexiacanada.org\/fr\/soutien\/intervention\/intervention-efficace-en-lecture\/comprendre-les-besoins\/","title":{"rendered":"Comprendre les besoins"},"content":{"rendered":"\t\t<div data-elementor-type=\"wp-page\" data-elementor-id=\"2661\" class=\"elementor elementor-2661 elementor-1445\" data-elementor-post-type=\"page\">\n\t\t\t\t<div class=\"elementor-element elementor-element-bd7bd5b e-con-full e-flex e-con e-child\" data-id=\"bd7bd5b\" data-element_type=\"container\">\n\t\t\t\t<div class=\"elementor-element elementor-element-418c12f elementor-widget elementor-widget-text-editor\" data-id=\"418c12f\" data-element_type=\"widget\" data-widget_type=\"text-editor.default\">\n\t\t\t\t<div class=\"elementor-widget-container\">\n\t\t\t\t\t\t\t\t\t<h1>Comprendre les besoins de votre enfant<\/h1>\n<p>Pour s&rsquo;assurer que votre enfant comble ses lacunes, il est important que l&rsquo;intervention qu&rsquo;il re\u00e7oit corresponde \u00e0 ses besoins les plus importants. <span style=\"letter-spacing: 1.3px;\">L&rsquo;\u00e9ducateur qui travaille avec votre enfant doit utiliser les donn\u00e9es d&rsquo;\u00e9valuation pour d\u00e9terminer les comp\u00e9tences sp\u00e9cifiques qui doivent \u00eatre cibl\u00e9es pendant l&rsquo;intervention. <\/span><\/p>\n<p><span style=\"letter-spacing: 1.3px;\">L&rsquo;organigramme ci-dessous peut vous aider, ainsi que l&rsquo;enseignant de votre enfant, \u00e0 identifier les comp\u00e9tences sp\u00e9cifiques \u00e0 cibler par le biais de l&rsquo;intervention. Pour les enfants en deuxi\u00e8me ann\u00e9e ou plus jeunes, commencez par le bas de l&rsquo;organigramme avec   <\/span><strong style=\"letter-spacing: 1.3px;\">Conscience phon\u00e9mique et phon\u00e9tique<\/strong><span style=\"letter-spacing: 1.3px;\"> pour les enfants de la 3e ann\u00e9e et plus, commencez par le haut avec <\/span><strong style=\"letter-spacing: 1.3px;\">Compr\u00e9hension de la lecture<\/strong><span style=\"letter-spacing: 1.3px;\"> et progressez vers le bas.<\/span><\/p>\t\t\t\t\t\t\t\t<\/div>\n\t\t\t\t<\/div>\n\t\t\t\t<div class=\"elementor-element elementor-element-99e3b68 elementor-widget elementor-widget-image\" data-id=\"99e3b68\" data-element_type=\"widget\" data-widget_type=\"image.default\">\n\t\t\t\t<div class=\"elementor-widget-container\">\n\t\t\t\t\t\t\t\t\t\t\t\t\t\t\t<img decoding=\"async\" src=\"https:\/\/dyslexiacanada.org\/wp-content\/uploads\/2025\/05\/ident-int-needs-fc-e1748100527607.png\" class=\"attachment-full size-full wp-image-1477\" alt=\"\" \/>\t\t\t\t\t\t\t\t\t\t\t\t\t\t\t<\/div>\n\t\t\t\t<\/div>\n\t\t\t\t<\/div>\n\t\t\t\t<\/div>\n\t\t","protected":false},"excerpt":{"rendered":"<p>Comprendre les besoins de votre enfant Pour s&rsquo;assurer que votre enfant comble ses lacunes, il est important que l&rsquo;intervention qu&rsquo;il re\u00e7oit corresponde \u00e0 ses besoins les plus importants. L&rsquo;\u00e9ducateur qui [&hellip;]<\/p>\n","protected":false},"author":7,"featured_media":0,"parent":4300,"menu_order":0,"comment_status":"closed","ping_status":"closed","template":"elementor_theme","meta":{"footnotes":""},"class_list":["post-2661","page","type-page","status-publish","hentry"],"_links":{"self":[{"href":"https:\/\/dyslexiacanada.org\/fr\/wp-json\/wp\/v2\/pages\/2661","targetHints":{"allow":["GET"]}}],"collection":[{"href":"https:\/\/dyslexiacanada.org\/fr\/wp-json\/wp\/v2\/pages"}],"about":[{"href":"https:\/\/dyslexiacanada.org\/fr\/wp-json\/wp\/v2\/types\/page"}],"author":[{"embeddable":true,"href":"https:\/\/dyslexiacanada.org\/fr\/wp-json\/wp\/v2\/users\/7"}],"replies":[{"embeddable":true,"href":"https:\/\/dyslexiacanada.org\/fr\/wp-json\/wp\/v2\/comments?post=2661"}],"version-history":[{"count":4,"href":"https:\/\/dyslexiacanada.org\/fr\/wp-json\/wp\/v2\/pages\/2661\/revisions"}],"predecessor-version":[{"id":4303,"href":"https:\/\/dyslexiacanada.org\/fr\/wp-json\/wp\/v2\/pages\/2661\/revisions\/4303"}],"up":[{"embeddable":true,"href":"https:\/\/dyslexiacanada.org\/fr\/wp-json\/wp\/v2\/pages\/4300"}],"wp:attachment":[{"href":"https:\/\/dyslexiacanada.org\/fr\/wp-json\/wp\/v2\/media?parent=2661"}],"curies":[{"name":"wp","href":"https:\/\/api.w.org\/{rel}","templated":true}]}}