{"id":2659,"date":"2025-05-24T12:05:02","date_gmt":"2025-05-24T16:05:02","guid":{"rendered":"https:\/\/dyslexiacanada.org\/embaucher-un-tuteur\/"},"modified":"2025-11-24T10:54:09","modified_gmt":"2025-11-24T15:54:09","slug":"embaucher-un-tuteur","status":"publish","type":"page","link":"https:\/\/dyslexiacanada.org\/fr\/soutien\/intervention\/embaucher-un-tuteur\/","title":{"rendered":"Embaucher un tuteur"},"content":{"rendered":"\t\t<div data-elementor-type=\"wp-page\" data-elementor-id=\"2659\" class=\"elementor elementor-2659 elementor-1450\" data-elementor-post-type=\"page\">\n\t\t\t\t<div class=\"elementor-element elementor-element-274a68ad e-flex e-con-boxed e-con e-parent\" data-id=\"274a68ad\" data-element_type=\"container\">\n\t\t\t\t\t<div class=\"e-con-inner\">\n\t\t<div class=\"elementor-element elementor-element-104cc105 e-con-full e-flex e-con e-child\" data-id=\"104cc105\" data-element_type=\"container\">\n\t\t\t\t<div class=\"elementor-element elementor-element-3b6c15dc elementor-widget elementor-widget-text-editor\" data-id=\"3b6c15dc\" data-element_type=\"widget\" data-widget_type=\"text-editor.default\">\n\t\t\t\t<div class=\"elementor-widget-container\">\n\t\t\t\t\t\t\t\t\t<h1>Engager un tuteur<\/h1><p>Si vous envisagez d&rsquo;engager un tuteur, il est important de le choisir avec soin. Tous les tuteurs n&rsquo;ont pas les comp\u00e9tences et l&rsquo;exp\u00e9rience n\u00e9cessaires pour aider les \u00e9l\u00e8ves dyslexiques. Il est tr\u00e8s important de poser les bonnes questions pour vous assurer que vous choisissez un tuteur capable d&rsquo;apporter le meilleur soutien \u00e0 votre enfant.  <\/p><h2>Questions \u00e0 poser lorsque vous embauchez un tuteur<\/h2><p data-start=\"94\" data-end=\"353\">Pour obtenir des questions d\u00e9taill\u00e9es et des conseils sur ce qu&rsquo;il faut rechercher dans les r\u00e9ponses, t\u00e9l\u00e9chargez gratuitement le <a class=\"decorated-link\" href=\"https:\/\/linktr.ee\/dyslexiacanada?fbclid=PAdGRjcAMeZopleHRuA2FlbQIxMQABpylD47wvDjTdK4i_PbNgGHuFVIeQQTVabXWuPR2QNBRGITWQIshd6CrvwjxF_aem_7JAhxENiaAfWmrsAcS_VrA\" rel=\"noopener\" data-start=\"180\" data-end=\"216\" target=\"_blank\">Guide des parents de Dyslexie Canada<\/a> (disponible en anglais seulement). La section ci-dessous fournit des conseils g\u00e9n\u00e9raux et vous pouvez obtenir une aide suppl\u00e9mentaire en contactant <a class=\"decorated-link\" href=\"https:\/\/dyslexiacanada.org\/fr\/boussole-de-la-dyslexie\/\" rel=\"noopener\" data-start=\"329\" data-end=\"350\">Boussole de la Dyslexie<\/a>.<\/p><h2>Formation des tuteurs<\/h2><p>Il existe un grand nombre de programmes et d&rsquo;approches commerciales qui rel\u00e8vent de l&rsquo;alphab\u00e9tisation structur\u00e9e.<\/p><p>Si vous envisagez d&rsquo;engager un tuteur, il est important de conna\u00eetre sa formation. Il existe des organisations qui certifient les tuteurs en alphab\u00e9tisation structur\u00e9e, notamment le \u00ab Center for Effective Reading Instruction \u00bb ou l&rsquo;\u00ab Orton-Gillingham Academy \u00bb. Chacune de ces organisations a son propre processus de formation et de certification, et certaines proposent diff\u00e9rents niveaux de certification en fonction de l&rsquo;\u00e9tendue de la formation. Avant d&rsquo;engager un tuteur, renseignez-vous sur leur type et niveau de formation. Si un tuteur pr\u00e9tend avoir suivi une formation aupr\u00e8s d&rsquo;une organisation sp\u00e9cifique, vous pouvez souvent consulter le site web de l&rsquo;organisme de certification pour le confirmer.    <\/p><h2>Programmes de tutorat<\/h2><p>Certains tuteurs utilisent des programmes d&rsquo;alphab\u00e9tisation structur\u00e9s. Ces programmes sont des ressources publi\u00e9es qui fournissent des plans de cours et du mat\u00e9riel pratique suivant une approche structur\u00e9e de l&rsquo;alphab\u00e9tisation. Bien que certains programmes soient enti\u00e8rement sc\u00e9naris\u00e9s, une formation est toujours n\u00e9cessaire pour s&rsquo;assurer que le programme est dispens\u00e9 correctement. Bien que les programmes soient moins flexibles qu&rsquo;une approche structur\u00e9e g\u00e9n\u00e9rale de l&rsquo;alphab\u00e9tisation, nombre d&rsquo;entre eux ont fait l&rsquo;objet de recherches approfondies qui d\u00e9montrent leur efficacit\u00e9. Parmi les programmes d&rsquo;alphab\u00e9tisation structur\u00e9s, citons Barton, Wilson, SRA Corrective Reading, Lindamood-Bell Phoneme Sequencing Program, REWARDS et SPIRE.    <\/p><h2 data-start=\"55\" data-end=\"110\">S&rsquo;assurer que vous obtenez du tutorat de qualit\u00e9<\/h2><p data-start=\"112\" data-end=\"248\">Lorsque vous travaillez avec un tuteur, les m\u00eames principes qui s&rsquo;appliquent \u00e0 une intervention efficace en milieu scolaire s&rsquo;appliquent \u00e9galement ici. Un bon tuteur doit : <\/p><ul data-start=\"249\" data-end=\"531\"><li data-start=\"249\" data-end=\"355\"><p data-start=\"251\" data-end=\"355\">Utiliser des outils d&rsquo;\u00e9valuation fiables pour comprendre les besoins sp\u00e9cifiques de votre enfant et planifier un enseignement cibl\u00e9.<\/p><\/li><li data-start=\"356\" data-end=\"423\"><p data-start=\"358\" data-end=\"423\">Fixez un objectif ambitieux mais r\u00e9alisable pour les progr\u00e8s de votre enfant.<\/p><\/li><li data-start=\"424\" data-end=\"531\"><p data-start=\"426\" data-end=\"531\">Assurer un suivi r\u00e9gulier des progr\u00e8s afin que vous puissiez voir si votre enfant est sur la bonne voie pour atteindre cet objectif dans les d\u00e9lais impartis.<\/p><\/li><\/ul><p data-start=\"533\" data-end=\"880\">Ne vous contentez pas de vagues mises \u00e0 jour telles que \u00ab votre enfant se d\u00e9brouille mieux \u00bb ou \u00ab votre enfant semble plus confiant \u00bb. Insistez pour obtenir des donn\u00e9es claires et objectives sur les comp\u00e9tences que votre enfant a ma\u00eetris\u00e9es et sur celles qui ont encore besoin d&rsquo;am\u00e9lioration. Vous serez ainsi en mesure de prendre des d\u00e9cisions \u00e9clair\u00e9es, d&rsquo;ajuster le plan si n\u00e9cessaire et d&rsquo;avoir la certitude que votre investissement dans le soutien scolaire aide r\u00e9ellement votre enfant.  <\/p><h2 data-start=\"59\" data-end=\"81\">Soutien \u00e0 plusieurs niveaux<\/h2><p data-start=\"83\" data-end=\"385\">Le tutorat est souvent limit\u00e9 \u00e0 quelques heures par semaine. Pour la plupart des enfants dyslexiques, ce n&rsquo;est pas suffisant en termes d&rsquo;enseignement et de pratique. C&rsquo;est pourquoi il est essentiel de penser en termes de <strong data-start=\"276\" data-end=\"295\">soutien \u00e0 plusieurs niveaux<\/strong><span data-start=\"276\" data-end=\"295\">,<\/span>  <strong data-start=\"276\" data-end=\"295\"> <\/strong>une approche d&rsquo;\u00e9quipe o\u00f9 le tuteur, l&rsquo;\u00e9cole et la famille travaillent ensemble pour maximiser les progr\u00e8s.<\/p><p data-pm-slice=\"1 1 []\">Certains tuteurs affirment que les enfants ne devraient pas suivre un programme d&rsquo;intervention \u00e0 l&rsquo;\u00e9cole tout en recevant des cours particuliers parce que cela pourrait \u00eatre \u00ab d\u00e9routant \u00bb. En r\u00e9alit\u00e9, les enfants b\u00e9n\u00e9ficiant d&rsquo;un soutien scolaire feront probablement des progr\u00e8s plus importants s&rsquo;ils b\u00e9n\u00e9ficient \u00e9galement d&rsquo;un enseignement et d&rsquo;une intervention structur\u00e9s en mati\u00e8re d&rsquo;alphab\u00e9tisation \u00e0 l&rsquo;\u00e9cole. Ce qui importe le plus, c&rsquo;est que les adultes qui soutiennent l&rsquo;enfant, y compris les parents, les enseignants et les tuteurs, <g id=\"gid_0\">alignent leurs strat\u00e9gies et leur langage<\/g> de mani\u00e8re \u00e0 ce que l&rsquo;enseignement soit coh\u00e9rent d&rsquo;un contexte \u00e0 l&rsquo;autre. Les meilleurs tuteurs sont ceux qui collaborent avec l&rsquo;\u00e9quipe de l&rsquo;\u00e9cole pour s&rsquo;assurer que tout le monde est sur la m\u00eame longueur d&rsquo;onde, renforce les m\u00eames comp\u00e9tences et utilise les m\u00eames termes.   <\/p>\t\t\t\t\t\t\t\t<\/div>\n\t\t\t\t<\/div>\n\t\t\t\t<\/div>\n\t\t\t\t\t<\/div>\n\t\t\t\t<\/div>\n\t\t\t\t<\/div>\n\t\t","protected":false},"excerpt":{"rendered":"<p>Engager un tuteur Si vous envisagez d&rsquo;engager un tuteur, il est important de le choisir avec soin. Tous les tuteurs n&rsquo;ont pas les comp\u00e9tences et l&rsquo;exp\u00e9rience n\u00e9cessaires pour aider les [&hellip;]<\/p>\n","protected":false},"author":7,"featured_media":0,"parent":5934,"menu_order":0,"comment_status":"closed","ping_status":"closed","template":"elementor_theme","meta":{"footnotes":""},"class_list":["post-2659","page","type-page","status-publish","hentry"],"_links":{"self":[{"href":"https:\/\/dyslexiacanada.org\/fr\/wp-json\/wp\/v2\/pages\/2659","targetHints":{"allow":["GET"]}}],"collection":[{"href":"https:\/\/dyslexiacanada.org\/fr\/wp-json\/wp\/v2\/pages"}],"about":[{"href":"https:\/\/dyslexiacanada.org\/fr\/wp-json\/wp\/v2\/types\/page"}],"author":[{"embeddable":true,"href":"https:\/\/dyslexiacanada.org\/fr\/wp-json\/wp\/v2\/users\/7"}],"replies":[{"embeddable":true,"href":"https:\/\/dyslexiacanada.org\/fr\/wp-json\/wp\/v2\/comments?post=2659"}],"version-history":[{"count":12,"href":"https:\/\/dyslexiacanada.org\/fr\/wp-json\/wp\/v2\/pages\/2659\/revisions"}],"predecessor-version":[{"id":6168,"href":"https:\/\/dyslexiacanada.org\/fr\/wp-json\/wp\/v2\/pages\/2659\/revisions\/6168"}],"up":[{"embeddable":true,"href":"https:\/\/dyslexiacanada.org\/fr\/wp-json\/wp\/v2\/pages\/5934"}],"wp:attachment":[{"href":"https:\/\/dyslexiacanada.org\/fr\/wp-json\/wp\/v2\/media?parent=2659"}],"curies":[{"name":"wp","href":"https:\/\/api.w.org\/{rel}","templated":true}]}}