{"id":2654,"date":"2025-06-18T14:58:33","date_gmt":"2025-06-18T18:58:33","guid":{"rendered":"https:\/\/dyslexiacanada.org\/parler-a-votre-enfant\/"},"modified":"2025-11-24T10:47:58","modified_gmt":"2025-11-24T15:47:58","slug":"parler-a-votre-enfant","status":"publish","type":"page","link":"https:\/\/dyslexiacanada.org\/fr\/soutien\/sante-mentale\/parler-a-votre-enfant\/","title":{"rendered":"Parler \u00e0 votre enfant"},"content":{"rendered":"\t\t<div data-elementor-type=\"wp-page\" data-elementor-id=\"2654\" class=\"elementor elementor-2654 elementor-1768\" data-elementor-post-type=\"page\">\n\t\t\t\t<div class=\"elementor-element elementor-element-371eff7 e-flex e-con-boxed e-con e-parent\" data-id=\"371eff7\" data-element_type=\"container\">\n\t\t\t\t\t<div class=\"e-con-inner\">\n\t\t\t\t<div class=\"elementor-element elementor-element-b05849f elementor-widget elementor-widget-text-editor\" data-id=\"b05849f\" data-element_type=\"widget\" data-widget_type=\"text-editor.default\">\n\t\t\t\t<div class=\"elementor-widget-container\">\n\t\t\t\t\t\t\t\t\t<h1><span class=\"fontstyle0\">Parler de la dyslexie \u00e0 votre enfant<\/span><\/h1><p><span class=\"fontstyle2\">En aidant votre enfant \u00e0 comprendre la dyslexie, vous l&rsquo;aiderez \u00e0 accepter ses diff\u00e9rences et \u00e0 mieux se d\u00e9fendre. Vous pouvez lui expliquer la dyslexie de la mani\u00e8re suivante : <\/span><\/p><h2><span class=\"fontstyle2\">La dyslexie est<\/span><\/h2><p><span class=\"fontstyle2\">\u2022 <strong>tr\u00e8s courante <\/strong>: vous n&rsquo;\u00eates pas le seul dans votre classe\/\u00e9cole\/quartier \u00e0 \u00eatre dans cette situation ;<\/span><\/p><p><span class=\"fontstyle2\">\u2022 <strong>n&rsquo;est pas li\u00e9e \u00e0 l&rsquo;intelligence <\/strong>: le fait d&rsquo;\u00eatre dyslexique ne signifie pas que l&rsquo;on n&rsquo;est pas intelligent ;<\/span><\/p><p><span class=\"fontstyle2\">\u2022 <strong>pas de votre faute <\/strong>: vous n&rsquo;avez rien fait de mal ;<\/span><\/p><p><span class=\"fontstyle2\">\u2022 <strong>ne va pas limiter vos choix <\/strong>: vous pouvez r\u00e9ussir dans tout ce que vous choisissez de faire. <\/span><\/p>\t\t\t\t\t\t\t\t<\/div>\n\t\t\t\t<\/div>\n\t\t\t\t\t<\/div>\n\t\t\t\t<\/div>\n\t\t\t\t<\/div>\n\t\t","protected":false},"excerpt":{"rendered":"<p>Parler de la dyslexie \u00e0 votre enfant En aidant votre enfant \u00e0 comprendre la dyslexie, vous l&rsquo;aiderez \u00e0 accepter ses diff\u00e9rences et \u00e0 mieux se d\u00e9fendre. Vous pouvez lui expliquer [&hellip;]<\/p>\n","protected":false},"author":7,"featured_media":0,"parent":2656,"menu_order":0,"comment_status":"closed","ping_status":"closed","template":"elementor_theme","meta":{"footnotes":""},"class_list":["post-2654","page","type-page","status-publish","hentry"],"_links":{"self":[{"href":"https:\/\/dyslexiacanada.org\/fr\/wp-json\/wp\/v2\/pages\/2654","targetHints":{"allow":["GET"]}}],"collection":[{"href":"https:\/\/dyslexiacanada.org\/fr\/wp-json\/wp\/v2\/pages"}],"about":[{"href":"https:\/\/dyslexiacanada.org\/fr\/wp-json\/wp\/v2\/types\/page"}],"author":[{"embeddable":true,"href":"https:\/\/dyslexiacanada.org\/fr\/wp-json\/wp\/v2\/users\/7"}],"replies":[{"embeddable":true,"href":"https:\/\/dyslexiacanada.org\/fr\/wp-json\/wp\/v2\/comments?post=2654"}],"version-history":[{"count":4,"href":"https:\/\/dyslexiacanada.org\/fr\/wp-json\/wp\/v2\/pages\/2654\/revisions"}],"predecessor-version":[{"id":6162,"href":"https:\/\/dyslexiacanada.org\/fr\/wp-json\/wp\/v2\/pages\/2654\/revisions\/6162"}],"up":[{"embeddable":true,"href":"https:\/\/dyslexiacanada.org\/fr\/wp-json\/wp\/v2\/pages\/2656"}],"wp:attachment":[{"href":"https:\/\/dyslexiacanada.org\/fr\/wp-json\/wp\/v2\/media?parent=2654"}],"curies":[{"name":"wp","href":"https:\/\/api.w.org\/{rel}","templated":true}]}}